{"id":1217,"date":"2026-02-24T08:03:00","date_gmt":"2026-02-24T08:03:00","guid":{"rendered":"https:\/\/zenavietnam.com\/?page_id=1217"},"modified":"2026-03-25T04:53:57","modified_gmt":"2026-03-25T04:53:57","slug":"dieu-khoan-su-dung","status":"publish","type":"page","link":"https:\/\/zenavietnam.com\/en\/dieu-khoan-su-dung\/","title":{"rendered":"\u0110i\u1ec1u Kho\u1ea3n S\u1eed D\u1ee5ng"},"content":{"rendered":"<section class=\"section\" id=\"section_686952318\">\n\t\t<div class=\"section-bg fill\" >\n\t\t\t\t\t\t\t\t\t\n\t\t\t\n\n\t\t<\/div>\n\n\t\t\n\n\t\t<div class=\"section-content relative\">\n\t\t\t\n\n<div class=\"row\"  id=\"row-1941565966\">\n\n\n\t<div id=\"col-1822979159\" class=\"col small-12 large-12\"  >\n\t\t\t\t<div class=\"col-inner\"  >\n\t\t\t\n\t\t\t\n\n\t<div id=\"text-4163297606\" class=\"text\">\n\t\t\n\n<h1 style=\"text-align: center;\" data-start=\"548\" data-end=\"589\"><strong><span style=\"color: #ed1c24;\">\u0110I\u1ec0U KHO\u1ea2N S\u1eec D\u1ee4NG D\u1ecaCH V\u1ee4 ZENA<\/span><\/strong><\/h1>\n<p data-start=\"591\" data-end=\"799\">\u0110i\u1ec1u Kho\u1ea3n n\u00e0y quy \u0111\u1ecbnh vi\u1ec7c truy c\u1eadp, \u0111\u0103ng k\u00fd v\u00e0 s\u1eed d\u1ee5ng d\u1ecbch v\u1ee5 th\u00f4ng qua website <a class=\"decorated-link cursor-pointer\" target=\"_new\" rel=\"noopener\" data-start=\"675\" data-end=\"700\">https:\/\/zenavietnam.com\/<\/a> (ho\u1eb7c t\u00ean mi\u1ec1n\/URL thay th\u1ebf do Zena c\u00f4ng b\u1ed1 t\u1ea1i t\u1eebng th\u1eddi \u0111i\u1ec3m), sau \u0111\u00e2y g\u1ecdi l\u00e0 \u201cD\u1ecbch v\u1ee5\u201d.<\/p>\n<p data-start=\"801\" data-end=\"917\">\u0110i\u1ec1u Kho\u1ea3n n\u00e0y \u00e1p d\u1ee5ng cho m\u1ecdi c\u00e1 nh\u00e2n\/t\u1ed5 ch\u1ee9c \u0111\u0103ng k\u00fd v\u00e0\/ho\u1eb7c s\u1eed d\u1ee5ng D\u1ecbch v\u1ee5 (g\u1ecdi chung l\u00e0 \u201cNg\u01b0\u1eddi d\u00f9ng\u201d), bao g\u1ed3m:<\/p>\n<ul data-start=\"919\" data-end=\"1034\">\n<li data-start=\"919\" data-end=\"955\">\n<p data-start=\"921\" data-end=\"955\"><strong data-start=\"921\" data-end=\"935\">Kh\u00e1ch h\u00e0ng<\/strong> (ng\u01b0\u1eddi \u0111\u1eb7t d\u1ecbch v\u1ee5)<\/p>\n<\/li>\n<li data-start=\"956\" data-end=\"1034\">\n<p data-start=\"958\" data-end=\"1034\"><strong data-start=\"958\" data-end=\"974\">Nh\u00e0 cung c\u1ea5p<\/strong> (k\u1ef9 thu\u1eadt vi\u00ean massage, PT, yoga, nails, makeup, c\u1eaft t\u00f3c\u2026).<\/p>\n<\/li>\n<\/ul>\n<p data-start=\"1036\" data-end=\"1226\">Zena c\u00f3 quy\u1ec1n s\u1eeda \u0111\u1ed5i, c\u1eadp nh\u1eadt \u0110i\u1ec1u Kho\u1ea3n n\u00e0y khi c\u1ea7n thi\u1ebft. Vi\u1ec7c Ng\u01b0\u1eddi d\u00f9ng ti\u1ebfp t\u1ee5c s\u1eed d\u1ee5ng D\u1ecbch v\u1ee5 sau th\u1eddi \u0111i\u1ec3m c\u00f3 hi\u1ec7u l\u1ef1c \u0111\u1ed3ng ngh\u0129a v\u1edbi vi\u1ec7c \u0111\u00e3 \u0111\u1ed3ng \u00fd v\u1edbi phi\u00ean b\u1ea3n m\u1edbi nh\u1ea5t.<\/p>\n<hr data-start=\"1228\" data-end=\"1231\" \/>\n<h1 data-start=\"1233\" data-end=\"1263\">PH\u1ea6N I: D\u1ecaCH V\u1ee4 ZENA<\/h1>\n<h2 data-start=\"1265\" data-end=\"1291\">1. Gi\u1ea3i th\u00edch thu\u1eadt ng\u1eef<\/h2>\n<p data-start=\"1293\" data-end=\"1402\">\u201cD\u1ecbch v\u1ee5\u201d: N\u1ec1n t\u1ea3ng trung gian k\u1ebft n\u1ed1i ng\u01b0\u1eddi c\u00f3 nhu c\u1ea7u ch\u0103m s\u00f3c s\u1ee9c kh\u1ecfe &amp; l\u00e0m \u0111\u1eb9p t\u1ea1i nh\u00e0 v\u1edbi Nh\u00e0 cung c\u1ea5p.<\/p>\n<p data-start=\"1404\" data-end=\"1466\">\u201cN\u1ec1n t\u1ea3ng\u201d: Website\/app thu\u1ed9c quy\u1ec1n v\u1eadn h\u00e0nh c\u1ee7a Zena.<\/p>\n<p data-start=\"1468\" data-end=\"1549\">\u201cKh\u00e1ch h\u00e0ng\u201d: Ng\u01b0\u1eddi s\u1eed d\u1ee5ng N\u1ec1n t\u1ea3ng \u0111\u1ec3 t\u00ecm ki\u1ebfm, \u0111\u1eb7t l\u1ecbch v\u00e0 thanh to\u00e1n d\u1ecbch v\u1ee5.<\/p>\n<p data-start=\"1551\" data-end=\"1621\">\u201cNh\u00e0 cung c\u1ea5p\u201d: C\u00e1 nh\u00e2n\/t\u1ed5 ch\u1ee9c \u0111\u0103ng k\u00fd cung c\u1ea5p d\u1ecbch v\u1ee5 qua N\u1ec1n t\u1ea3ng.<\/p>\n<p data-start=\"1623\" data-end=\"1687\">\u201cPh\u00ed n\u1ec1n t\u1ea3ng\u201d: Kho\u1ea3n ph\u00ed Zena thu \u0111\u1ec3 v\u1eadn h\u00e0nh h\u1ec7 th\u1ed1ng.<\/p>\n<p data-start=\"1689\" data-end=\"1728\">\u201cGi\u1edd h\u1ed7 tr\u1ee3\u201d: 8:00\u201323:00 (tr\u1eeb ng\u00e0y l\u1ec5).<\/p>\n<hr data-start=\"1730\" data-end=\"1733\" \/>\n<h2 data-start=\"1735\" data-end=\"1764\">2. Ph\u1ea1m vi s\u1eed d\u1ee5ng D\u1ecbch v\u1ee5<\/h2>\n<h3 data-start=\"1766\" data-end=\"1793\">2.1. \u0110\u1ed1i v\u1edbi Kh\u00e1ch h\u00e0ng<\/h3>\n<p data-start=\"1795\" data-end=\"1813\">Kh\u00e1ch h\u00e0ng c\u00f3 th\u1ec3:<\/p>\n<ul data-start=\"1815\" data-end=\"1964\">\n<li data-start=\"1815\" data-end=\"1830\">\n<p data-start=\"1817\" data-end=\"1830\">T\u1ea1o t\u00e0i kho\u1ea3n<\/p>\n<\/li>\n<li data-start=\"1831\" data-end=\"1866\">\n<p data-start=\"1833\" data-end=\"1866\">L\u1ef1a ch\u1ecdn d\u1ecbch v\u1ee5 v\u00e0 k\u1ef9 thu\u1eadt vi\u00ean<\/p>\n<\/li>\n<li data-start=\"1867\" data-end=\"1900\">\n<p data-start=\"1869\" data-end=\"1900\">\u0110\u1eb7t l\u1ecbch t\u1ea1i \u0111\u1ecba \u0111i\u1ec3m mong mu\u1ed1n<\/p>\n<\/li>\n<li data-start=\"1901\" data-end=\"1926\">\n<p data-start=\"1903\" data-end=\"1926\">Thanh to\u00e1n qua h\u1ec7 th\u1ed1ng<\/p>\n<\/li>\n<li data-start=\"1927\" data-end=\"1964\">\n<p data-start=\"1929\" data-end=\"1964\">\u0110\u00e1nh gi\u00e1 d\u1ecbch v\u1ee5 sau khi ho\u00e0n th\u00e0nh<\/p>\n<\/li>\n<\/ul>\n<p data-start=\"1966\" data-end=\"1992\">Kh\u00e1ch h\u00e0ng c\u00f3 tr\u00e1ch nhi\u1ec7m:<\/p>\n<ul data-start=\"1994\" data-end=\"2107\">\n<li data-start=\"1994\" data-end=\"2022\">\n<p data-start=\"1996\" data-end=\"2022\">Cung c\u1ea5p \u0111\u1ecba ch\u1ec9 ch\u00ednh x\u00e1c<\/p>\n<\/li>\n<li data-start=\"2023\" data-end=\"2068\">\n<p data-start=\"2025\" data-end=\"2068\">\u0110\u1ea3m b\u1ea3o m\u00f4i tr\u01b0\u1eddng an to\u00e0n cho Nh\u00e0 cung c\u1ea5p<\/p>\n<\/li>\n<li data-start=\"2069\" data-end=\"2107\">\n<p data-start=\"2071\" data-end=\"2107\">Kh\u00f4ng y\u00eau c\u1ea7u d\u1ecbch v\u1ee5 tr\u00e1i ph\u00e1p lu\u1eadt<\/p>\n<\/li>\n<\/ul>\n<hr data-start=\"2109\" data-end=\"2112\" \/>\n<h3 data-start=\"2114\" data-end=\"2143\">2.2. \u0110\u1ed1i v\u1edbi Nh\u00e0 cung c\u1ea5p<\/h3>\n<p data-start=\"2145\" data-end=\"2163\">Nh\u00e0 cung c\u1ea5p ph\u1ea3i:<\/p>\n<ul data-start=\"2165\" data-end=\"2314\">\n<li data-start=\"2165\" data-end=\"2195\">\n<p data-start=\"2167\" data-end=\"2195\">Cung c\u1ea5p th\u00f4ng tin ch\u00ednh x\u00e1c<\/p>\n<\/li>\n<li data-start=\"2196\" data-end=\"2242\">\n<p data-start=\"2198\" data-end=\"2242\">C\u00f3 k\u1ef9 n\u0103ng\/ch\u1ee9ng ch\u1ec9 (n\u1ebfu ph\u00e1p lu\u1eadt y\u00eau c\u1ea7u)<\/p>\n<\/li>\n<li data-start=\"2243\" data-end=\"2273\">\n<p data-start=\"2245\" data-end=\"2273\">Tu\u00e2n th\u1ee7 quy t\u1eafc ngh\u1ec1 nghi\u1ec7p<\/p>\n<\/li>\n<li data-start=\"2274\" data-end=\"2314\">\n<p data-start=\"2276\" data-end=\"2314\">Kh\u00f4ng th\u1ef1c hi\u1ec7n d\u1ecbch v\u1ee5 tr\u00e1i ph\u00e1p lu\u1eadt<\/p>\n<\/li>\n<\/ul>\n<p data-start=\"2316\" data-end=\"2338\">Zena c\u00f3 quy\u1ec1n:<\/p>\n<ul data-start=\"2340\" data-end=\"2412\">\n<li data-start=\"2340\" data-end=\"2356\">\n<p data-start=\"2342\" data-end=\"2356\">X\u00e1c minh h\u1ed3 s\u01a1<\/p>\n<\/li>\n<li data-start=\"2357\" data-end=\"2386\">\n<p data-start=\"2359\" data-end=\"2386\">T\u1eeb ch\u1ed1i ho\u1eb7c kh\u00f3a t\u00e0i kho\u1ea3n<\/p>\n<\/li>\n<li data-start=\"2387\" data-end=\"2412\">\n<p data-start=\"2389\" data-end=\"2412\">Y\u00eau c\u1ea7u b\u1ed5 sung gi\u1ea5y t\u1edd<\/p>\n<\/li>\n<\/ul>\n<hr data-start=\"2414\" data-end=\"2417\" \/>\n<h2 data-start=\"2419\" data-end=\"2460\">3. Zena l\u00e0 n\u1ec1n t\u1ea3ng trung gian<\/h2>\n<p data-start=\"2462\" data-end=\"2554\">Zena l\u00e0 \u0111\u01a1n v\u1ecb v\u1eadn h\u00e0nh N\u1ec1n t\u1ea3ng k\u1ebft n\u1ed1i \u2013 \u0111\u1eb7t l\u1ecbch \u2013 thanh to\u00e1n \u2013 h\u1ed7 tr\u1ee3 khi\u1ebfu n\u1ea1i.<\/p>\n<p data-start=\"2556\" data-end=\"2643\"><strong data-start=\"2569\" data-end=\"2614\">Zena kh\u00f4ng tr\u1ef1c ti\u1ebfp cung c\u1ea5p d\u1ecbch v\u1ee5 ch\u0103m s\u00f3c<\/strong>, tr\u1eeb khi c\u00f3 th\u1ecfa thu\u1eadn kh\u00e1c.<\/p>\n<hr data-start=\"2645\" data-end=\"2648\" \/>\n<h2 data-start=\"2650\" data-end=\"2681\">4. M\u00f4 h\u00ecnh ph\u00ed v\u00e0 thanh to\u00e1n<\/h2>\n<h3 data-start=\"2683\" data-end=\"2702\">4.1. Thanh to\u00e1n<\/h3>\n<p data-start=\"2704\" data-end=\"2755\">Kh\u00e1ch h\u00e0ng thanh to\u00e1n 100% ph\u00ed d\u1ecbch v\u1ee5 \u0111\u1ec3 gi\u1eef l\u1ecbch.<\/p>\n<p data-start=\"2757\" data-end=\"2802\">Zena gi\u1eef ti\u1ec1n trung gian cho \u0111\u1ebfn khi:<\/p>\n<ul data-start=\"2804\" data-end=\"2852\">\n<li data-start=\"2804\" data-end=\"2824\">\n<p data-start=\"2806\" data-end=\"2824\">D\u1ecbch v\u1ee5 ho\u00e0n th\u00e0nh<\/p>\n<\/li>\n<li data-start=\"2825\" data-end=\"2852\">\n<p data-start=\"2827\" data-end=\"2852\">Kh\u00f4ng c\u00f3 khi\u1ebfu n\u1ea1i h\u1ee3p l\u1ec7<\/p>\n<\/li>\n<\/ul>\n<p data-start=\"2854\" data-end=\"2897\">Sau \u0111\u00f3 h\u1ec7 th\u1ed1ng gi\u1ea3i ng\u00e2n cho Nh\u00e0 cung c\u1ea5p.<\/p>\n<hr data-start=\"2899\" data-end=\"2902\" \/>\n<h3 data-start=\"2904\" data-end=\"2925\">4.2. Ph\u00ed n\u1ec1n t\u1ea3ng<\/h3>\n<p data-start=\"2927\" data-end=\"3011\">Zena thu ph\u00ed n\u1ec1n t\u1ea3ng (d\u1ef1 ki\u1ebfn 10%\u201320% ho\u1eb7c m\u1ee9c c\u00f4ng b\u1ed1 t\u1ea1i t\u1eebng th\u1eddi \u0111i\u1ec3m).<\/p>\n<hr data-start=\"3013\" data-end=\"3016\" \/>\n<h2 data-start=\"3018\" data-end=\"3038\">5. H\u00e0nh vi b\u1ecb c\u1ea5m<\/h2>\n<p data-start=\"3040\" data-end=\"3062\">Ng\u01b0\u1eddi d\u00f9ng kh\u00f4ng \u0111\u01b0\u1ee3c:<\/p>\n<ul data-start=\"3064\" data-end=\"3202\">\n<li data-start=\"3064\" data-end=\"3100\">\n<p data-start=\"3066\" data-end=\"3100\">Giao d\u1ecbch tr\u1ef1c ti\u1ebfp ngo\u00e0i h\u1ec7 th\u1ed1ng<\/p>\n<\/li>\n<li data-start=\"3101\" data-end=\"3135\">\n<p data-start=\"3103\" data-end=\"3135\">Th\u1ef1c hi\u1ec7n d\u1ecbch v\u1ee5 tr\u00e1i ph\u00e1p lu\u1eadt<\/p>\n<\/li>\n<li data-start=\"3136\" data-end=\"3169\">\n<p data-start=\"3138\" data-end=\"3169\">Y\u00eau c\u1ea7u d\u1ecbch v\u1ee5 kh\u00f4ng l\u00e0nh m\u1ea1nh<\/p>\n<\/li>\n<li data-start=\"3170\" data-end=\"3191\">\n<p data-start=\"3172\" data-end=\"3191\">Gian l\u1eadn thanh to\u00e1n<\/p>\n<\/li>\n<li data-start=\"3192\" data-end=\"3202\">\n<p data-start=\"3194\" data-end=\"3202\">M\u1ea1o danh<\/p>\n<\/li>\n<\/ul>\n<p data-start=\"3204\" data-end=\"3226\">Zena c\u00f3 quy\u1ec1n:<\/p>\n<ul data-start=\"3228\" data-end=\"3296\">\n<li data-start=\"3228\" data-end=\"3244\">\n<p data-start=\"3230\" data-end=\"3244\">Kh\u00f3a t\u00e0i kho\u1ea3n<\/p>\n<\/li>\n<li data-start=\"3245\" data-end=\"3254\">\n<p data-start=\"3247\" data-end=\"3254\">H\u1ee7y \u0111\u01a1n<\/p>\n<\/li>\n<li data-start=\"3255\" data-end=\"3275\">\n<p data-start=\"3257\" data-end=\"3275\">T\u1ea1m gi\u1eef thanh to\u00e1n<\/p>\n<\/li>\n<li data-start=\"3276\" data-end=\"3296\">\n<p data-start=\"3278\" data-end=\"3296\">Y\u00eau c\u1ea7u b\u1ed3i th\u01b0\u1eddng<\/p>\n<\/li>\n<\/ul>\n<hr data-start=\"3298\" data-end=\"3301\" \/>\n<h1 data-start=\"3303\" data-end=\"3342\">PH\u1ea6N II: GIAO K\u1ebeT &amp; TH\u1ef0C HI\u1ec6N D\u1ecaCH V\u1ee4<\/h1>\n<h2 data-start=\"3344\" data-end=\"3371\">6. Quy tr\u00ecnh \u0111\u1eb7t d\u1ecbch v\u1ee5<\/h2>\n<ol data-start=\"3373\" data-end=\"3539\">\n<li data-start=\"3373\" data-end=\"3424\">\n<p data-start=\"3376\" data-end=\"3424\">Kh\u00e1ch h\u00e0ng ch\u1ecdn d\u1ecbch v\u1ee5 \u2013 th\u1eddi gian \u2013 \u0111\u1ecba \u0111i\u1ec3m<\/p>\n<\/li>\n<li data-start=\"3425\" data-end=\"3440\">\n<p data-start=\"3428\" data-end=\"3440\">Thanh to\u00e1n<\/p>\n<\/li>\n<li data-start=\"3441\" data-end=\"3467\">\n<p data-start=\"3444\" data-end=\"3467\">Zena x\u00e1c nh\u1eadn<\/p>\n<\/li>\n<li data-start=\"3468\" data-end=\"3503\">\n<p data-start=\"3471\" data-end=\"3503\">Nh\u00e0 cung c\u1ea5p th\u1ef1c hi\u1ec7n d\u1ecbch v\u1ee5<\/p>\n<\/li>\n<li data-start=\"3504\" data-end=\"3539\">\n<p data-start=\"3507\" data-end=\"3539\">Kh\u00e1ch h\u00e0ng x\u00e1c nh\u1eadn ho\u00e0n th\u00e0nh<\/p>\n<\/li>\n<\/ol>\n<hr data-start=\"3541\" data-end=\"3544\" \/>\n<h2 data-start=\"3546\" data-end=\"3567\">7. \u0110i\u1ec1u ch\u1ec9nh l\u1ecbch<\/h2>\n<ul data-start=\"3569\" data-end=\"3671\">\n<li data-start=\"3569\" data-end=\"3614\">\n<p data-start=\"3571\" data-end=\"3614\">Th\u00f4ng b\u00e1o t\u1ed1i thi\u1ec3u 24\u201348 gi\u1edd tr\u01b0\u1edbc gi\u1edd h\u1eb9n<\/p>\n<\/li>\n<li data-start=\"3615\" data-end=\"3671\">\n<p data-start=\"3617\" data-end=\"3671\">M\u1ed7i \u0111\u01a1n \u0111\u01b0\u1ee3c \u0111\u1ed5i l\u1ecbch 01 l\u1ea7n (tr\u1eeb khi th\u1ecfa thu\u1eadn kh\u00e1c)<\/p>\n<\/li>\n<\/ul>\n<hr data-start=\"3673\" data-end=\"3676\" \/>\n<h2 data-start=\"3678\" data-end=\"3704\">8. H\u1ee7y \u0111\u01a1n v\u00e0 ho\u00e0n ti\u1ec1n<\/h2>\n<h3 data-start=\"3706\" data-end=\"3729\">8.1. Kh\u00e1ch h\u00e0ng h\u1ee7y<\/h3>\n<ul data-start=\"3731\" data-end=\"3805\">\n<li data-start=\"3731\" data-end=\"3759\">\n<p data-start=\"3733\" data-end=\"3759\">Tr\u01b0\u1edbc 24\u201348 gi\u1edd: ho\u00e0n ti\u1ec1n<\/p>\n<\/li>\n<li data-start=\"3760\" data-end=\"3805\">\n<p data-start=\"3762\" data-end=\"3805\">Sau th\u1eddi h\u1ea1n: kh\u00f4ng ho\u00e0n ho\u1eb7c ho\u00e0n m\u1ed9t ph\u1ea7n<\/p>\n<\/li>\n<\/ul>\n<h3 data-start=\"3807\" data-end=\"3832\">8.2. Nh\u00e0 cung c\u1ea5p h\u1ee7y<\/h3>\n<p data-start=\"3834\" data-end=\"3865\">Kh\u00e1ch h\u00e0ng \u0111\u01b0\u1ee3c ho\u00e0n ti\u1ec1n 100%.<\/p>\n<hr data-start=\"3867\" data-end=\"3870\" \/>\n<h2 data-start=\"3872\" data-end=\"3906\">9. Ti\u00eau chu\u1ea9n th\u1ef1c hi\u1ec7n d\u1ecbch v\u1ee5<\/h2>\n<p data-start=\"3908\" data-end=\"3926\">Nh\u00e0 cung c\u1ea5p ph\u1ea3i:<\/p>\n<ul data-start=\"3928\" data-end=\"4027\">\n<li data-start=\"3928\" data-end=\"3942\">\n<p data-start=\"3930\" data-end=\"3942\">\u0110\u1ebfn \u0111\u00fang gi\u1edd<\/p>\n<\/li>\n<li data-start=\"3943\" data-end=\"3975\">\n<p data-start=\"3945\" data-end=\"3975\">Th\u1ef1c hi\u1ec7n \u0111\u00fang ph\u1ea1m vi d\u1ecbch v\u1ee5<\/p>\n<\/li>\n<li data-start=\"3976\" data-end=\"4004\">\n<p data-start=\"3978\" data-end=\"4004\">Tu\u00e2n th\u1ee7 v\u1ec7 sinh &amp; an to\u00e0n<\/p>\n<\/li>\n<li data-start=\"4005\" data-end=\"4027\">\n<p data-start=\"4007\" data-end=\"4027\">\u1ee8ng x\u1eed chuy\u00ean nghi\u1ec7p<\/p>\n<\/li>\n<\/ul>\n<p data-start=\"4029\" data-end=\"4045\">Kh\u00e1ch h\u00e0ng ph\u1ea3i:<\/p>\n<ul data-start=\"4047\" data-end=\"4104\">\n<li data-start=\"4047\" data-end=\"4076\">\n<p data-start=\"4049\" data-end=\"4076\">Cung c\u1ea5p kh\u00f4ng gian ph\u00f9 h\u1ee3p<\/p>\n<\/li>\n<li data-start=\"4077\" data-end=\"4104\">\n<p data-start=\"4079\" data-end=\"4104\">Kh\u00f4ng c\u00f3 h\u00e0nh vi qu\u1ea5y r\u1ed1i<\/p>\n<\/li>\n<\/ul>\n<hr data-start=\"4106\" data-end=\"4109\" \/>\n<h2 data-start=\"4111\" data-end=\"4141\">10. C\u1ea5m giao d\u1ecbch tr\u1ef1c ti\u1ebfp<\/h2>\n<p data-start=\"4143\" data-end=\"4273\">Kh\u00e1ch h\u00e0ng v\u00e0 Nh\u00e0 cung c\u1ea5p kh\u00f4ng \u0111\u01b0\u1ee3c giao d\u1ecbch ngo\u00e0i h\u1ec7 th\u1ed1ng \u0111\u1ed1i v\u1edbi kh\u00e1ch h\u00e0ng t\u00ecm th\u1ea5y qua Zena trong th\u1eddi h\u1ea1n 02 n\u0103m.<\/p>\n<p data-start=\"4275\" data-end=\"4293\">Vi ph\u1ea1m c\u00f3 th\u1ec3 b\u1ecb:<\/p>\n<ul data-start=\"4295\" data-end=\"4356\">\n<li data-start=\"4295\" data-end=\"4316\">\n<p data-start=\"4297\" data-end=\"4316\">Ph\u1ea1t 10.000.000 VN\u0110<\/p>\n<\/li>\n<li data-start=\"4317\" data-end=\"4333\">\n<p data-start=\"4319\" data-end=\"4333\">Kh\u00f3a t\u00e0i kho\u1ea3n<\/p>\n<\/li>\n<li data-start=\"4334\" data-end=\"4356\">\n<p data-start=\"4336\" data-end=\"4356\">B\u1ed3i th\u01b0\u1eddng thi\u1ec7t h\u1ea1i<\/p>\n<\/li>\n<\/ul>\n<hr data-start=\"4358\" data-end=\"4361\" \/>\n<h1 data-start=\"4363\" data-end=\"4391\">PH\u1ea6N III: \u0110I\u1ec0U KHO\u1ea2N CHUNG<\/h1>\n<h2 data-start=\"4393\" data-end=\"4415\">11. D\u1eef li\u1ec7u c\u00e1 nh\u00e2n<\/h2>\n<p data-start=\"4417\" data-end=\"4468\">Zena x\u1eed l\u00fd d\u1eef li\u1ec7u theo Ch\u00ednh s\u00e1ch b\u1ea3o m\u1eadt.<\/p>\n<hr data-start=\"4470\" data-end=\"4473\" \/>\n<h2 data-start=\"4475\" data-end=\"4502\">12. Mi\u1ec5n tr\u1eeb tr\u00e1ch nhi\u1ec7m<\/h2>\n<p data-start=\"4504\" data-end=\"4544\">Zena kh\u00f4ng ch\u1ecbu tr\u00e1ch nhi\u1ec7m cho:<\/p>\n<ul data-start=\"4546\" data-end=\"4655\">\n<li data-start=\"4546\" data-end=\"4588\">\n<p data-start=\"4548\" data-end=\"4588\">H\u00e0nh vi vi ph\u1ea1m ph\u00e1p lu\u1eadt c\u1ee7a Ng\u01b0\u1eddi d\u00f9ng<\/p>\n<\/li>\n<li data-start=\"4589\" data-end=\"4631\">\n<p data-start=\"4591\" data-end=\"4631\">Thi\u1ec7t h\u1ea1i ngo\u00e0i ph\u1ea1m vi ki\u1ec3m so\u00e1t h\u1ee3p l\u00fd<\/p>\n<\/li>\n<li data-start=\"4632\" data-end=\"4655\">\n<p data-start=\"4634\" data-end=\"4655\">S\u1ef1 ki\u1ec7n b\u1ea5t kh\u1ea3 kh\u00e1ng<\/p>\n<\/li>\n<\/ul>\n<p data-start=\"4657\" data-end=\"4751\">Tr\u00e1ch nhi\u1ec7m (n\u1ebfu c\u00f3) \u0111\u01b0\u1ee3c gi\u1edbi h\u1ea1n trong ph\u1ea1m vi ph\u00ed n\u1ec1n t\u1ea3ng thu \u0111\u01b0\u1ee3c t\u1eeb giao d\u1ecbch li\u00ean quan.<\/p>\n<hr data-start=\"4753\" data-end=\"4756\" \/>\n<h2 data-start=\"4758\" data-end=\"4786\">13. Gi\u1ea3i quy\u1ebft tranh ch\u1ea5p<\/h2>\n<p data-start=\"4788\" data-end=\"4895\">\u01afu ti\u00ean th\u01b0\u01a1ng l\u01b0\u1ee3ng. N\u1ebfu kh\u00f4ng \u0111\u1ea1t \u0111\u01b0\u1ee3c th\u1ecfa thu\u1eadn, tranh ch\u1ea5p s\u1ebd \u0111\u01b0\u1ee3c gi\u1ea3i quy\u1ebft theo ph\u00e1p lu\u1eadt Vi\u1ec7t Nam.<\/p>\n<hr data-start=\"4897\" data-end=\"4900\" \/>\n<h2 data-start=\"4902\" data-end=\"4926\">14. Th\u00f4ng tin li\u00ean h\u1ec7<\/h2>\n<p data-start=\"4928\" data-end=\"4985\">Email: <a class=\"decorated-link cursor-pointer\" rel=\"noopener\" data-start=\"4935\" data-end=\"4956\">cskh@zenavietnam.com<\/a><\/p>\n\t\t\n<style>\n#text-4163297606 {\n  color: rgb(73, 73, 73);\n}\n#text-4163297606 > * {\n  color: rgb(73, 73, 73);\n}\n<\/style>\n\t<\/div>\n\t\n\n\t\t<\/div>\n\t\t\t\t\t<\/div>\n\n\t\n\n\n<style>\n#row-1941565966 > .col > .col-inner {\n  padding: 20px 0px 0px 0px;\n}\n<\/style>\n<\/div>\n\n\t\t<\/div>\n\n\t\t\n<style>\n#section_686952318 {\n  padding-top: 30px;\n  padding-bottom: 30px;\n}\n<\/style>\n\t<\/section>","protected":false},"excerpt":{"rendered":"","protected":false},"author":1,"featured_media":0,"parent":0,"menu_order":0,"comment_status":"closed","ping_status":"closed","template":"","meta":{"_acf_changed":false,"footnotes":""},"class_list":["post-1217","page","type-page","status-publish","hentry"],"acf":[],"_hostinger_reach_plugin_has_subscription_block":false,"_hostinger_reach_plugin_is_elementor":false,"_links":{"self":[{"href":"https:\/\/zenavietnam.com\/en\/wp-json\/wp\/v2\/pages\/1217","targetHints":{"allow":["GET"]}}],"collection":[{"href":"https:\/\/zenavietnam.com\/en\/wp-json\/wp\/v2\/pages"}],"about":[{"href":"https:\/\/zenavietnam.com\/en\/wp-json\/wp\/v2\/types\/page"}],"author":[{"embeddable":true,"href":"https:\/\/zenavietnam.com\/en\/wp-json\/wp\/v2\/users\/1"}],"replies":[{"embeddable":true,"href":"https:\/\/zenavietnam.com\/en\/wp-json\/wp\/v2\/comments?post=1217"}],"version-history":[{"count":0,"href":"https:\/\/zenavietnam.com\/en\/wp-json\/wp\/v2\/pages\/1217\/revisions"}],"wp:attachment":[{"href":"https:\/\/zenavietnam.com\/en\/wp-json\/wp\/v2\/media?parent=1217"}],"curies":[{"name":"wp","href":"https:\/\/api.w.org\/{rel}","templated":true}]}}