{"id":1719,"date":"2026-02-26T02:59:44","date_gmt":"2026-02-26T02:59:44","guid":{"rendered":"https:\/\/zenavietnam.com\/?page_id=1719"},"modified":"2026-03-01T07:06:09","modified_gmt":"2026-03-01T07:06:09","slug":"yoga-thien","status":"publish","type":"page","link":"https:\/\/zenavietnam.com\/en\/yoga-thien\/","title":{"rendered":"Yoga &#038; Thi\u1ec1n"},"content":{"rendered":"\n\n\n\n\t<section class=\"section\" id=\"section_1036840735\">\n\t\t<div class=\"section-bg fill\" >\n\t\t\t\t\t\t\t\t\t\n\t\t\t\n\n\t\t<\/div>\n\n\t\t\n\n\t\t<div class=\"section-content relative\">\n\t\t\t\n\n<div class=\"container section-title-container\" ><h1 class=\"section-title section-title-center\"><b aria-hidden=\"true\"><\/b><span class=\"section-title-main\" style=\"color:#ba1d51;\"><i class=\"icon-heart\" aria-hidden=\"true\"><\/i>Yoga &amp; Thi\u1ec1n<\/span><b aria-hidden=\"true\"><\/b><\/h1><\/div>\n\n\n  \n    <div class=\"row large-columns-4 medium-columns-1 small-columns-1\" >\n  <div class=\"col post-item\" >\n\t\t\t<div class=\"col-inner\">\n\t\t\t\t<div class=\"box box-normal box-text-bottom box-blog-post has-hover\">\n            \t\t\t\t\t<div class=\"box-image\" style=\"border-radius:5%;\">\n  \t\t\t\t\t\t<div class=\"image-cover\" style=\"padding-top:56%;\">\n\t\t\t\t\t\t\t<a href=\"https:\/\/zenavietnam.com\/en\/tap-yoga-bao-lau-thi-co-hieu-qua-cau-tra-loi-tu-chuyen-gia\/\" class=\"plain\" aria-label=\"T\u1eadp Yoga Bao L\u00e2u Th\u00ec C\u00f3 Hi\u1ec7u Qu\u1ea3? C\u00e2u Tr\u1ea3 L\u1eddi T\u1eeb Chuy\u00ean Gia\">\n\t\t\t\t\t\t\t\t<img loading=\"lazy\" decoding=\"async\" width=\"267\" height=\"400\" src=\"https:\/\/zenavietnam.com\/wp-content\/uploads\/2026\/03\/7cb85f0099466211e8fc2c629792ce65-267x400.jpg\" class=\"attachment-medium size-medium wp-post-image\" alt=\"\" srcset=\"https:\/\/zenavietnam.com\/wp-content\/uploads\/2026\/03\/7cb85f0099466211e8fc2c629792ce65-267x400.jpg 267w, https:\/\/zenavietnam.com\/wp-content\/uploads\/2026\/03\/7cb85f0099466211e8fc2c629792ce65-500x750.jpg 500w, https:\/\/zenavietnam.com\/wp-content\/uploads\/2026\/03\/7cb85f0099466211e8fc2c629792ce65-533x800.jpg 533w, https:\/\/zenavietnam.com\/wp-content\/uploads\/2026\/03\/7cb85f0099466211e8fc2c629792ce65-8x12.jpg 8w, https:\/\/zenavietnam.com\/wp-content\/uploads\/2026\/03\/7cb85f0099466211e8fc2c629792ce65.jpg 736w\" sizes=\"auto, (max-width: 267px) 100vw, 267px\" \/>\t\t\t\t\t\t\t<\/a>\n  \t\t\t\t\t\t\t  \t\t\t\t\t\t\t  \t\t\t\t\t\t<\/div>\n  \t\t\t\t\t\t  \t\t\t\t\t<\/div>\n          \t\t\t\t\t<div class=\"box-text text-center\" >\n\t\t\t\t\t<div class=\"box-text-inner blog-post-inner\">\n\n\t\t\t\t\t\n\t\t\t\t\t\t\t\t\t\t<h5 class=\"post-title is-large \">\n\t\t\t\t\t\t<a href=\"https:\/\/zenavietnam.com\/en\/tap-yoga-bao-lau-thi-co-hieu-qua-cau-tra-loi-tu-chuyen-gia\/\" class=\"plain\">T\u1eadp Yoga Bao L\u00e2u Th\u00ec C\u00f3 Hi\u1ec7u Qu\u1ea3? C\u00e2u Tr\u1ea3 L\u1eddi T\u1eeb Chuy\u00ean Gia<\/a>\n\t\t\t\t\t<\/h5>\n\t\t\t\t\t\t\t\t\t\t<div class=\"is-divider\"><\/div>\n\t\t\t\t\t\t\t\t\t\t<p class=\"from_the_blog_excerpt \">\n\t\t\t\t\t\tYoga l\u00e0 m\u1ed9t trong nh\u1eefng ph\u01b0\u01a1ng ph\u00e1p t\u1eadp luy\u1ec7n gi\u00fap c\u1ea3i thi\u1ec7n c\u1ea3 s\u1ee9c kh\u1ecfe [...]\t\t\t\t\t<\/p>\n\t\t\t\t\t                    \n\t\t\t\t\t\t\t\t\t\t\t<a href=\"https:\/\/zenavietnam.com\/en\/tap-yoga-bao-lau-thi-co-hieu-qua-cau-tra-loi-tu-chuyen-gia\/\" class=\"button alert is-underline is-small mb-0\">\n\t\t\t\t\t\t\tXem th\u00eam\t\t\t\t\t\t<\/a>\n\t\t\t\t\t\n\t\t\t\t\t\n\t\t\t\t\t<\/div>\n\t\t\t\t\t<\/div>\n\t\t\t\t\t\t\t\t\t\t\t\t\t\t\t\t<div class=\"badge absolute top post-date badge-outline\">\n\t\t\t\t\t\t\t<div class=\"badge-inner\">\n\t\t\t\t\t\t\t\t<span class=\"post-date-day\">06<\/span><br>\n\t\t\t\t\t\t\t\t<span class=\"post-date-month is-xsmall\">Mar<\/span>\n\t\t\t\t\t\t\t<\/div>\n\t\t\t\t\t\t<\/div>\n\t\t\t\t\t\t\t\t\t<\/div>\n\t\t\t<\/div>\n\t\t<\/div><div class=\"col post-item\" >\n\t\t\t<div class=\"col-inner\">\n\t\t\t\t<div class=\"box box-normal box-text-bottom box-blog-post has-hover\">\n            \t\t\t\t\t<div class=\"box-image\" style=\"border-radius:5%;\">\n  \t\t\t\t\t\t<div class=\"image-cover\" style=\"padding-top:56%;\">\n\t\t\t\t\t\t\t<a href=\"https:\/\/zenavietnam.com\/en\/yoga-co-tac-dung-gi-12-loi-ich-tuyet-voi-cho-suc-khoe\/\" class=\"plain\" aria-label=\"Yoga C\u00f3 T\u00e1c D\u1ee5ng G\u00ec? 12 L\u1ee3i \u00cdch Tuy\u1ec7t V\u1eddi Cho S\u1ee9c Kh\u1ecfe\">\n\t\t\t\t\t\t\t\t<img loading=\"lazy\" decoding=\"async\" width=\"225\" height=\"400\" src=\"https:\/\/zenavietnam.com\/wp-content\/uploads\/2026\/03\/a250148e8c45a68db71131cb7093c121-225x400.jpg\" class=\"attachment-medium size-medium wp-post-image\" alt=\"\" srcset=\"https:\/\/zenavietnam.com\/wp-content\/uploads\/2026\/03\/a250148e8c45a68db71131cb7093c121-225x400.jpg 225w, https:\/\/zenavietnam.com\/wp-content\/uploads\/2026\/03\/a250148e8c45a68db71131cb7093c121-500x889.jpg 500w, https:\/\/zenavietnam.com\/wp-content\/uploads\/2026\/03\/a250148e8c45a68db71131cb7093c121-450x800.jpg 450w, https:\/\/zenavietnam.com\/wp-content\/uploads\/2026\/03\/a250148e8c45a68db71131cb7093c121-768x1365.jpg 768w, https:\/\/zenavietnam.com\/wp-content\/uploads\/2026\/03\/a250148e8c45a68db71131cb7093c121-864x1536.jpg 864w, https:\/\/zenavietnam.com\/wp-content\/uploads\/2026\/03\/a250148e8c45a68db71131cb7093c121-7x12.jpg 7w, https:\/\/zenavietnam.com\/wp-content\/uploads\/2026\/03\/a250148e8c45a68db71131cb7093c121.jpg 1142w\" sizes=\"auto, (max-width: 225px) 100vw, 225px\" \/>\t\t\t\t\t\t\t<\/a>\n  \t\t\t\t\t\t\t  \t\t\t\t\t\t\t  \t\t\t\t\t\t<\/div>\n  \t\t\t\t\t\t  \t\t\t\t\t<\/div>\n          \t\t\t\t\t<div class=\"box-text text-center\" >\n\t\t\t\t\t<div class=\"box-text-inner blog-post-inner\">\n\n\t\t\t\t\t\n\t\t\t\t\t\t\t\t\t\t<h5 class=\"post-title is-large \">\n\t\t\t\t\t\t<a href=\"https:\/\/zenavietnam.com\/en\/yoga-co-tac-dung-gi-12-loi-ich-tuyet-voi-cho-suc-khoe\/\" class=\"plain\">Yoga C\u00f3 T\u00e1c D\u1ee5ng G\u00ec? 12 L\u1ee3i \u00cdch Tuy\u1ec7t V\u1eddi Cho S\u1ee9c Kh\u1ecfe<\/a>\n\t\t\t\t\t<\/h5>\n\t\t\t\t\t\t\t\t\t\t<div class=\"is-divider\"><\/div>\n\t\t\t\t\t\t\t\t\t\t<p class=\"from_the_blog_excerpt \">\n\t\t\t\t\t\tYoga l\u00e0 m\u1ed9t ph\u01b0\u01a1ng ph\u00e1p luy\u1ec7n t\u1eadp k\u1ebft h\u1ee3p gi\u1eefa v\u1eadn \u0111\u1ed9ng c\u01a1 th\u1ec3, ki\u1ec3m [...]\t\t\t\t\t<\/p>\n\t\t\t\t\t                    \n\t\t\t\t\t\t\t\t\t\t\t<a href=\"https:\/\/zenavietnam.com\/en\/yoga-co-tac-dung-gi-12-loi-ich-tuyet-voi-cho-suc-khoe\/\" class=\"button alert is-underline is-small mb-0\">\n\t\t\t\t\t\t\tXem th\u00eam\t\t\t\t\t\t<\/a>\n\t\t\t\t\t\n\t\t\t\t\t\n\t\t\t\t\t<\/div>\n\t\t\t\t\t<\/div>\n\t\t\t\t\t\t\t\t\t\t\t\t\t\t\t\t<div class=\"badge absolute top post-date badge-outline\">\n\t\t\t\t\t\t\t<div class=\"badge-inner\">\n\t\t\t\t\t\t\t\t<span class=\"post-date-day\">06<\/span><br>\n\t\t\t\t\t\t\t\t<span class=\"post-date-month is-xsmall\">Mar<\/span>\n\t\t\t\t\t\t\t<\/div>\n\t\t\t\t\t\t<\/div>\n\t\t\t\t\t\t\t\t\t<\/div>\n\t\t\t<\/div>\n\t\t<\/div><div class=\"col post-item\" >\n\t\t\t<div class=\"col-inner\">\n\t\t\t\t<div class=\"box box-normal box-text-bottom box-blog-post has-hover\">\n            \t\t\t\t\t<div class=\"box-image\" style=\"border-radius:5%;\">\n  \t\t\t\t\t\t<div class=\"image-cover\" style=\"padding-top:56%;\">\n\t\t\t\t\t\t\t<a href=\"https:\/\/zenavietnam.com\/en\/burnout-vi-sao-nguoi-tre-dang-tim-den-yoga-nhieu-hon\/\" class=\"plain\" aria-label=\"Burnout \u2013 V\u00ec Sao Ng\u01b0\u1eddi Tr\u1ebb \u0110ang T\u00ecm \u0110\u1ebfn Yoga Nhi\u1ec1u H\u01a1n?\">\n\t\t\t\t\t\t\t\t<img loading=\"lazy\" decoding=\"async\" width=\"600\" height=\"400\" src=\"https:\/\/zenavietnam.com\/wp-content\/uploads\/2026\/03\/ta61aLos5FBXRhGox8zcSB6vpXcW3L4txvdCieW-yr58HMqK9e6LOdwjtH56L6N5cO8xW_a-kzIO8BkIz8U-jMk_YddvCleHaW0svhOoWns-600x400.jpg\" class=\"attachment-medium size-medium wp-post-image\" alt=\"\" srcset=\"https:\/\/zenavietnam.com\/wp-content\/uploads\/2026\/03\/ta61aLos5FBXRhGox8zcSB6vpXcW3L4txvdCieW-yr58HMqK9e6LOdwjtH56L6N5cO8xW_a-kzIO8BkIz8U-jMk_YddvCleHaW0svhOoWns-600x400.jpg 600w, https:\/\/zenavietnam.com\/wp-content\/uploads\/2026\/03\/ta61aLos5FBXRhGox8zcSB6vpXcW3L4txvdCieW-yr58HMqK9e6LOdwjtH56L6N5cO8xW_a-kzIO8BkIz8U-jMk_YddvCleHaW0svhOoWns-500x333.jpg 500w, https:\/\/zenavietnam.com\/wp-content\/uploads\/2026\/03\/ta61aLos5FBXRhGox8zcSB6vpXcW3L4txvdCieW-yr58HMqK9e6LOdwjtH56L6N5cO8xW_a-kzIO8BkIz8U-jMk_YddvCleHaW0svhOoWns-1199x800.jpg 1199w, https:\/\/zenavietnam.com\/wp-content\/uploads\/2026\/03\/ta61aLos5FBXRhGox8zcSB6vpXcW3L4txvdCieW-yr58HMqK9e6LOdwjtH56L6N5cO8xW_a-kzIO8BkIz8U-jMk_YddvCleHaW0svhOoWns-768x512.jpg 768w, https:\/\/zenavietnam.com\/wp-content\/uploads\/2026\/03\/ta61aLos5FBXRhGox8zcSB6vpXcW3L4txvdCieW-yr58HMqK9e6LOdwjtH56L6N5cO8xW_a-kzIO8BkIz8U-jMk_YddvCleHaW0svhOoWns-1536x1024.jpg 1536w, https:\/\/zenavietnam.com\/wp-content\/uploads\/2026\/03\/ta61aLos5FBXRhGox8zcSB6vpXcW3L4txvdCieW-yr58HMqK9e6LOdwjtH56L6N5cO8xW_a-kzIO8BkIz8U-jMk_YddvCleHaW0svhOoWns-2048x1366.jpg 2048w, https:\/\/zenavietnam.com\/wp-content\/uploads\/2026\/03\/ta61aLos5FBXRhGox8zcSB6vpXcW3L4txvdCieW-yr58HMqK9e6LOdwjtH56L6N5cO8xW_a-kzIO8BkIz8U-jMk_YddvCleHaW0svhOoWns-18x12.jpg 18w\" sizes=\"auto, (max-width: 600px) 100vw, 600px\" \/>\t\t\t\t\t\t\t<\/a>\n  \t\t\t\t\t\t\t  \t\t\t\t\t\t\t  \t\t\t\t\t\t<\/div>\n  \t\t\t\t\t\t  \t\t\t\t\t<\/div>\n          \t\t\t\t\t<div class=\"box-text text-center\" >\n\t\t\t\t\t<div class=\"box-text-inner blog-post-inner\">\n\n\t\t\t\t\t\n\t\t\t\t\t\t\t\t\t\t<h5 class=\"post-title is-large \">\n\t\t\t\t\t\t<a href=\"https:\/\/zenavietnam.com\/en\/burnout-vi-sao-nguoi-tre-dang-tim-den-yoga-nhieu-hon\/\" class=\"plain\">Burnout \u2013 V\u00ec Sao Ng\u01b0\u1eddi Tr\u1ebb \u0110ang T\u00ecm \u0110\u1ebfn Yoga Nhi\u1ec1u H\u01a1n?<\/a>\n\t\t\t\t\t<\/h5>\n\t\t\t\t\t\t\t\t\t\t<div class=\"is-divider\"><\/div>\n\t\t\t\t\t\t\t\t\t\t<p class=\"from_the_blog_excerpt \">\n\t\t\t\t\t\t\u00c1p l\u1ef1c c\u00f4ng vi\u1ec7c, deadline, m\u1ea1ng x\u00e3 h\u1ed9i v\u00e0 nh\u1ecbp s\u1ed1ng nhanh khi\u1ebfn t\u00ecnh tr\u1ea1ng [...]\t\t\t\t\t<\/p>\n\t\t\t\t\t                    \n\t\t\t\t\t\t\t\t\t\t\t<a href=\"https:\/\/zenavietnam.com\/en\/burnout-vi-sao-nguoi-tre-dang-tim-den-yoga-nhieu-hon\/\" class=\"button alert is-underline is-small mb-0\">\n\t\t\t\t\t\t\tXem th\u00eam\t\t\t\t\t\t<\/a>\n\t\t\t\t\t\n\t\t\t\t\t\n\t\t\t\t\t<\/div>\n\t\t\t\t\t<\/div>\n\t\t\t\t\t\t\t\t\t\t\t\t\t\t\t\t<div class=\"badge absolute top post-date badge-outline\">\n\t\t\t\t\t\t\t<div class=\"badge-inner\">\n\t\t\t\t\t\t\t\t<span class=\"post-date-day\">02<\/span><br>\n\t\t\t\t\t\t\t\t<span class=\"post-date-month is-xsmall\">Mar<\/span>\n\t\t\t\t\t\t\t<\/div>\n\t\t\t\t\t\t<\/div>\n\t\t\t\t\t\t\t\t\t<\/div>\n\t\t\t<\/div>\n\t\t<\/div><div class=\"col post-item\" >\n\t\t\t<div class=\"col-inner\">\n\t\t\t\t<div class=\"box box-normal box-text-bottom box-blog-post has-hover\">\n            \t\t\t\t\t<div class=\"box-image\" style=\"border-radius:5%;\">\n  \t\t\t\t\t\t<div class=\"image-cover\" style=\"padding-top:56%;\">\n\t\t\t\t\t\t\t<a href=\"https:\/\/zenavietnam.com\/en\/yoga-cho-me-bau-hanh-trinh-ket-noi-yeu-thuong-tu-nhung-nhip-tho-dau-tien\/\" class=\"plain\" aria-label=\"Yoga Cho M\u1eb9 B\u1ea7u \u2013 H\u00e0nh Tr\u00ecnh K\u1ebft N\u1ed1i Y\u00eau Th\u01b0\u01a1ng T\u1eeb Nh\u1eefng Nh\u1ecbp Th\u1edf \u0110\u1ea7u Ti\u00ean\">\n\t\t\t\t\t\t\t\t<img loading=\"lazy\" decoding=\"async\" width=\"600\" height=\"400\" src=\"https:\/\/zenavietnam.com\/wp-content\/uploads\/2026\/03\/yoga_cho_ba_bau_2_yxwn-600x400.webp\" class=\"attachment-medium size-medium wp-post-image\" alt=\"\" srcset=\"https:\/\/zenavietnam.com\/wp-content\/uploads\/2026\/03\/yoga_cho_ba_bau_2_yxwn-600x400.webp 600w, https:\/\/zenavietnam.com\/wp-content\/uploads\/2026\/03\/yoga_cho_ba_bau_2_yxwn-500x334.webp 500w, https:\/\/zenavietnam.com\/wp-content\/uploads\/2026\/03\/yoga_cho_ba_bau_2_yxwn-18x12.webp 18w, https:\/\/zenavietnam.com\/wp-content\/uploads\/2026\/03\/yoga_cho_ba_bau_2_yxwn.webp 721w\" sizes=\"auto, (max-width: 600px) 100vw, 600px\" \/>\t\t\t\t\t\t\t<\/a>\n  \t\t\t\t\t\t\t  \t\t\t\t\t\t\t  \t\t\t\t\t\t<\/div>\n  \t\t\t\t\t\t  \t\t\t\t\t<\/div>\n          \t\t\t\t\t<div class=\"box-text text-center\" >\n\t\t\t\t\t<div class=\"box-text-inner blog-post-inner\">\n\n\t\t\t\t\t\n\t\t\t\t\t\t\t\t\t\t<h5 class=\"post-title is-large \">\n\t\t\t\t\t\t<a href=\"https:\/\/zenavietnam.com\/en\/yoga-cho-me-bau-hanh-trinh-ket-noi-yeu-thuong-tu-nhung-nhip-tho-dau-tien\/\" class=\"plain\">Yoga Cho M\u1eb9 B\u1ea7u \u2013 H\u00e0nh Tr\u00ecnh K\u1ebft N\u1ed1i Y\u00eau Th\u01b0\u01a1ng T\u1eeb Nh\u1eefng Nh\u1ecbp Th\u1edf \u0110\u1ea7u Ti\u00ean<\/a>\n\t\t\t\t\t<\/h5>\n\t\t\t\t\t\t\t\t\t\t<div class=\"is-divider\"><\/div>\n\t\t\t\t\t\t\t\t\t\t<p class=\"from_the_blog_excerpt \">\n\t\t\t\t\t\tKh\u00f4ng ch\u1ec9 l\u00e0 v\u1eadn \u0111\u1ed9ng, yoga cho m\u1eb9 b\u1ea7u l\u00e0 kho\u1ea3ng th\u1eddi gian m\u1eb9 l\u1eafng [...]\t\t\t\t\t<\/p>\n\t\t\t\t\t                    \n\t\t\t\t\t\t\t\t\t\t\t<a href=\"https:\/\/zenavietnam.com\/en\/yoga-cho-me-bau-hanh-trinh-ket-noi-yeu-thuong-tu-nhung-nhip-tho-dau-tien\/\" class=\"button alert is-underline is-small mb-0\">\n\t\t\t\t\t\t\tXem th\u00eam\t\t\t\t\t\t<\/a>\n\t\t\t\t\t\n\t\t\t\t\t\n\t\t\t\t\t<\/div>\n\t\t\t\t\t<\/div>\n\t\t\t\t\t\t\t\t\t\t\t\t\t\t\t\t<div class=\"badge absolute top post-date badge-outline\">\n\t\t\t\t\t\t\t<div class=\"badge-inner\">\n\t\t\t\t\t\t\t\t<span class=\"post-date-day\">01<\/span><br>\n\t\t\t\t\t\t\t\t<span class=\"post-date-month is-xsmall\">Mar<\/span>\n\t\t\t\t\t\t\t<\/div>\n\t\t\t\t\t\t<\/div>\n\t\t\t\t\t\t\t\t\t<\/div>\n\t\t\t<\/div>\n\t\t<\/div><div class=\"col post-item\" >\n\t\t\t<div class=\"col-inner\">\n\t\t\t\t<div class=\"box box-normal box-text-bottom box-blog-post has-hover\">\n            \t\t\t\t\t<div class=\"box-image\" style=\"border-radius:5%;\">\n  \t\t\t\t\t\t<div class=\"image-cover\" style=\"padding-top:56%;\">\n\t\t\t\t\t\t\t<a href=\"https:\/\/zenavietnam.com\/en\/yoga-cho-me-bau-giai-phap-an-toan-giup-thai-ky-khoe-manh-nhe-nhang-hon\/\" class=\"plain\" aria-label=\"Yoga Cho M\u1eb9 B\u1ea7u \u2013 Gi\u1ea3i Ph\u00e1p An To\u00e0n Gi\u00fap Thai K\u1ef3 Kh\u1ecfe M\u1ea1nh &amp; Nh\u1eb9 Nh\u00e0ng H\u01a1n\">\n\t\t\t\t\t\t\t\t<img loading=\"lazy\" decoding=\"async\" width=\"600\" height=\"400\" src=\"https:\/\/zenavietnam.com\/wp-content\/uploads\/2026\/03\/kinh-nghiem-tap-yoga-me-bau-mang-thai-bao-hiem-thai-san-2-600x400.jpg\" class=\"attachment-medium size-medium wp-post-image\" alt=\"\" srcset=\"https:\/\/zenavietnam.com\/wp-content\/uploads\/2026\/03\/kinh-nghiem-tap-yoga-me-bau-mang-thai-bao-hiem-thai-san-2-600x400.jpg 600w, https:\/\/zenavietnam.com\/wp-content\/uploads\/2026\/03\/kinh-nghiem-tap-yoga-me-bau-mang-thai-bao-hiem-thai-san-2-500x333.jpg 500w, https:\/\/zenavietnam.com\/wp-content\/uploads\/2026\/03\/kinh-nghiem-tap-yoga-me-bau-mang-thai-bao-hiem-thai-san-2-18x12.jpg 18w, https:\/\/zenavietnam.com\/wp-content\/uploads\/2026\/03\/kinh-nghiem-tap-yoga-me-bau-mang-thai-bao-hiem-thai-san-2.jpg 650w\" sizes=\"auto, (max-width: 600px) 100vw, 600px\" \/>\t\t\t\t\t\t\t<\/a>\n  \t\t\t\t\t\t\t  \t\t\t\t\t\t\t  \t\t\t\t\t\t<\/div>\n  \t\t\t\t\t\t  \t\t\t\t\t<\/div>\n          \t\t\t\t\t<div class=\"box-text text-center\" >\n\t\t\t\t\t<div class=\"box-text-inner blog-post-inner\">\n\n\t\t\t\t\t\n\t\t\t\t\t\t\t\t\t\t<h5 class=\"post-title is-large \">\n\t\t\t\t\t\t<a href=\"https:\/\/zenavietnam.com\/en\/yoga-cho-me-bau-giai-phap-an-toan-giup-thai-ky-khoe-manh-nhe-nhang-hon\/\" class=\"plain\">Yoga Cho M\u1eb9 B\u1ea7u \u2013 Gi\u1ea3i Ph\u00e1p An To\u00e0n Gi\u00fap Thai K\u1ef3 Kh\u1ecfe M\u1ea1nh &amp; Nh\u1eb9 Nh\u00e0ng H\u01a1n<\/a>\n\t\t\t\t\t<\/h5>\n\t\t\t\t\t\t\t\t\t\t<div class=\"is-divider\"><\/div>\n\t\t\t\t\t\t\t\t\t\t<p class=\"from_the_blog_excerpt \">\n\t\t\t\t\t\tYoga cho m\u1eb9 b\u1ea7u l\u00e0 ph\u01b0\u01a1ng ph\u00e1p v\u1eadn \u0111\u1ed9ng nh\u1eb9 nh\u00e0ng, an to\u00e0n gi\u00fap gi\u1ea3m [...]\t\t\t\t\t<\/p>\n\t\t\t\t\t                    \n\t\t\t\t\t\t\t\t\t\t\t<a href=\"https:\/\/zenavietnam.com\/en\/yoga-cho-me-bau-giai-phap-an-toan-giup-thai-ky-khoe-manh-nhe-nhang-hon\/\" class=\"button alert is-underline is-small mb-0\">\n\t\t\t\t\t\t\tXem th\u00eam\t\t\t\t\t\t<\/a>\n\t\t\t\t\t\n\t\t\t\t\t\n\t\t\t\t\t<\/div>\n\t\t\t\t\t<\/div>\n\t\t\t\t\t\t\t\t\t\t\t\t\t\t\t\t<div class=\"badge absolute top post-date badge-outline\">\n\t\t\t\t\t\t\t<div class=\"badge-inner\">\n\t\t\t\t\t\t\t\t<span class=\"post-date-day\">01<\/span><br>\n\t\t\t\t\t\t\t\t<span class=\"post-date-month is-xsmall\">Mar<\/span>\n\t\t\t\t\t\t\t<\/div>\n\t\t\t\t\t\t<\/div>\n\t\t\t\t\t\t\t\t\t<\/div>\n\t\t\t<\/div>\n\t\t<\/div><div class=\"col post-item\" >\n\t\t\t<div class=\"col-inner\">\n\t\t\t\t<div class=\"box box-normal box-text-bottom box-blog-post has-hover\">\n            \t\t\t\t\t<div class=\"box-image\" style=\"border-radius:5%;\">\n  \t\t\t\t\t\t<div class=\"image-cover\" style=\"padding-top:56%;\">\n\t\t\t\t\t\t\t<a href=\"https:\/\/zenavietnam.com\/en\/yoga-tai-nha-xu-huong-cham-soc-suc-khoe-hien-dai\/\" class=\"plain\" aria-label=\"Yoga T\u1ea1i Nh\u00e0 \u2013 Xu H\u01b0\u1edbng Ch\u0103m S\u00f3c S\u1ee9c Kh\u1ecfe Hi\u1ec7n \u0110\u1ea1i\">\n\t\t\t\t\t\t\t\t<img loading=\"lazy\" decoding=\"async\" width=\"680\" height=\"389\" src=\"https:\/\/zenavietnam.com\/wp-content\/uploads\/2026\/02\/5-loi-khuyen-ve-cach-tap-yoga-tai-nha.webp\" class=\"attachment-medium size-medium wp-post-image\" alt=\"\" srcset=\"https:\/\/zenavietnam.com\/wp-content\/uploads\/2026\/02\/5-loi-khuyen-ve-cach-tap-yoga-tai-nha.webp 680w, https:\/\/zenavietnam.com\/wp-content\/uploads\/2026\/02\/5-loi-khuyen-ve-cach-tap-yoga-tai-nha-500x286.webp 500w, https:\/\/zenavietnam.com\/wp-content\/uploads\/2026\/02\/5-loi-khuyen-ve-cach-tap-yoga-tai-nha-18x10.webp 18w\" sizes=\"auto, (max-width: 680px) 100vw, 680px\" \/>\t\t\t\t\t\t\t<\/a>\n  \t\t\t\t\t\t\t  \t\t\t\t\t\t\t  \t\t\t\t\t\t<\/div>\n  \t\t\t\t\t\t  \t\t\t\t\t<\/div>\n          \t\t\t\t\t<div class=\"box-text text-center\" >\n\t\t\t\t\t<div class=\"box-text-inner blog-post-inner\">\n\n\t\t\t\t\t\n\t\t\t\t\t\t\t\t\t\t<h5 class=\"post-title is-large \">\n\t\t\t\t\t\t<a href=\"https:\/\/zenavietnam.com\/en\/yoga-tai-nha-xu-huong-cham-soc-suc-khoe-hien-dai\/\" class=\"plain\">Yoga T\u1ea1i Nh\u00e0 \u2013 Xu H\u01b0\u1edbng Ch\u0103m S\u00f3c S\u1ee9c Kh\u1ecfe Hi\u1ec7n \u0110\u1ea1i<\/a>\n\t\t\t\t\t<\/h5>\n\t\t\t\t\t\t\t\t\t\t<div class=\"is-divider\"><\/div>\n\t\t\t\t\t\t\t\t\t\t<p class=\"from_the_blog_excerpt \">\n\t\t\t\t\t\t\t\t\t\t\t<\/p>\n\t\t\t\t\t                    \n\t\t\t\t\t\t\t\t\t\t\t<a href=\"https:\/\/zenavietnam.com\/en\/yoga-tai-nha-xu-huong-cham-soc-suc-khoe-hien-dai\/\" class=\"button alert is-underline is-small mb-0\">\n\t\t\t\t\t\t\tXem th\u00eam\t\t\t\t\t\t<\/a>\n\t\t\t\t\t\n\t\t\t\t\t\n\t\t\t\t\t<\/div>\n\t\t\t\t\t<\/div>\n\t\t\t\t\t\t\t\t\t\t\t\t\t\t\t\t<div class=\"badge absolute top post-date badge-outline\">\n\t\t\t\t\t\t\t<div class=\"badge-inner\">\n\t\t\t\t\t\t\t\t<span class=\"post-date-day\">27<\/span><br>\n\t\t\t\t\t\t\t\t<span class=\"post-date-month is-xsmall\">Feb<\/span>\n\t\t\t\t\t\t\t<\/div>\n\t\t\t\t\t\t<\/div>\n\t\t\t\t\t\t\t\t\t<\/div>\n\t\t\t<\/div>\n\t\t<\/div><\/div>\n\n\n\t\t<\/div>\n\n\t\t\n<style>\n#section_1036840735 {\n  padding-top: 30px;\n  padding-bottom: 30px;\n}\n<\/style>\n\t<\/section>\n\t\n\n","protected":false},"excerpt":{"rendered":"","protected":false},"author":1,"featured_media":0,"parent":0,"menu_order":0,"comment_status":"closed","ping_status":"closed","template":"","meta":{"_acf_changed":false,"footnotes":""},"class_list":["post-1719","page","type-page","status-publish","hentry"],"acf":[],"_hostinger_reach_plugin_has_subscription_block":false,"_hostinger_reach_plugin_is_elementor":false,"_links":{"self":[{"href":"https:\/\/zenavietnam.com\/en\/wp-json\/wp\/v2\/pages\/1719","targetHints":{"allow":["GET"]}}],"collection":[{"href":"https:\/\/zenavietnam.com\/en\/wp-json\/wp\/v2\/pages"}],"about":[{"href":"https:\/\/zenavietnam.com\/en\/wp-json\/wp\/v2\/types\/page"}],"author":[{"embeddable":true,"href":"https:\/\/zenavietnam.com\/en\/wp-json\/wp\/v2\/users\/1"}],"replies":[{"embeddable":true,"href":"https:\/\/zenavietnam.com\/en\/wp-json\/wp\/v2\/comments?post=1719"}],"version-history":[{"count":0,"href":"https:\/\/zenavietnam.com\/en\/wp-json\/wp\/v2\/pages\/1719\/revisions"}],"wp:attachment":[{"href":"https:\/\/zenavietnam.com\/en\/wp-json\/wp\/v2\/media?parent=1719"}],"curies":[{"name":"wp","href":"https:\/\/api.w.org\/{rel}","templated":true}]}}