{"id":675,"date":"2026-02-12T02:21:03","date_gmt":"2026-02-12T02:21:03","guid":{"rendered":"https:\/\/zenavietnam.com\/?page_id=675"},"modified":"2026-03-25T05:44:59","modified_gmt":"2026-03-25T05:44:59","slug":"gioi-thieu-zena","status":"publish","type":"page","link":"https:\/\/zenavietnam.com\/en\/gioi-thieu-zena\/","title":{"rendered":"Gi\u1edbi thi\u1ec7u Zena"},"content":{"rendered":"<div class=\"row\"  id=\"row-30720014\">\n\n\n\t<div id=\"col-1556602644\" class=\"col small-12 large-12\"  >\n\t\t\t\t<div class=\"col-inner\"  >\n\t\t\t\n\t\t\t\n\n<div class=\"container section-title-container\" ><h1 class=\"section-title section-title-normal\"><b aria-hidden=\"true\"><\/b><span class=\"section-title-main\" style=\"color:rgb(193, 28, 80);\">GI\u1edaI THI\u1ec6U V\u1ec0 Zena<\/span><b aria-hidden=\"true\"><\/b><\/h1><\/div>\n\n\t<div id=\"text-4048036146\" class=\"text\">\n\t\t\n\n<h2 data-start=\"262\" data-end=\"328\">N\u1ec0N T\u1ea2NG TRUNG GIAN D\u1ecaCH V\u1ee4 CH\u0102M S\u00d3C S\u1ee8C KH\u1eceE &amp; L\u00c0M \u0110\u1eb8P T\u1ea0I NH\u00c0<\/h2>\n<p data-start=\"330\" data-end=\"475\">Zena l\u00e0 n\u1ec1n t\u1ea3ng trung gian k\u1ebft n\u1ed1i kh\u00e1ch h\u00e0ng v\u1edbi \u0111\u1ed9i ng\u0169 k\u1ef9 thu\u1eadt vi\u00ean ch\u0103m s\u00f3c s\u1ee9c kh\u1ecfe v\u00e0 l\u00e0m \u0111\u1eb9p chuy\u00ean nghi\u1ec7p tr\u00ean to\u00e0n qu\u1ed1c.<\/p>\n<p data-start=\"477\" data-end=\"635\">Ch\u00fang t\u00f4i cung c\u1ea5p gi\u1ea3i ph\u00e1p <strong data-start=\"506\" data-end=\"582\">\u0111\u1eb7t l\u1ecbch nhanh ch\u00f3ng \u2013 minh b\u1ea1ch \u2013 an to\u00e0n \u2013 c\u00f3 c\u01a1 ch\u1ebf b\u1ea3o v\u1ec7 trung gian<\/strong>, gi\u00fap kh\u00e1ch h\u00e0ng an t\u00e2m khi s\u1eed d\u1ee5ng d\u1ecbch v\u1ee5 t\u1ea1i nh\u00e0.<\/p>\n<p data-start=\"637\" data-end=\"809\">Zena kh\u00f4ng ch\u1ec9 l\u00e0 n\u01a1i \u0111\u1eb7t d\u1ecbch v\u1ee5, m\u00e0 l\u00e0 m\u1ed9t h\u1ec7 sinh th\u00e1i ch\u0103m s\u00f3c c\u00e1 nh\u00e2n hi\u1ec7n \u0111\u1ea1i, \u0111\u01b0\u1ee3c x\u00e2y d\u1ef1ng d\u1ef1a tr\u00ean ti\u00eau chu\u1ea9n chuy\u00ean nghi\u1ec7p v\u00e0 c\u00f4ng ngh\u1ec7 qu\u1ea3n l\u00fd minh b\u1ea1ch.<\/p>\n<hr data-start=\"811\" data-end=\"814\" \/>\n<h2 data-start=\"816\" data-end=\"860\">\ud83d\udc86 H\u1ec7 sinh th\u00e1i d\u1ecbch v\u1ee5 t\u1ea1i nh\u00e0 to\u00e0n di\u1ec7n<\/h2>\n<h3 data-start=\"862\" data-end=\"895\">Massage &amp; Tr\u1ecb li\u1ec7u chuy\u00ean s\u00e2u<\/h3>\n<p><img loading=\"lazy\" decoding=\"async\" class=\"size-medium wp-image-1835 aligncenter\" src=\"https:\/\/zenavietnam.com\/wp-content\/uploads\/2026\/02\/anh-mo-ta-1-641x400.jpg\" alt=\"\" width=\"641\" height=\"400\" srcset=\"https:\/\/zenavietnam.com\/wp-content\/uploads\/2026\/02\/anh-mo-ta-1-641x400.jpg 641w, https:\/\/zenavietnam.com\/wp-content\/uploads\/2026\/02\/anh-mo-ta-1-500x312.jpg 500w, https:\/\/zenavietnam.com\/wp-content\/uploads\/2026\/02\/anh-mo-ta-1-18x12.jpg 18w, https:\/\/zenavietnam.com\/wp-content\/uploads\/2026\/02\/anh-mo-ta-1.jpg 700w\" sizes=\"auto, (max-width: 641px) 100vw, 641px\" \/><\/p>\n<ul data-start=\"937\" data-end=\"1058\">\n<li data-start=\"937\" data-end=\"967\">\n<p data-start=\"939\" data-end=\"967\">Massage th\u01b0 gi\u00e3n to\u00e0n th\u00e2n<\/p>\n<\/li>\n<li data-start=\"968\" data-end=\"990\">\n<p data-start=\"970\" data-end=\"990\">Massage c\u1ed5 vai g\u00e1y<\/p>\n<\/li>\n<li data-start=\"991\" data-end=\"1022\">\n<p data-start=\"993\" data-end=\"1022\">Massage tr\u1ecb li\u1ec7u chuy\u00ean s\u00e2u<\/p>\n<\/li>\n<li data-start=\"1023\" data-end=\"1038\">\n<p data-start=\"1025\" data-end=\"1038\">Massage b\u1ea7u<\/p>\n<\/li>\n<li data-start=\"1039\" data-end=\"1058\">\n<p data-start=\"1041\" data-end=\"1058\">Massage \u0111\u00e1 n\u00f3ng<\/p>\n<\/li>\n<\/ul>\n<hr data-start=\"1060\" data-end=\"1063\" \/>\n<h3 data-start=\"1065\" data-end=\"1101\">\ud83e\uddd8 PT Gym &amp; Yoga c\u00e1 nh\u00e2n t\u1ea1i nh\u00e0<\/h3>\n<p><img loading=\"lazy\" decoding=\"async\" class=\"size-medium wp-image-1836 aligncenter\" src=\"https:\/\/zenavietnam.com\/wp-content\/uploads\/2026\/02\/20201123_tap-gym-tai-nha-cho-nu-2-600x400.jpg\" alt=\"\" width=\"600\" height=\"400\" srcset=\"https:\/\/zenavietnam.com\/wp-content\/uploads\/2026\/02\/20201123_tap-gym-tai-nha-cho-nu-2-600x400.jpg 600w, https:\/\/zenavietnam.com\/wp-content\/uploads\/2026\/02\/20201123_tap-gym-tai-nha-cho-nu-2-500x333.jpg 500w, https:\/\/zenavietnam.com\/wp-content\/uploads\/2026\/02\/20201123_tap-gym-tai-nha-cho-nu-2-768x512.jpg 768w, https:\/\/zenavietnam.com\/wp-content\/uploads\/2026\/02\/20201123_tap-gym-tai-nha-cho-nu-2-18x12.jpg 18w, https:\/\/zenavietnam.com\/wp-content\/uploads\/2026\/02\/20201123_tap-gym-tai-nha-cho-nu-2.jpg 800w\" sizes=\"auto, (max-width: 600px) 100vw, 600px\" \/><\/p>\n<ul data-start=\"1143\" data-end=\"1293\">\n<li data-start=\"1143\" data-end=\"1175\">\n<p data-start=\"1145\" data-end=\"1175\">Hu\u1ea5n luy\u1ec7n vi\u00ean c\u00e1 nh\u00e2n (PT)<\/p>\n<\/li>\n<li data-start=\"1176\" data-end=\"1219\">\n<p data-start=\"1178\" data-end=\"1219\">Gi\u1ea3m c\u00e2n \u2013 t\u0103ng c\u01a1 \u2013 c\u1ea3i thi\u1ec7n v\u00f3c d\u00e1ng<\/p>\n<\/li>\n<li data-start=\"1220\" data-end=\"1237\">\n<p data-start=\"1222\" data-end=\"1237\">Yoga tr\u1ecb li\u1ec7u<\/p>\n<\/li>\n<li data-start=\"1238\" data-end=\"1257\">\n<p data-start=\"1240\" data-end=\"1257\">Yoga cho b\u00e0 b\u1ea7u<\/p>\n<\/li>\n<li data-start=\"1258\" data-end=\"1293\">\n<p data-start=\"1260\" data-end=\"1293\">Luy\u1ec7n t\u1eadp theo m\u1ee5c ti\u00eau c\u00e1 nh\u00e2n<\/p>\n<\/li>\n<\/ul>\n<hr data-start=\"1295\" data-end=\"1298\" \/>\n<h3 data-start=\"1300\" data-end=\"1330\">\ud83d\udc85 D\u1ecbch v\u1ee5 l\u00e0m \u0111\u1eb9p t\u1ea1i nh\u00e0<\/h3>\n<p><img loading=\"lazy\" decoding=\"async\" class=\"size-medium wp-image-1834 aligncenter\" src=\"https:\/\/zenavietnam.com\/wp-content\/uploads\/2026\/02\/mau-nail-dep-form-mong-nhon_39e8ec084d084cc6b50906ded0f9a7e9-558x400.jpg\" alt=\"\" width=\"558\" height=\"400\" srcset=\"https:\/\/zenavietnam.com\/wp-content\/uploads\/2026\/02\/mau-nail-dep-form-mong-nhon_39e8ec084d084cc6b50906ded0f9a7e9-558x400.jpg 558w, https:\/\/zenavietnam.com\/wp-content\/uploads\/2026\/02\/mau-nail-dep-form-mong-nhon_39e8ec084d084cc6b50906ded0f9a7e9-500x358.jpg 500w, https:\/\/zenavietnam.com\/wp-content\/uploads\/2026\/02\/mau-nail-dep-form-mong-nhon_39e8ec084d084cc6b50906ded0f9a7e9-1116x800.jpg 1116w, https:\/\/zenavietnam.com\/wp-content\/uploads\/2026\/02\/mau-nail-dep-form-mong-nhon_39e8ec084d084cc6b50906ded0f9a7e9-768x550.jpg 768w, https:\/\/zenavietnam.com\/wp-content\/uploads\/2026\/02\/mau-nail-dep-form-mong-nhon_39e8ec084d084cc6b50906ded0f9a7e9-18x12.jpg 18w, https:\/\/zenavietnam.com\/wp-content\/uploads\/2026\/02\/mau-nail-dep-form-mong-nhon_39e8ec084d084cc6b50906ded0f9a7e9.jpg 1200w\" sizes=\"auto, (max-width: 558px) 100vw, 558px\" \/><\/p>\n<p><img loading=\"lazy\" decoding=\"async\" class=\"size-medium wp-image-1833 aligncenter\" src=\"https:\/\/zenavietnam.com\/wp-content\/uploads\/2026\/02\/makeup-artist-1024x685-1-598x400.jpg\" alt=\"\" width=\"598\" height=\"400\" srcset=\"https:\/\/zenavietnam.com\/wp-content\/uploads\/2026\/02\/makeup-artist-1024x685-1-598x400.jpg 598w, https:\/\/zenavietnam.com\/wp-content\/uploads\/2026\/02\/makeup-artist-1024x685-1-500x334.jpg 500w, https:\/\/zenavietnam.com\/wp-content\/uploads\/2026\/02\/makeup-artist-1024x685-1-768x514.jpg 768w, https:\/\/zenavietnam.com\/wp-content\/uploads\/2026\/02\/makeup-artist-1024x685-1-18x12.jpg 18w, https:\/\/zenavietnam.com\/wp-content\/uploads\/2026\/02\/makeup-artist-1024x685-1.jpg 1024w\" sizes=\"auto, (max-width: 598px) 100vw, 598px\" \/><\/p>\n<ul data-start=\"1372\" data-end=\"1505\">\n<li data-start=\"1372\" data-end=\"1411\">\n<p data-start=\"1374\" data-end=\"1411\">L\u00e0m nails \u2013 s\u01a1n gel \u2013 ch\u0103m s\u00f3c m\u00f3ng<\/p>\n<\/li>\n<li data-start=\"1412\" data-end=\"1439\">\n<p data-start=\"1414\" data-end=\"1439\">N\u1ed1i mi classic \/ volume<\/p>\n<\/li>\n<li data-start=\"1440\" data-end=\"1474\">\n<p data-start=\"1442\" data-end=\"1474\">Makeup d\u1ef1 ti\u1ec7c \u2013 makeup c\u00f4 d\u00e2u<\/p>\n<\/li>\n<li data-start=\"1475\" data-end=\"1505\">\n<p data-start=\"1477\" data-end=\"1505\">C\u1eaft t\u00f3c \u2013 t\u1ea1o ki\u1ec3u t\u1ea1i nh\u00e0<\/p>\n<\/li>\n<\/ul>\n<hr data-start=\"1507\" data-end=\"1510\" \/>\n<h2 data-start=\"1512\" data-end=\"1554\">\ud83d\udd12 C\u01a1 ch\u1ebf ho\u1ea1t \u0111\u1ed9ng minh b\u1ea1ch &amp; an to\u00e0n<\/h2>\n<p data-start=\"1556\" data-end=\"1675\">Zena \u00e1p d\u1ee5ng m\u00f4 h\u00ecnh <strong data-start=\"1585\" data-end=\"1617\">gi\u1eef ti\u1ec1n trung gian (escrow)<\/strong> nh\u1eb1m b\u1ea3o v\u1ec7 quy\u1ec1n l\u1ee3i cho c\u1ea3 kh\u00e1ch h\u00e0ng v\u00e0 k\u1ef9 thu\u1eadt vi\u00ean.<\/p>\n<p data-start=\"1677\" data-end=\"1698\"><strong data-start=\"1677\" data-end=\"1698\">Quy tr\u00ecnh 3 b\u01b0\u1edbc:<\/strong><\/p>\n<p data-start=\"1700\" data-end=\"1873\">1\ufe0f\u20e3 Kh\u00e1ch h\u00e0ng ch\u1ecdn d\u1ecbch v\u1ee5 \u2013 \u0111\u1eb7t l\u1ecbch \u2013 thanh to\u00e1n<br data-start=\"1751\" data-end=\"1754\" \/>2\ufe0f\u20e3 H\u1ec7 th\u1ed1ng gi\u1eef ti\u1ec1n an to\u00e0n trong th\u1eddi gian th\u1ef1c hi\u1ec7n<br data-start=\"1809\" data-end=\"1812\" \/>3\ufe0f\u20e3 Sau khi ho\u00e0n t\u1ea5t, ti\u1ec1n \u0111\u01b0\u1ee3c gi\u1ea3i ng\u00e2n cho k\u1ef9 thu\u1eadt vi\u00ean<\/p>\n<p data-start=\"1875\" data-end=\"1972\">T\u1ea5t c\u1ea3 d\u1ecbch v\u1ee5 \u0111\u1ec1u c\u00f3 <strong data-start=\"1897\" data-end=\"1919\">\u0111\u00e1nh gi\u00e1 c\u00f4ng khai<\/strong>, gi\u00fap x\u00e2y d\u1ef1ng c\u1ed9ng \u0111\u1ed3ng minh b\u1ea1ch v\u00e0 chuy\u00ean nghi\u1ec7p.<\/p>\n<hr data-start=\"1974\" data-end=\"1977\" \/>\n<h2 data-start=\"1979\" data-end=\"2009\">\ud83c\udfaf S\u1ee9 m\u1ec7nh c\u1ee7a Zena<\/h2>\n<ul data-start=\"2011\" data-end=\"2198\">\n<li data-start=\"2011\" data-end=\"2060\">\n<p data-start=\"2013\" data-end=\"2060\">Chu\u1ea9n h\u00f3a th\u1ecb tr\u01b0\u1eddng d\u1ecbch v\u1ee5 ch\u0103m s\u00f3c t\u1ea1i nh\u00e0<\/p>\n<\/li>\n<li data-start=\"2061\" data-end=\"2110\">\n<p data-start=\"2063\" data-end=\"2110\">N\u00e2ng cao ch\u1ea5t l\u01b0\u1ee3ng v\u00e0 ti\u00eau chu\u1ea9n ngh\u1ec1 nghi\u1ec7p<\/p>\n<\/li>\n<li data-start=\"2111\" data-end=\"2142\">\n<p data-start=\"2113\" data-end=\"2142\">B\u1ea3o v\u1ec7 quy\u1ec1n l\u1ee3i kh\u00e1ch h\u00e0ng<\/p>\n<\/li>\n<li data-start=\"2143\" data-end=\"2198\">\n<p data-start=\"2145\" data-end=\"2198\">T\u1ea1o m\u00f4i tr\u01b0\u1eddng l\u00e0m vi\u1ec7c minh b\u1ea1ch cho k\u1ef9 thu\u1eadt vi\u00ean<\/p>\n<\/li>\n<\/ul>\n<p data-start=\"2200\" data-end=\"2346\">Ch\u00fang t\u00f4i tin r\u1eb1ng ch\u0103m s\u00f3c s\u1ee9c kh\u1ecfe v\u00e0 l\u00e0m \u0111\u1eb9p kh\u00f4ng n\u00ean l\u00e0 s\u1ef1 \u0111\u00e1nh \u0111\u1ed5i gi\u1eefa ti\u1ec7n l\u1ee3i v\u00e0 an to\u00e0n \u2013 m\u00e0 ph\u1ea3i l\u00e0 tr\u1ea3i nghi\u1ec7m tr\u1ecdn v\u1eb9n, \u0111\u00e1ng tin c\u1eady.<\/p>\n\t\t\n<style>\n#text-4048036146 {\n  color: rgb(57, 57, 57);\n}\n#text-4048036146 > * {\n  color: rgb(57, 57, 57);\n}\n<\/style>\n\t<\/div>\n\t\n\n\t\t<\/div>\n\t\t\t\t\t<\/div>\n\n\t\n\n\n<style>\n#row-30720014 > .col > .col-inner {\n  padding: 20px 0px 0px 0px;\n}\n<\/style>\n<\/div>\n<div class=\"row\"  id=\"row-1992172227\">\n\n\n\t<div id=\"col-1633036552\" class=\"col medium-5 small-12 large-5\"  >\n\t\t\t\t<div class=\"col-inner\"  >\n\t\t\t\n\t\t\t\n\n\n\t\t<\/div>\n\t\t\t\t\t<\/div>\n\n\t\n\n\t<div id=\"col-511595732\" class=\"col medium-7 small-12 large-7\"  >\n\t\t\t\t<div class=\"col-inner\"  >\n\t\t\t\n\t\t\t\n\n<a class=\"button secondary lowercase\" style=\"border-radius:99px;\">\n\t\t<span>\u0110\u1eb7t l\u1ecbch ngay t\u1ea1i \u0111\u00e2y<\/span>\n\t<i class=\"icon-angle-down\" aria-hidden=\"true\"><\/i><\/a>\n\n\n\n\t\t<\/div>\n\t\t\t\t\t<\/div>\n\n\t\n\n\n<style>\n#row-1992172227 > .col > .col-inner {\n  padding: 20px 0px 0px 0px;\n}\n<\/style>\n<\/div>","protected":false},"excerpt":{"rendered":"","protected":false},"author":1,"featured_media":0,"parent":0,"menu_order":0,"comment_status":"closed","ping_status":"closed","template":"","meta":{"_acf_changed":false,"footnotes":""},"class_list":["post-675","page","type-page","status-publish","hentry"],"acf":[],"_hostinger_reach_plugin_has_subscription_block":false,"_hostinger_reach_plugin_is_elementor":false,"_links":{"self":[{"href":"https:\/\/zenavietnam.com\/en\/wp-json\/wp\/v2\/pages\/675","targetHints":{"allow":["GET"]}}],"collection":[{"href":"https:\/\/zenavietnam.com\/en\/wp-json\/wp\/v2\/pages"}],"about":[{"href":"https:\/\/zenavietnam.com\/en\/wp-json\/wp\/v2\/types\/page"}],"author":[{"embeddable":true,"href":"https:\/\/zenavietnam.com\/en\/wp-json\/wp\/v2\/users\/1"}],"replies":[{"embeddable":true,"href":"https:\/\/zenavietnam.com\/en\/wp-json\/wp\/v2\/comments?post=675"}],"version-history":[{"count":0,"href":"https:\/\/zenavietnam.com\/en\/wp-json\/wp\/v2\/pages\/675\/revisions"}],"wp:attachment":[{"href":"https:\/\/zenavietnam.com\/en\/wp-json\/wp\/v2\/media?parent=675"}],"curies":[{"name":"wp","href":"https:\/\/api.w.org\/{rel}","templated":true}]}}