{"id":716,"date":"2026-02-12T03:53:04","date_gmt":"2026-02-12T03:53:04","guid":{"rendered":"https:\/\/zenavietnam.com\/?page_id=716"},"modified":"2026-03-25T04:53:41","modified_gmt":"2026-03-25T04:53:41","slug":"dmca","status":"publish","type":"page","link":"https:\/\/zenavietnam.com\/en\/dmca\/","title":{"rendered":"DMCA"},"content":{"rendered":"<section class=\"section\" id=\"section_390059400\">\n\t\t<div class=\"section-bg fill\" >\n\t\t\t\t\t\t\t\t\t\n\t\t\t\n\n\t\t<\/div>\n\n\t\t\n\n\t\t<div class=\"section-content relative\">\n\t\t\t\n\n<div class=\"row\"  id=\"row-1208524959\">\n\n\n\t<div id=\"col-1223621493\" class=\"col small-12 large-12\"  >\n\t\t\t\t<div class=\"col-inner\"  >\n\t\t\t\n\t\t\t\n\n<div class=\"container section-title-container\" ><h2 class=\"section-title section-title-normal\"><b aria-hidden=\"true\"><\/b><span class=\"section-title-main\" style=\"color:#c11c51;\">CH\u00cdNH S\u00c1CH DMCA \u2013 B\u1ea2N QUY\u1ec0N &amp; G\u1ee0 B\u1ece N\u1ed8I DUNG VI PH\u1ea0M<\/span><b aria-hidden=\"true\"><\/b><\/h2><\/div>\n\n\t<div id=\"text-2922136839\" class=\"text\">\n\t\t\n\n<h2 data-start=\"545\" data-end=\"589\">1. Cam k\u1ebft t\u00f4n tr\u1ecdng quy\u1ec1n s\u1edf h\u1eefu tr\u00ed tu\u1ec7<\/h2>\n<p data-start=\"591\" data-end=\"682\">MassageNow l\u00e0 n\u1ec1n t\u1ea3ng trung gian k\u1ebft n\u1ed1i d\u1ecbch v\u1ee5 ch\u0103m s\u00f3c s\u1ee9c kh\u1ecfe v\u00e0 l\u00e0m \u0111\u1eb9p t\u1ea1i nh\u00e0.<\/p>\n<p data-start=\"684\" data-end=\"846\">Ch\u00fang t\u00f4i t\u00f4n tr\u1ecdng quy\u1ec1n s\u1edf h\u1eefu tr\u00ed tu\u1ec7 v\u00e0 y\u00eau c\u1ea7u t\u1ea5t c\u1ea3 Ng\u01b0\u1eddi d\u00f9ng, Nh\u00e0 cung c\u1ea5p v\u00e0 \u0111\u1ed1i t\u00e1c tu\u00e2n th\u1ee7 \u0111\u1ea7y \u0111\u1ee7 quy \u0111\u1ecbnh ph\u00e1p lu\u1eadt v\u1ec1 b\u1ea3n quy\u1ec1n v\u00e0 quy\u1ec1n li\u00ean quan.<\/p>\n<p data-start=\"848\" data-end=\"880\">MassageNow nghi\u00eam c\u1ea5m h\u00e0nh vi:<\/p>\n<ul data-start=\"882\" data-end=\"1060\">\n<li data-start=\"882\" data-end=\"935\">\n<p data-start=\"884\" data-end=\"935\">\u0110\u0103ng t\u1ea3i n\u1ed9i dung kh\u00f4ng c\u00f3 quy\u1ec1n s\u1eed d\u1ee5ng h\u1ee3p ph\u00e1p<\/p>\n<\/li>\n<li data-start=\"936\" data-end=\"1009\">\n<p data-start=\"938\" data-end=\"1009\">Sao ch\u00e9p tr\u00e1i ph\u00e9p h\u00ecnh \u1ea3nh, th\u01b0\u01a1ng hi\u1ec7u ho\u1eb7c t\u00e0i li\u1ec7u c\u1ee7a b\u00ean th\u1ee9 ba<\/p>\n<\/li>\n<li data-start=\"1010\" data-end=\"1060\">\n<p data-start=\"1012\" data-end=\"1060\">S\u1eed d\u1ee5ng h\u00ecnh \u1ea3nh c\u00e1 nh\u00e2n khi ch\u01b0a c\u00f3 s\u1ef1 \u0111\u1ed3ng \u00fd<\/p>\n<\/li>\n<\/ul>\n<p data-start=\"1062\" data-end=\"1105\">Ch\u00fang t\u00f4i x\u1eed l\u00fd nghi\u00eam c\u00e1c h\u00e0nh vi vi ph\u1ea1m.<\/p>\n<hr data-start=\"1107\" data-end=\"1110\" \/>\n<h2 data-start=\"1112\" data-end=\"1148\">2. N\u1ed9i dung \u0111\u01b0\u1ee3c b\u1ea3o v\u1ec7 b\u1ea3n quy\u1ec1n<\/h2>\n<p data-start=\"1150\" data-end=\"1179\">Bao g\u1ed3m nh\u01b0ng kh\u00f4ng gi\u1edbi h\u1ea1n:<\/p>\n<ul data-start=\"1181\" data-end=\"1454\">\n<li data-start=\"1181\" data-end=\"1243\">\n<p data-start=\"1183\" data-end=\"1243\">H\u00ecnh \u1ea3nh d\u1ecbch v\u1ee5 massage, PT, yoga, nails, makeup, c\u1eaft t\u00f3c<\/p>\n<\/li>\n<li data-start=\"1244\" data-end=\"1269\">\n<p data-start=\"1246\" data-end=\"1269\">\u1ea2nh tr\u01b0\u1edbc\/sau d\u1ecbch v\u1ee5<\/p>\n<\/li>\n<li data-start=\"1270\" data-end=\"1293\">\n<p data-start=\"1272\" data-end=\"1293\">Video demo k\u1ef9 thu\u1eadt<\/p>\n<\/li>\n<li data-start=\"1294\" data-end=\"1334\">\n<p data-start=\"1296\" data-end=\"1334\">Logo, th\u01b0\u01a1ng hi\u1ec7u, giao di\u1ec7n website<\/p>\n<\/li>\n<li data-start=\"1335\" data-end=\"1361\">\n<p data-start=\"1337\" data-end=\"1361\">N\u1ed9i dung m\u00f4 t\u1ea3 d\u1ecbch v\u1ee5<\/p>\n<\/li>\n<li data-start=\"1362\" data-end=\"1400\">\n<p data-start=\"1364\" data-end=\"1400\">T\u00e0i li\u1ec7u \u0111\u00e0o t\u1ea1o, file k\u1ef9 thu\u1eadt s\u1ed1<\/p>\n<\/li>\n<li data-start=\"1401\" data-end=\"1454\">\n<p data-start=\"1403\" data-end=\"1454\">N\u1ed9i dung marketing v\u00e0 t\u00e0i s\u1ea3n s\u1ed1 c\u1ee7a MassageNow<\/p>\n<\/li>\n<\/ul>\n<hr data-start=\"1456\" data-end=\"1459\" \/>\n<h2 data-start=\"1461\" data-end=\"1522\">3. Quy tr\u00ecnh g\u1eedi th\u00f4ng b\u00e1o vi ph\u1ea1m b\u1ea3n quy\u1ec1n (DMCA Notice)<\/h2>\n<p data-start=\"1524\" data-end=\"1689\">N\u1ebfu b\u1ea1n l\u00e0 ch\u1ee7 s\u1edf h\u1eefu b\u1ea3n quy\u1ec1n ho\u1eb7c \u0111\u1ea1i di\u1ec7n h\u1ee3p ph\u00e1p v\u00e0 tin r\u1eb1ng n\u1ed9i dung tr\u00ean MassageNow vi ph\u1ea1m quy\u1ec1n c\u1ee7a b\u1ea1n, vui l\u00f2ng g\u1eedi th\u00f4ng b\u00e1o v\u1edbi \u0111\u1ea7y \u0111\u1ee7 th\u00f4ng tin sau:<\/p>\n<ul data-start=\"1691\" data-end=\"1984\">\n<li data-start=\"1691\" data-end=\"1715\">\n<p data-start=\"1693\" data-end=\"1715\">H\u1ecd t\u00ean \/ T\u00ean t\u1ed5 ch\u1ee9c<\/p>\n<\/li>\n<li data-start=\"1716\" data-end=\"1750\">\n<p data-start=\"1718\" data-end=\"1750\">Th\u00f4ng tin li\u00ean h\u1ec7 (Email, S\u0110T)<\/p>\n<\/li>\n<li data-start=\"1751\" data-end=\"1799\">\n<p data-start=\"1753\" data-end=\"1799\">B\u1eb1ng ch\u1ee9ng ch\u1ee9ng minh quy\u1ec1n s\u1edf h\u1eefu b\u1ea3n quy\u1ec1n<\/p>\n<\/li>\n<li data-start=\"1800\" data-end=\"1831\">\n<p data-start=\"1802\" data-end=\"1831\">\u0110\u01b0\u1eddng link n\u1ed9i dung vi ph\u1ea1m<\/p>\n<\/li>\n<li data-start=\"1832\" data-end=\"1870\">\n<p data-start=\"1834\" data-end=\"1870\">M\u00f4 t\u1ea3 chi ti\u1ebft n\u1ed9i dung b\u1ecb vi ph\u1ea1m<\/p>\n<\/li>\n<li data-start=\"1871\" data-end=\"1940\">\n<p data-start=\"1873\" data-end=\"1940\">Tuy\u00ean b\u1ed1 r\u1eb1ng b\u1ea1n tin t\u01b0\u1edfng vi\u1ec7c s\u1eed d\u1ee5ng n\u1ed9i dung \u0111\u00f3 l\u00e0 tr\u00e1i ph\u00e9p<\/p>\n<\/li>\n<li data-start=\"1941\" data-end=\"1984\">\n<p data-start=\"1943\" data-end=\"1984\">Cam k\u1ebft th\u00f4ng tin cung c\u1ea5p l\u00e0 ch\u00ednh x\u00e1c<\/p>\n<\/li>\n<\/ul>\n<p data-start=\"1986\" data-end=\"2022\">\ud83d\udce9 G\u1eedi v\u1ec1: <strong data-start=\"1997\" data-end=\"2022\"><a class=\"decorated-link cursor-pointer\" rel=\"noopener\" data-start=\"1999\" data-end=\"2020\">cskh@zenavietnam.com<\/a><\/strong><\/p>\n<hr data-start=\"2024\" data-end=\"2027\" \/>\n<h2 data-start=\"2029\" data-end=\"2067\">4. Quy tr\u00ecnh x\u1eed l\u00fd c\u1ee7a MassageNow<\/h2>\n<p data-start=\"2069\" data-end=\"2121\">Sau khi nh\u1eadn \u0111\u01b0\u1ee3c th\u00f4ng b\u00e1o h\u1ee3p l\u1ec7, MassageNow s\u1ebd:<\/p>\n<ul data-start=\"2123\" data-end=\"2296\">\n<li data-start=\"2123\" data-end=\"2164\">\n<p data-start=\"2125\" data-end=\"2164\">Xem x\u00e9t trong v\u00f2ng 24\u201372 gi\u1edd l\u00e0m vi\u1ec7c<\/p>\n<\/li>\n<li data-start=\"2165\" data-end=\"2211\">\n<p data-start=\"2167\" data-end=\"2211\">T\u1ea1m th\u1eddi \u1ea9n ho\u1eb7c g\u1ee1 b\u1ecf n\u1ed9i dung b\u1ecb b\u00e1o c\u00e1o<\/p>\n<\/li>\n<li data-start=\"2212\" data-end=\"2251\">\n<p data-start=\"2214\" data-end=\"2251\">Th\u00f4ng b\u00e1o cho b\u00ean \u0111\u0103ng t\u1ea3i n\u1ed9i dung<\/p>\n<\/li>\n<li data-start=\"2252\" data-end=\"2296\">\n<p data-start=\"2254\" data-end=\"2296\">Y\u00eau c\u1ea7u gi\u1ea3i tr\u00ecnh ho\u1eb7c b\u1ed5 sung t\u00e0i li\u1ec7u<\/p>\n<\/li>\n<\/ul>\n<p data-start=\"2298\" data-end=\"2378\">Trong tr\u01b0\u1eddng h\u1ee3p vi ph\u1ea1m r\u00f5 r\u00e0ng ho\u1eb7c t\u00e1i ph\u1ea1m nhi\u1ec1u l\u1ea7n, MassageNow c\u00f3 quy\u1ec1n:<\/p>\n<ul data-start=\"2380\" data-end=\"2477\">\n<li data-start=\"2380\" data-end=\"2398\">\n<p data-start=\"2382\" data-end=\"2398\">Kh\u00f3a t\u00e0i kho\u1ea3n<\/p>\n<\/li>\n<li data-start=\"2399\" data-end=\"2434\">\n<p data-start=\"2401\" data-end=\"2434\">Ch\u1ea5m d\u1ee9t quy\u1ec1n s\u1eed d\u1ee5ng n\u1ec1n t\u1ea3ng<\/p>\n<\/li>\n<li data-start=\"2435\" data-end=\"2477\">\n<p data-start=\"2437\" data-end=\"2477\">Ph\u1ed1i h\u1ee3p v\u1edbi c\u01a1 quan ch\u1ee9c n\u0103ng (n\u1ebfu c\u1ea7n)<\/p>\n<\/li>\n<\/ul>\n<hr data-start=\"2479\" data-end=\"2482\" \/>\n<h2 data-start=\"2484\" data-end=\"2525\">5. Th\u00f4ng b\u00e1o ph\u1ea3n \u0111\u1ed1i (Counter-Notice)<\/h2>\n<p data-start=\"2527\" data-end=\"2644\">N\u1ebfu Ng\u01b0\u1eddi d\u00f9ng tin r\u1eb1ng n\u1ed9i dung b\u1ecb g\u1ee1 b\u1ecf do nh\u1ea7m l\u1eabn ho\u1eb7c c\u00f3 quy\u1ec1n h\u1ee3p ph\u00e1p s\u1eed d\u1ee5ng, h\u1ecd c\u00f3 th\u1ec3 g\u1eedi ph\u1ea3n h\u1ed3i bao g\u1ed3m:<\/p>\n<ul data-start=\"2646\" data-end=\"2810\">\n<li data-start=\"2646\" data-end=\"2674\">\n<p data-start=\"2648\" data-end=\"2674\">Th\u00f4ng tin c\u00e1 nh\u00e2n \u0111\u1ea7y \u0111\u1ee7<\/p>\n<\/li>\n<li data-start=\"2675\" data-end=\"2718\">\n<p data-start=\"2677\" data-end=\"2718\">Gi\u1ea3i tr\u00ecnh l\u00fd do n\u1ed9i dung kh\u00f4ng vi ph\u1ea1m<\/p>\n<\/li>\n<li data-start=\"2719\" data-end=\"2756\">\n<p data-start=\"2721\" data-end=\"2756\">T\u00e0i li\u1ec7u ch\u1ee9ng minh quy\u1ec1n s\u1eed d\u1ee5ng<\/p>\n<\/li>\n<li data-start=\"2757\" data-end=\"2810\">\n<p data-start=\"2759\" data-end=\"2810\">Cam k\u1ebft ch\u1ecbu tr\u00e1ch nhi\u1ec7m ph\u00e1p l\u00fd n\u1ebfu khai b\u00e1o sai<\/p>\n<\/li>\n<\/ul>\n<p data-start=\"2812\" data-end=\"2879\">MassageNow s\u1ebd xem x\u00e9t v\u00e0 x\u1eed l\u00fd theo quy \u0111\u1ecbnh ph\u00e1p lu\u1eadt hi\u1ec7n h\u00e0nh.<\/p>\n<hr data-start=\"2881\" data-end=\"2884\" \/>\n<h2 data-start=\"2886\" data-end=\"2918\">6. Tr\u00e1ch nhi\u1ec7m c\u1ee7a Ng\u01b0\u1eddi d\u00f9ng<\/h2>\n<p data-start=\"2920\" data-end=\"2971\">Ng\u01b0\u1eddi d\u00f9ng \u0111\u0103ng t\u1ea3i n\u1ed9i dung l\u00ean MassageNow ph\u1ea3i:<\/p>\n<ul data-start=\"2973\" data-end=\"3166\">\n<li data-start=\"2973\" data-end=\"3010\">\n<p data-start=\"2975\" data-end=\"3010\">Cam k\u1ebft c\u00f3 quy\u1ec1n s\u1eed d\u1ee5ng h\u1ee3p ph\u00e1p<\/p>\n<\/li>\n<li data-start=\"3011\" data-end=\"3062\">\n<p data-start=\"3013\" data-end=\"3062\">Kh\u00f4ng sao ch\u00e9p portfolio c\u1ee7a k\u1ef9 thu\u1eadt vi\u00ean kh\u00e1c<\/p>\n<\/li>\n<li data-start=\"3063\" data-end=\"3121\">\n<p data-start=\"3065\" data-end=\"3121\">Kh\u00f4ng s\u1eed d\u1ee5ng h\u00ecnh \u1ea3nh kh\u00e1ch h\u00e0ng khi ch\u01b0a \u0111\u01b0\u1ee3c \u0111\u1ed3ng \u00fd<\/p>\n<\/li>\n<li data-start=\"3122\" data-end=\"3166\">\n<p data-start=\"3124\" data-end=\"3166\">Kh\u00f4ng s\u1eed d\u1ee5ng logo\/th\u01b0\u01a1ng hi\u1ec7u tr\u00e1i ph\u00e9p<\/p>\n<\/li>\n<\/ul>\n<p data-start=\"3168\" data-end=\"3245\">Ng\u01b0\u1eddi d\u00f9ng ho\u00e0n to\u00e0n ch\u1ecbu tr\u00e1ch nhi\u1ec7m ph\u00e1p l\u00fd \u0111\u1ed1i v\u1edbi n\u1ed9i dung m\u00ecnh \u0111\u0103ng t\u1ea3i.<\/p>\n<hr data-start=\"3247\" data-end=\"3250\" \/>\n<h2 data-start=\"3252\" data-end=\"3278\">7. Mi\u1ec5n tr\u1eeb tr\u00e1ch nhi\u1ec7m<\/h2>\n<p data-start=\"3280\" data-end=\"3318\">MassageNow l\u00e0 n\u1ec1n t\u1ea3ng trung gian.<\/p>\n<p data-start=\"3320\" data-end=\"3406\">Ch\u00fang t\u00f4i kh\u00f4ng tr\u1ef1c ti\u1ebfp s\u1ea3n xu\u1ea5t n\u1ed9i dung do Ng\u01b0\u1eddi d\u00f9ng \u0111\u0103ng t\u1ea3i, tuy nhi\u00ean cam k\u1ebft:<\/p>\n<ul data-start=\"3408\" data-end=\"3526\">\n<li data-start=\"3408\" data-end=\"3445\">\n<p data-start=\"3410\" data-end=\"3445\">H\u1ee3p t\u00e1c x\u1eed l\u00fd khi\u1ebfu n\u1ea1i b\u1ea3n quy\u1ec1n<\/p>\n<\/li>\n<li data-start=\"3446\" data-end=\"3493\">\n<p data-start=\"3448\" data-end=\"3493\">G\u1ee1 b\u1ecf n\u1ed9i dung vi ph\u1ea1m khi c\u00f3 c\u0103n c\u1ee9 h\u1ee3p l\u00fd<\/p>\n<\/li>\n<li data-start=\"3494\" data-end=\"3526\">\n<p data-start=\"3496\" data-end=\"3526\">Tu\u00e2n th\u1ee7 ph\u00e1p lu\u1eadt hi\u1ec7n h\u00e0nh<\/p>\n<\/li>\n<\/ul>\n<hr data-start=\"3528\" data-end=\"3531\" \/>\n<h2 data-start=\"3533\" data-end=\"3547\">8. Hi\u1ec7u l\u1ef1c<\/h2>\n<p data-start=\"3549\" data-end=\"3668\">Ch\u00ednh s\u00e1ch n\u00e0y c\u00f3 hi\u1ec7u l\u1ef1c k\u1ec3 t\u1eeb ng\u00e0y \u0111\u0103ng t\u1ea3i v\u00e0 c\u00f3 th\u1ec3 \u0111\u01b0\u1ee3c c\u1eadp nh\u1eadt khi c\u1ea7n thi\u1ebft \u0111\u1ec3 ph\u00f9 h\u1ee3p v\u1edbi quy \u0111\u1ecbnh ph\u00e1p lu\u1eadt.<\/p>\n\t\t\n<style>\n#text-2922136839 {\n  color: rgb(73, 73, 73);\n}\n#text-2922136839 > * {\n  color: rgb(73, 73, 73);\n}\n<\/style>\n\t<\/div>\n\t\n\n\t\t<\/div>\n\t\t\t\t\t<\/div>\n\n\t\n\n\n<style>\n#row-1208524959 > .col > .col-inner {\n  padding: 20px 0px 0px 0px;\n}\n<\/style>\n<\/div>\n\n\t\t<\/div>\n\n\t\t\n<style>\n#section_390059400 {\n  padding-top: 30px;\n  padding-bottom: 30px;\n}\n<\/style>\n\t<\/section>","protected":false},"excerpt":{"rendered":"","protected":false},"author":1,"featured_media":0,"parent":0,"menu_order":0,"comment_status":"closed","ping_status":"closed","template":"","meta":{"_acf_changed":false,"footnotes":""},"class_list":["post-716","page","type-page","status-publish","hentry"],"acf":[],"_hostinger_reach_plugin_has_subscription_block":false,"_hostinger_reach_plugin_is_elementor":false,"_links":{"self":[{"href":"https:\/\/zenavietnam.com\/en\/wp-json\/wp\/v2\/pages\/716","targetHints":{"allow":["GET"]}}],"collection":[{"href":"https:\/\/zenavietnam.com\/en\/wp-json\/wp\/v2\/pages"}],"about":[{"href":"https:\/\/zenavietnam.com\/en\/wp-json\/wp\/v2\/types\/page"}],"author":[{"embeddable":true,"href":"https:\/\/zenavietnam.com\/en\/wp-json\/wp\/v2\/users\/1"}],"replies":[{"embeddable":true,"href":"https:\/\/zenavietnam.com\/en\/wp-json\/wp\/v2\/comments?post=716"}],"version-history":[{"count":0,"href":"https:\/\/zenavietnam.com\/en\/wp-json\/wp\/v2\/pages\/716\/revisions"}],"wp:attachment":[{"href":"https:\/\/zenavietnam.com\/en\/wp-json\/wp\/v2\/media?parent=716"}],"curies":[{"name":"wp","href":"https:\/\/api.w.org\/{rel}","templated":true}]}}