{"id":973,"date":"2026-02-23T04:06:40","date_gmt":"2026-02-23T04:06:40","guid":{"rendered":"https:\/\/zenavietnam.com\/?page_id=973"},"modified":"2026-03-01T07:05:41","modified_gmt":"2026-03-01T07:05:41","slug":"thue-pt","status":"publish","type":"page","link":"https:\/\/zenavietnam.com\/en\/thue-pt\/","title":{"rendered":"Thu\u00ea PT"},"content":{"rendered":"\n\n\n\n\t<section class=\"section\" id=\"section_6808068\">\n\t\t<div class=\"section-bg fill\" >\n\t\t\t\t\t\t\t\t\t\n\t\t\t\n\n\t\t<\/div>\n\n\t\t\n\n\t\t<div class=\"section-content relative\">\n\t\t\t\n\n<div class=\"container section-title-container\" ><h1 class=\"section-title section-title-center\"><b aria-hidden=\"true\"><\/b><span class=\"section-title-main\" style=\"color:#ba1d51;\"><i class=\"icon-heart\" aria-hidden=\"true\"><\/i>Thu\u00ea PT<\/span><b aria-hidden=\"true\"><\/b><\/h1><\/div>\n\n\n  \n    <div class=\"row large-columns-4 medium-columns-1 small-columns-1\" >\n  <div class=\"col post-item\" >\n\t\t\t<div class=\"col-inner\">\n\t\t\t\t<div class=\"box box-normal box-text-bottom box-blog-post has-hover\">\n            \t\t\t\t\t<div class=\"box-image\" style=\"border-radius:5%;\">\n  \t\t\t\t\t\t<div class=\"image-cover\" style=\"padding-top:56%;\">\n\t\t\t\t\t\t\t<a href=\"https:\/\/zenavietnam.com\/en\/thue-pt-tai-nha-bao-nhieu-tien-co-dang-de-dau-tu-khong\/\" class=\"plain\" aria-label=\"Thu\u00ea PT T\u1ea1i Nh\u00e0 Bao Nhi\u00eau Ti\u1ec1n? C\u00f3 \u0110\u00e1ng \u0110\u1ec3 \u0110\u1ea7u T\u01b0 Kh\u00f4ng?\">\n\t\t\t\t\t\t\t\t<img loading=\"lazy\" decoding=\"async\" width=\"533\" height=\"400\" src=\"https:\/\/zenavietnam.com\/wp-content\/uploads\/2026\/03\/thue-pt-1-1-533x400.jpg\" class=\"attachment-medium size-medium wp-post-image\" alt=\"\" srcset=\"https:\/\/zenavietnam.com\/wp-content\/uploads\/2026\/03\/thue-pt-1-1-533x400.jpg 533w, https:\/\/zenavietnam.com\/wp-content\/uploads\/2026\/03\/thue-pt-1-1-500x375.jpg 500w, https:\/\/zenavietnam.com\/wp-content\/uploads\/2026\/03\/thue-pt-1-1-768x576.jpg 768w, https:\/\/zenavietnam.com\/wp-content\/uploads\/2026\/03\/thue-pt-1-1-16x12.jpg 16w, https:\/\/zenavietnam.com\/wp-content\/uploads\/2026\/03\/thue-pt-1-1.jpg 800w\" sizes=\"auto, (max-width: 533px) 100vw, 533px\" \/>\t\t\t\t\t\t\t<\/a>\n  \t\t\t\t\t\t\t  \t\t\t\t\t\t\t  \t\t\t\t\t\t<\/div>\n  \t\t\t\t\t\t  \t\t\t\t\t<\/div>\n          \t\t\t\t\t<div class=\"box-text text-center\" >\n\t\t\t\t\t<div class=\"box-text-inner blog-post-inner\">\n\n\t\t\t\t\t\n\t\t\t\t\t\t\t\t\t\t<h5 class=\"post-title is-large \">\n\t\t\t\t\t\t<a href=\"https:\/\/zenavietnam.com\/en\/thue-pt-tai-nha-bao-nhieu-tien-co-dang-de-dau-tu-khong\/\" class=\"plain\">Thu\u00ea PT T\u1ea1i Nh\u00e0 Bao Nhi\u00eau Ti\u1ec1n? C\u00f3 \u0110\u00e1ng \u0110\u1ec3 \u0110\u1ea7u T\u01b0 Kh\u00f4ng?<\/a>\n\t\t\t\t\t<\/h5>\n\t\t\t\t\t\t\t\t\t\t<div class=\"is-divider\"><\/div>\n\t\t\t\t\t\t\t\t\t\t<p class=\"from_the_blog_excerpt \">\n\t\t\t\t\t\tChi ph\u00ed thu\u00ea PT t\u1ea1i nh\u00e0 th\u01b0\u1eddng dao \u0111\u1ed9ng t\u00f9y kinh nghi\u1ec7m hu\u1ea5n luy\u1ec7n vi\u00ean, [...]\t\t\t\t\t<\/p>\n\t\t\t\t\t                    \n\t\t\t\t\t\t\t\t\t\t\t<a href=\"https:\/\/zenavietnam.com\/en\/thue-pt-tai-nha-bao-nhieu-tien-co-dang-de-dau-tu-khong\/\" class=\"button alert is-underline is-small mb-0\">\n\t\t\t\t\t\t\tXem th\u00eam\t\t\t\t\t\t<\/a>\n\t\t\t\t\t\n\t\t\t\t\t\n\t\t\t\t\t<\/div>\n\t\t\t\t\t<\/div>\n\t\t\t\t\t\t\t\t\t\t\t\t\t\t\t\t<div class=\"badge absolute top post-date badge-outline\">\n\t\t\t\t\t\t\t<div class=\"badge-inner\">\n\t\t\t\t\t\t\t\t<span class=\"post-date-day\">02<\/span><br>\n\t\t\t\t\t\t\t\t<span class=\"post-date-month is-xsmall\">Mar<\/span>\n\t\t\t\t\t\t\t<\/div>\n\t\t\t\t\t\t<\/div>\n\t\t\t\t\t\t\t\t\t<\/div>\n\t\t\t<\/div>\n\t\t<\/div><div class=\"col post-item\" >\n\t\t\t<div class=\"col-inner\">\n\t\t\t\t<div class=\"box box-normal box-text-bottom box-blog-post has-hover\">\n            \t\t\t\t\t<div class=\"box-image\" style=\"border-radius:5%;\">\n  \t\t\t\t\t\t<div class=\"image-cover\" style=\"padding-top:56%;\">\n\t\t\t\t\t\t\t<a href=\"https:\/\/zenavietnam.com\/en\/thue-pt-tap-tang-co-cach-nhanh-nhat-de-co-body-san-chac-tang-co-dung-cach\/\" class=\"plain\" aria-label=\"Thu\u00ea PT T\u1eadp T\u0103ng C\u01a1 \u2013 C\u00e1ch Nhanh Nh\u1ea5t \u0110\u1ec3 C\u00f3 Body S\u0103n Ch\u1eafc &amp; T\u0103ng C\u01a1 \u0110\u00fang C\u00e1ch\">\n\t\t\t\t\t\t\t\t<img loading=\"lazy\" decoding=\"async\" width=\"533\" height=\"400\" src=\"https:\/\/zenavietnam.com\/wp-content\/uploads\/2026\/03\/co-nen-thue-pt-ca-nhan-2-533x400.jpg\" class=\"attachment-medium size-medium wp-post-image\" alt=\"\" srcset=\"https:\/\/zenavietnam.com\/wp-content\/uploads\/2026\/03\/co-nen-thue-pt-ca-nhan-2-533x400.jpg 533w, https:\/\/zenavietnam.com\/wp-content\/uploads\/2026\/03\/co-nen-thue-pt-ca-nhan-2-500x375.jpg 500w, https:\/\/zenavietnam.com\/wp-content\/uploads\/2026\/03\/co-nen-thue-pt-ca-nhan-2-768x576.jpg 768w, https:\/\/zenavietnam.com\/wp-content\/uploads\/2026\/03\/co-nen-thue-pt-ca-nhan-2-16x12.jpg 16w, https:\/\/zenavietnam.com\/wp-content\/uploads\/2026\/03\/co-nen-thue-pt-ca-nhan-2.jpg 800w\" sizes=\"auto, (max-width: 533px) 100vw, 533px\" \/>\t\t\t\t\t\t\t<\/a>\n  \t\t\t\t\t\t\t  \t\t\t\t\t\t\t  \t\t\t\t\t\t<\/div>\n  \t\t\t\t\t\t  \t\t\t\t\t<\/div>\n          \t\t\t\t\t<div class=\"box-text text-center\" >\n\t\t\t\t\t<div class=\"box-text-inner blog-post-inner\">\n\n\t\t\t\t\t\n\t\t\t\t\t\t\t\t\t\t<h5 class=\"post-title is-large \">\n\t\t\t\t\t\t<a href=\"https:\/\/zenavietnam.com\/en\/thue-pt-tap-tang-co-cach-nhanh-nhat-de-co-body-san-chac-tang-co-dung-cach\/\" class=\"plain\">Thu\u00ea PT T\u1eadp T\u0103ng C\u01a1 \u2013 C\u00e1ch Nhanh Nh\u1ea5t \u0110\u1ec3 C\u00f3 Body S\u0103n Ch\u1eafc &amp; T\u0103ng C\u01a1 \u0110\u00fang C\u00e1ch<\/a>\n\t\t\t\t\t<\/h5>\n\t\t\t\t\t\t\t\t\t\t<div class=\"is-divider\"><\/div>\n\t\t\t\t\t\t\t\t\t\t<p class=\"from_the_blog_excerpt \">\n\t\t\t\t\t\tT\u0103ng c\u01a1 kh\u00f4ng ch\u1ec9 l\u00e0 n\u00e2ng t\u1ea1 n\u1eb7ng h\u01a1n m\u1ed7i ng\u00e0y. Thu\u00ea PT c\u00e1 nh\u00e2n [...]\t\t\t\t\t<\/p>\n\t\t\t\t\t                    \n\t\t\t\t\t\t\t\t\t\t\t<a href=\"https:\/\/zenavietnam.com\/en\/thue-pt-tap-tang-co-cach-nhanh-nhat-de-co-body-san-chac-tang-co-dung-cach\/\" class=\"button alert is-underline is-small mb-0\">\n\t\t\t\t\t\t\tXem th\u00eam\t\t\t\t\t\t<\/a>\n\t\t\t\t\t\n\t\t\t\t\t\n\t\t\t\t\t<\/div>\n\t\t\t\t\t<\/div>\n\t\t\t\t\t\t\t\t\t\t\t\t\t\t\t\t<div class=\"badge absolute top post-date badge-outline\">\n\t\t\t\t\t\t\t<div class=\"badge-inner\">\n\t\t\t\t\t\t\t\t<span class=\"post-date-day\">02<\/span><br>\n\t\t\t\t\t\t\t\t<span class=\"post-date-month is-xsmall\">Mar<\/span>\n\t\t\t\t\t\t\t<\/div>\n\t\t\t\t\t\t<\/div>\n\t\t\t\t\t\t\t\t\t<\/div>\n\t\t\t<\/div>\n\t\t<\/div><div class=\"col post-item\" >\n\t\t\t<div class=\"col-inner\">\n\t\t\t\t<div class=\"box box-normal box-text-bottom box-blog-post has-hover\">\n            \t\t\t\t\t<div class=\"box-image\" style=\"border-radius:5%;\">\n  \t\t\t\t\t\t<div class=\"image-cover\" style=\"padding-top:56%;\">\n\t\t\t\t\t\t\t<a href=\"https:\/\/zenavietnam.com\/en\/gia-thue-hinh-thuc-thue-va-loi-ich-khi-tap-cung-huan-luyen-vien-ca-nhan-massagenow\/\" class=\"plain\" aria-label=\"Gi\u00e1 Thu\u00ea, H\u00ecnh Th\u1ee9c Thu\u00ea V\u00e0 L\u1ee3i \u00cdch Khi T\u1eadp C\u00f9ng Hu\u1ea5n Luy\u1ec7n Vi\u00ean C\u00e1 Nh\u00e2n | MassageNow\">\n\t\t\t\t\t\t\t\t<img loading=\"lazy\" decoding=\"async\" width=\"275\" height=\"183\" src=\"https:\/\/zenavietnam.com\/wp-content\/uploads\/2026\/03\/images-1.jpg\" class=\"attachment-medium size-medium wp-post-image\" alt=\"\" srcset=\"https:\/\/zenavietnam.com\/wp-content\/uploads\/2026\/03\/images-1.jpg 275w, https:\/\/zenavietnam.com\/wp-content\/uploads\/2026\/03\/images-1-18x12.jpg 18w\" sizes=\"auto, (max-width: 275px) 100vw, 275px\" \/>\t\t\t\t\t\t\t<\/a>\n  \t\t\t\t\t\t\t  \t\t\t\t\t\t\t  \t\t\t\t\t\t<\/div>\n  \t\t\t\t\t\t  \t\t\t\t\t<\/div>\n          \t\t\t\t\t<div class=\"box-text text-center\" >\n\t\t\t\t\t<div class=\"box-text-inner blog-post-inner\">\n\n\t\t\t\t\t\n\t\t\t\t\t\t\t\t\t\t<h5 class=\"post-title is-large \">\n\t\t\t\t\t\t<a href=\"https:\/\/zenavietnam.com\/en\/gia-thue-hinh-thuc-thue-va-loi-ich-khi-tap-cung-huan-luyen-vien-ca-nhan-massagenow\/\" class=\"plain\">Gi\u00e1 Thu\u00ea, H\u00ecnh Th\u1ee9c Thu\u00ea V\u00e0 L\u1ee3i \u00cdch Khi T\u1eadp C\u00f9ng Hu\u1ea5n Luy\u1ec7n Vi\u00ean C\u00e1 Nh\u00e2n | MassageNow<\/a>\n\t\t\t\t\t<\/h5>\n\t\t\t\t\t\t\t\t\t\t<div class=\"is-divider\"><\/div>\n\t\t\t\t\t\t\t\t\t\t<p class=\"from_the_blog_excerpt \">\n\t\t\t\t\t\tTrong nh\u1eefng n\u0103m g\u1ea7n \u0111\u00e2y, PT Gym tr\u1edf th\u00e0nh l\u1ef1a ch\u1ecdn ph\u1ed5 bi\u1ebfn cho nh\u1eefng [...]\t\t\t\t\t<\/p>\n\t\t\t\t\t                    \n\t\t\t\t\t\t\t\t\t\t\t<a href=\"https:\/\/zenavietnam.com\/en\/gia-thue-hinh-thuc-thue-va-loi-ich-khi-tap-cung-huan-luyen-vien-ca-nhan-massagenow\/\" class=\"button alert is-underline is-small mb-0\">\n\t\t\t\t\t\t\tXem th\u00eam\t\t\t\t\t\t<\/a>\n\t\t\t\t\t\n\t\t\t\t\t\n\t\t\t\t\t<\/div>\n\t\t\t\t\t<\/div>\n\t\t\t\t\t\t\t\t\t\t\t\t\t\t\t\t<div class=\"badge absolute top post-date badge-outline\">\n\t\t\t\t\t\t\t<div class=\"badge-inner\">\n\t\t\t\t\t\t\t\t<span class=\"post-date-day\">01<\/span><br>\n\t\t\t\t\t\t\t\t<span class=\"post-date-month is-xsmall\">Mar<\/span>\n\t\t\t\t\t\t\t<\/div>\n\t\t\t\t\t\t<\/div>\n\t\t\t\t\t\t\t\t\t<\/div>\n\t\t\t<\/div>\n\t\t<\/div><div class=\"col post-item\" >\n\t\t\t<div class=\"col-inner\">\n\t\t\t\t<div class=\"box box-normal box-text-bottom box-blog-post has-hover\">\n            \t\t\t\t\t<div class=\"box-image\" style=\"border-radius:5%;\">\n  \t\t\t\t\t\t<div class=\"image-cover\" style=\"padding-top:56%;\">\n\t\t\t\t\t\t\t<a href=\"https:\/\/zenavietnam.com\/en\/nhung-bai-tap-ma-pt-ca-nhan-se-huong-dan-cho-ban-khi-tap-tai-nha-massagenow\/\" class=\"plain\" aria-label=\"Nh\u1eefng B\u00e0i T\u1eadp M\u00e0 PT C\u00e1 Nh\u00e2n S\u1ebd H\u01b0\u1edbng D\u1eabn Cho B\u1ea1n Khi T\u1eadp T\u1ea1i Nh\u00e0 | MassageNow\">\n\t\t\t\t\t\t\t\t<img loading=\"lazy\" decoding=\"async\" width=\"275\" height=\"183\" src=\"https:\/\/zenavietnam.com\/wp-content\/uploads\/2026\/03\/images-1.jpg\" class=\"attachment-medium size-medium wp-post-image\" alt=\"\" srcset=\"https:\/\/zenavietnam.com\/wp-content\/uploads\/2026\/03\/images-1.jpg 275w, https:\/\/zenavietnam.com\/wp-content\/uploads\/2026\/03\/images-1-18x12.jpg 18w\" sizes=\"auto, (max-width: 275px) 100vw, 275px\" \/>\t\t\t\t\t\t\t<\/a>\n  \t\t\t\t\t\t\t  \t\t\t\t\t\t\t  \t\t\t\t\t\t<\/div>\n  \t\t\t\t\t\t  \t\t\t\t\t<\/div>\n          \t\t\t\t\t<div class=\"box-text text-center\" >\n\t\t\t\t\t<div class=\"box-text-inner blog-post-inner\">\n\n\t\t\t\t\t\n\t\t\t\t\t\t\t\t\t\t<h5 class=\"post-title is-large \">\n\t\t\t\t\t\t<a href=\"https:\/\/zenavietnam.com\/en\/nhung-bai-tap-ma-pt-ca-nhan-se-huong-dan-cho-ban-khi-tap-tai-nha-massagenow\/\" class=\"plain\">Nh\u1eefng B\u00e0i T\u1eadp M\u00e0 PT C\u00e1 Nh\u00e2n S\u1ebd H\u01b0\u1edbng D\u1eabn Cho B\u1ea1n Khi T\u1eadp T\u1ea1i Nh\u00e0 | MassageNow<\/a>\n\t\t\t\t\t<\/h5>\n\t\t\t\t\t\t\t\t\t\t<div class=\"is-divider\"><\/div>\n\t\t\t\t\t\t\t\t\t\t<p class=\"from_the_blog_excerpt \">\n\t\t\t\t\t\tKhi thu\u00ea PT c\u00e1 nh\u00e2n t\u1ea1i nh\u00e0, b\u1ea1n kh\u00f4ng ch\u1ec9 \u0111\u01b0\u1ee3c h\u01b0\u1edbng d\u1eabn t\u1eadp luy\u1ec7n [...]\t\t\t\t\t<\/p>\n\t\t\t\t\t                    \n\t\t\t\t\t\t\t\t\t\t\t<a href=\"https:\/\/zenavietnam.com\/en\/nhung-bai-tap-ma-pt-ca-nhan-se-huong-dan-cho-ban-khi-tap-tai-nha-massagenow\/\" class=\"button alert is-underline is-small mb-0\">\n\t\t\t\t\t\t\tXem th\u00eam\t\t\t\t\t\t<\/a>\n\t\t\t\t\t\n\t\t\t\t\t\n\t\t\t\t\t<\/div>\n\t\t\t\t\t<\/div>\n\t\t\t\t\t\t\t\t\t\t\t\t\t\t\t\t<div class=\"badge absolute top post-date badge-outline\">\n\t\t\t\t\t\t\t<div class=\"badge-inner\">\n\t\t\t\t\t\t\t\t<span class=\"post-date-day\">01<\/span><br>\n\t\t\t\t\t\t\t\t<span class=\"post-date-month is-xsmall\">Mar<\/span>\n\t\t\t\t\t\t\t<\/div>\n\t\t\t\t\t\t<\/div>\n\t\t\t\t\t\t\t\t\t<\/div>\n\t\t\t<\/div>\n\t\t<\/div><div class=\"col post-item\" >\n\t\t\t<div class=\"col-inner\">\n\t\t\t\t<div class=\"box box-normal box-text-bottom box-blog-post has-hover\">\n            \t\t\t\t\t<div class=\"box-image\" style=\"border-radius:5%;\">\n  \t\t\t\t\t\t<div class=\"image-cover\" style=\"padding-top:56%;\">\n\t\t\t\t\t\t\t<a href=\"https:\/\/zenavietnam.com\/en\/thue-pt-tai-nha-giai-phap-tap-luyen-ca-nhan-hieu-qua\/\" class=\"plain\" aria-label=\"Thu\u00ea PT T\u1ea1i Nh\u00e0 \u2013 Gi\u1ea3i Ph\u00e1p T\u1eadp Luy\u1ec7n C\u00e1 Nh\u00e2n Hi\u1ec7u Qu\u1ea3\">\n\t\t\t\t\t\t\t\t<img loading=\"lazy\" decoding=\"async\" width=\"606\" height=\"400\" src=\"https:\/\/zenavietnam.com\/wp-content\/uploads\/2026\/02\/pt-ca-nhan-tai-nha-gia-re-3-1-606x400.jpg\" class=\"attachment-medium size-medium wp-post-image\" alt=\"\" srcset=\"https:\/\/zenavietnam.com\/wp-content\/uploads\/2026\/02\/pt-ca-nhan-tai-nha-gia-re-3-1-606x400.jpg 606w, https:\/\/zenavietnam.com\/wp-content\/uploads\/2026\/02\/pt-ca-nhan-tai-nha-gia-re-3-1-500x330.jpg 500w, https:\/\/zenavietnam.com\/wp-content\/uploads\/2026\/02\/pt-ca-nhan-tai-nha-gia-re-3-1-1211x800.jpg 1211w, https:\/\/zenavietnam.com\/wp-content\/uploads\/2026\/02\/pt-ca-nhan-tai-nha-gia-re-3-1-768x507.jpg 768w, https:\/\/zenavietnam.com\/wp-content\/uploads\/2026\/02\/pt-ca-nhan-tai-nha-gia-re-3-1-1536x1014.jpg 1536w, https:\/\/zenavietnam.com\/wp-content\/uploads\/2026\/02\/pt-ca-nhan-tai-nha-gia-re-3-1-18x12.jpg 18w, https:\/\/zenavietnam.com\/wp-content\/uploads\/2026\/02\/pt-ca-nhan-tai-nha-gia-re-3-1.jpg 1829w\" sizes=\"auto, (max-width: 606px) 100vw, 606px\" \/>\t\t\t\t\t\t\t<\/a>\n  \t\t\t\t\t\t\t  \t\t\t\t\t\t\t  \t\t\t\t\t\t<\/div>\n  \t\t\t\t\t\t  \t\t\t\t\t<\/div>\n          \t\t\t\t\t<div class=\"box-text text-center\" >\n\t\t\t\t\t<div class=\"box-text-inner blog-post-inner\">\n\n\t\t\t\t\t\n\t\t\t\t\t\t\t\t\t\t<h5 class=\"post-title is-large \">\n\t\t\t\t\t\t<a href=\"https:\/\/zenavietnam.com\/en\/thue-pt-tai-nha-giai-phap-tap-luyen-ca-nhan-hieu-qua\/\" class=\"plain\">Thu\u00ea PT T\u1ea1i Nh\u00e0 \u2013 Gi\u1ea3i Ph\u00e1p T\u1eadp Luy\u1ec7n C\u00e1 Nh\u00e2n Hi\u1ec7u Qu\u1ea3<\/a>\n\t\t\t\t\t<\/h5>\n\t\t\t\t\t\t\t\t\t\t<div class=\"is-divider\"><\/div>\n\t\t\t\t\t\t\t\t\t\t<p class=\"from_the_blog_excerpt \">\n\t\t\t\t\t\tThu\u00ea PT t\u1ea1i nh\u00e0 gi\u00fap b\u1ea1n gi\u1ea3m c\u00e2n, t\u0103ng c\u01a1 v\u00e0 c\u1ea3i thi\u1ec7n s\u1ee9c kh\u1ecfe [...]\t\t\t\t\t<\/p>\n\t\t\t\t\t                    \n\t\t\t\t\t\t\t\t\t\t\t<a href=\"https:\/\/zenavietnam.com\/en\/thue-pt-tai-nha-giai-phap-tap-luyen-ca-nhan-hieu-qua\/\" class=\"button alert is-underline is-small mb-0\">\n\t\t\t\t\t\t\tXem th\u00eam\t\t\t\t\t\t<\/a>\n\t\t\t\t\t\n\t\t\t\t\t\n\t\t\t\t\t<\/div>\n\t\t\t\t\t<\/div>\n\t\t\t\t\t\t\t\t\t\t\t\t\t\t\t\t<div class=\"badge absolute top post-date badge-outline\">\n\t\t\t\t\t\t\t<div class=\"badge-inner\">\n\t\t\t\t\t\t\t\t<span class=\"post-date-day\">27<\/span><br>\n\t\t\t\t\t\t\t\t<span class=\"post-date-month is-xsmall\">Feb<\/span>\n\t\t\t\t\t\t\t<\/div>\n\t\t\t\t\t\t<\/div>\n\t\t\t\t\t\t\t\t\t<\/div>\n\t\t\t<\/div>\n\t\t<\/div><\/div>\n\n\n\t\t<\/div>\n\n\t\t\n<style>\n#section_6808068 {\n  padding-top: 30px;\n  padding-bottom: 30px;\n}\n<\/style>\n\t<\/section>\n\t\n\n","protected":false},"excerpt":{"rendered":"","protected":false},"author":1,"featured_media":0,"parent":0,"menu_order":0,"comment_status":"closed","ping_status":"closed","template":"","meta":{"_acf_changed":false,"footnotes":""},"class_list":["post-973","page","type-page","status-publish","hentry"],"acf":[],"_hostinger_reach_plugin_has_subscription_block":false,"_hostinger_reach_plugin_is_elementor":false,"_links":{"self":[{"href":"https:\/\/zenavietnam.com\/en\/wp-json\/wp\/v2\/pages\/973","targetHints":{"allow":["GET"]}}],"collection":[{"href":"https:\/\/zenavietnam.com\/en\/wp-json\/wp\/v2\/pages"}],"about":[{"href":"https:\/\/zenavietnam.com\/en\/wp-json\/wp\/v2\/types\/page"}],"author":[{"embeddable":true,"href":"https:\/\/zenavietnam.com\/en\/wp-json\/wp\/v2\/users\/1"}],"replies":[{"embeddable":true,"href":"https:\/\/zenavietnam.com\/en\/wp-json\/wp\/v2\/comments?post=973"}],"version-history":[{"count":0,"href":"https:\/\/zenavietnam.com\/en\/wp-json\/wp\/v2\/pages\/973\/revisions"}],"wp:attachment":[{"href":"https:\/\/zenavietnam.com\/en\/wp-json\/wp\/v2\/media?parent=973"}],"curies":[{"name":"wp","href":"https:\/\/api.w.org\/{rel}","templated":true}]}}