{"id":2885,"date":"2026-03-27T05:38:51","date_gmt":"2026-03-27T05:38:51","guid":{"rendered":"https:\/\/zenavietnam.com\/?post_type=product&#038;p=2885"},"modified":"2026-04-18T04:39:16","modified_gmt":"2026-04-18T04:39:16","slug":"tran-minh-anh","status":"publish","type":"product","link":"https:\/\/zenavietnam.com\/en\/massage-tai-nha\/tran-minh-anh\/","title":{"rendered":"Tr\u1ea7n Minh Anh"},"content":{"rendered":"","protected":false},"excerpt":{"rendered":"<p data-start=\"510\" data-end=\"794\">K\u1ef9 thu\u1eadt vi\u00ean n\u1eafm r\u00f5 c\u00e1c huy\u1ec7t \u0111\u1ea1o c\u01a1 b\u1ea3n, gi\u00fap t\u0103ng hi\u1ec7u qu\u1ea3 th\u01b0 gi\u00e3n v\u00e0 h\u1ed7 tr\u1ee3 l\u01b0u th\u00f4ng kh\u00ed huy\u1ebft t\u1ed1t h\u01a1n sau m\u1ed7i li\u1ec7u tr\u00ecnh.<br data-start=\"638\" data-end=\"641\" \/>Ngo\u00e0i ra, th\u00e1i \u0111\u1ed9 ph\u1ee5c v\u1ee5 chuy\u00ean nghi\u1ec7p, nh\u1eb9 nh\u00e0ng, lu\u00f4n l\u1eafng nghe ph\u1ea3n h\u1ed3i \u0111\u1ec3 \u0111i\u1ec1u ch\u1ec9nh ph\u00f9 h\u1ee3p, mang l\u1ea1i tr\u1ea3i nghi\u1ec7m d\u1ec5 ch\u1ecbu v\u00e0 an t\u00e2m cho kh\u00e1ch h\u00e0ng.<\/p>","protected":false},"featured_media":2886,"comment_status":"open","ping_status":"closed","template":"","meta":{"_acf_changed":false},"product_brand":[],"product_cat":[574],"product_tag":[],"class_list":{"0":"post-2885","1":"product","2":"type-product","3":"status-publish","4":"has-post-thumbnail","6":"product_cat-massage","8":"first","9":"instock","10":"shipping-taxable","11":"purchasable","12":"product-type-variable"},"acf":[],"_links":{"self":[{"href":"https:\/\/zenavietnam.com\/en\/wp-json\/wp\/v2\/product\/2885","targetHints":{"allow":["GET"]}}],"collection":[{"href":"https:\/\/zenavietnam.com\/en\/wp-json\/wp\/v2\/product"}],"about":[{"href":"https:\/\/zenavietnam.com\/en\/wp-json\/wp\/v2\/types\/product"}],"replies":[{"embeddable":true,"href":"https:\/\/zenavietnam.com\/en\/wp-json\/wp\/v2\/comments?post=2885"}],"wp:featuredmedia":[{"embeddable":true,"href":"https:\/\/zenavietnam.com\/en\/wp-json\/wp\/v2\/media\/2886"}],"wp:attachment":[{"href":"https:\/\/zenavietnam.com\/en\/wp-json\/wp\/v2\/media?parent=2885"}],"wp:term":[{"taxonomy":"product_brand","embeddable":true,"href":"https:\/\/zenavietnam.com\/en\/wp-json\/wp\/v2\/product_brand?post=2885"},{"taxonomy":"product_cat","embeddable":true,"href":"https:\/\/zenavietnam.com\/en\/wp-json\/wp\/v2\/product_cat?post=2885"},{"taxonomy":"product_tag","embeddable":true,"href":"https:\/\/zenavietnam.com\/en\/wp-json\/wp\/v2\/product_tag?post=2885"}],"curies":[{"name":"wp","href":"https:\/\/api.w.org\/{rel}","templated":true}]}}