{"id":2962,"date":"2026-03-27T06:39:01","date_gmt":"2026-03-27T06:39:01","guid":{"rendered":"https:\/\/zenavietnam.com\/?post_type=product&#038;p=2962"},"modified":"2026-04-15T04:56:46","modified_gmt":"2026-04-15T04:56:46","slug":"do-hoai-an","status":"publish","type":"product","link":"https:\/\/zenavietnam.com\/en\/massage-tai-nha\/do-hoai-an\/","title":{"rendered":"\u0110\u1ed7 Ho\u00e0i An"},"content":{"rendered":"","protected":false},"excerpt":{"rendered":"<p>Kinh nghi\u1ec7m 2 n\u0103m l\u00e0m vi\u1ec7c trong l\u0129nh v\u1ef1c massage, chuy\u00ean v\u1ec1 massage tr\u1ecb li\u1ec7u. N\u1eafm v\u1eefng k\u1ef9 thu\u1eadt x\u1eed l\u00fd \u0111au m\u1ecfi vai g\u00e1y, l\u01b0ng v\u00e0 c\u1ed5, l\u1ef1c tay \u1ed5n \u0111\u1ecbnh, thao t\u00e1c ch\u00ednh x\u00e1c, mang l\u1ea1i hi\u1ec7u qu\u1ea3 th\u01b0 gi\u00e3n v\u00e0 ph\u1ee5c h\u1ed3i r\u00f5 r\u1ec7t.<\/p>","protected":false},"featured_media":2982,"comment_status":"open","ping_status":"closed","template":"","meta":{"_acf_changed":false},"product_brand":[],"product_cat":[574],"product_tag":[],"class_list":{"0":"post-2962","1":"product","2":"type-product","3":"status-publish","4":"has-post-thumbnail","6":"product_cat-massage","8":"first","9":"instock","10":"shipping-taxable","11":"purchasable","12":"product-type-variable"},"acf":[],"_links":{"self":[{"href":"https:\/\/zenavietnam.com\/en\/wp-json\/wp\/v2\/product\/2962","targetHints":{"allow":["GET"]}}],"collection":[{"href":"https:\/\/zenavietnam.com\/en\/wp-json\/wp\/v2\/product"}],"about":[{"href":"https:\/\/zenavietnam.com\/en\/wp-json\/wp\/v2\/types\/product"}],"replies":[{"embeddable":true,"href":"https:\/\/zenavietnam.com\/en\/wp-json\/wp\/v2\/comments?post=2962"}],"wp:featuredmedia":[{"embeddable":true,"href":"https:\/\/zenavietnam.com\/en\/wp-json\/wp\/v2\/media\/2982"}],"wp:attachment":[{"href":"https:\/\/zenavietnam.com\/en\/wp-json\/wp\/v2\/media?parent=2962"}],"wp:term":[{"taxonomy":"product_brand","embeddable":true,"href":"https:\/\/zenavietnam.com\/en\/wp-json\/wp\/v2\/product_brand?post=2962"},{"taxonomy":"product_cat","embeddable":true,"href":"https:\/\/zenavietnam.com\/en\/wp-json\/wp\/v2\/product_cat?post=2962"},{"taxonomy":"product_tag","embeddable":true,"href":"https:\/\/zenavietnam.com\/en\/wp-json\/wp\/v2\/product_tag?post=2962"}],"curies":[{"name":"wp","href":"https:\/\/api.w.org\/{rel}","templated":true}]}}