{"id":3004,"date":"2026-03-27T07:28:47","date_gmt":"2026-03-27T07:28:47","guid":{"rendered":"https:\/\/zenavietnam.com\/?post_type=product&#038;p=3004"},"modified":"2026-04-04T08:20:56","modified_gmt":"2026-04-04T08:20:56","slug":"3004","status":"publish","type":"product","link":"https:\/\/zenavietnam.com\/en\/massage-tai-nha\/3004\/","title":{"rendered":"Tr\u1ea7n Qu\u1ef3nh Anh"},"content":{"rendered":"","protected":false},"excerpt":{"rendered":"<p data-start=\"553\" data-end=\"730\">Kinh nghi\u1ec7m 2 n\u0103m, s\u1edf tr\u01b0\u1eddng massage tr\u1ecb li\u1ec7u chuy\u00ean s\u00e2u. K\u1ef9 thu\u1eadt t\u1ed1t, c\u1ea3m nh\u1eadn c\u01a1 th\u1ec3 nhanh, thao t\u00e1c chu\u1ea9n x\u00e1c, t\u1eadp trung x\u1eed l\u00fd \u0111\u00fang \u0111i\u1ec3m \u0111au.<\/p>","protected":false},"featured_media":3150,"comment_status":"open","ping_status":"closed","template":"","meta":{"_acf_changed":false},"product_brand":[],"product_cat":[574],"product_tag":[],"class_list":{"0":"post-3004","1":"product","2":"type-product","3":"status-publish","4":"has-post-thumbnail","6":"product_cat-massage","8":"first","9":"instock","10":"shipping-taxable","11":"purchasable","12":"product-type-variable"},"acf":[],"_links":{"self":[{"href":"https:\/\/zenavietnam.com\/en\/wp-json\/wp\/v2\/product\/3004","targetHints":{"allow":["GET"]}}],"collection":[{"href":"https:\/\/zenavietnam.com\/en\/wp-json\/wp\/v2\/product"}],"about":[{"href":"https:\/\/zenavietnam.com\/en\/wp-json\/wp\/v2\/types\/product"}],"replies":[{"embeddable":true,"href":"https:\/\/zenavietnam.com\/en\/wp-json\/wp\/v2\/comments?post=3004"}],"wp:featuredmedia":[{"embeddable":true,"href":"https:\/\/zenavietnam.com\/en\/wp-json\/wp\/v2\/media\/3150"}],"wp:attachment":[{"href":"https:\/\/zenavietnam.com\/en\/wp-json\/wp\/v2\/media?parent=3004"}],"wp:term":[{"taxonomy":"product_brand","embeddable":true,"href":"https:\/\/zenavietnam.com\/en\/wp-json\/wp\/v2\/product_brand?post=3004"},{"taxonomy":"product_cat","embeddable":true,"href":"https:\/\/zenavietnam.com\/en\/wp-json\/wp\/v2\/product_cat?post=3004"},{"taxonomy":"product_tag","embeddable":true,"href":"https:\/\/zenavietnam.com\/en\/wp-json\/wp\/v2\/product_tag?post=3004"}],"curies":[{"name":"wp","href":"https:\/\/api.w.org\/{rel}","templated":true}]}}