{"id":3033,"date":"2026-03-27T07:39:53","date_gmt":"2026-03-27T07:39:53","guid":{"rendered":"https:\/\/zenavietnam.com\/?post_type=product&#038;p=3033"},"modified":"2026-04-18T08:28:35","modified_gmt":"2026-04-18T08:28:35","slug":"dang-ngoc-han","status":"publish","type":"product","link":"https:\/\/zenavietnam.com\/en\/massage-tai-nha\/dang-ngoc-han\/","title":{"rendered":"Mai Ng\u1ecdc Tr\u1ea7n"},"content":{"rendered":"","protected":false},"excerpt":{"rendered":"<p data-start=\"1196\" data-end=\"1452\">Ch\u00fang t\u00f4i mang \u0111\u1ebfn tr\u1ea3i nghi\u1ec7m massage chu\u1ea9n spa v\u1edbi quy tr\u00ecnh b\u00e0i b\u1ea3n, s\u1eed d\u1ee5ng tinh d\u1ea7u thi\u00ean nhi\u00ean v\u00e0 k\u1ef9 thu\u1eadt chuy\u00ean s\u00e2u. M\u1ed7i kh\u00e1ch h\u00e0ng \u0111\u1ec1u \u0111\u01b0\u1ee3c ch\u0103m s\u00f3c ri\u00eang bi\u1ec7t, \u0111\u1ea3m b\u1ea3o s\u1ef1 h\u00e0i l\u00f2ng v\u00e0 th\u01b0 gi\u00e3n t\u1ed1i \u0111a.<\/p>","protected":false},"featured_media":3034,"comment_status":"open","ping_status":"closed","template":"","meta":{"_acf_changed":false},"product_brand":[],"product_cat":[574],"product_tag":[],"class_list":{"0":"post-3033","1":"product","2":"type-product","3":"status-publish","4":"has-post-thumbnail","6":"product_cat-massage","8":"first","9":"instock","10":"shipping-taxable","11":"purchasable","12":"product-type-variable"},"acf":[],"_links":{"self":[{"href":"https:\/\/zenavietnam.com\/en\/wp-json\/wp\/v2\/product\/3033","targetHints":{"allow":["GET"]}}],"collection":[{"href":"https:\/\/zenavietnam.com\/en\/wp-json\/wp\/v2\/product"}],"about":[{"href":"https:\/\/zenavietnam.com\/en\/wp-json\/wp\/v2\/types\/product"}],"replies":[{"embeddable":true,"href":"https:\/\/zenavietnam.com\/en\/wp-json\/wp\/v2\/comments?post=3033"}],"wp:featuredmedia":[{"embeddable":true,"href":"https:\/\/zenavietnam.com\/en\/wp-json\/wp\/v2\/media\/3034"}],"wp:attachment":[{"href":"https:\/\/zenavietnam.com\/en\/wp-json\/wp\/v2\/media?parent=3033"}],"wp:term":[{"taxonomy":"product_brand","embeddable":true,"href":"https:\/\/zenavietnam.com\/en\/wp-json\/wp\/v2\/product_brand?post=3033"},{"taxonomy":"product_cat","embeddable":true,"href":"https:\/\/zenavietnam.com\/en\/wp-json\/wp\/v2\/product_cat?post=3033"},{"taxonomy":"product_tag","embeddable":true,"href":"https:\/\/zenavietnam.com\/en\/wp-json\/wp\/v2\/product_tag?post=3033"}],"curies":[{"name":"wp","href":"https:\/\/api.w.org\/{rel}","templated":true}]}}