{"id":3047,"date":"2026-03-27T07:53:55","date_gmt":"2026-03-27T07:53:55","guid":{"rendered":"https:\/\/zenavietnam.com\/?post_type=product&#038;p=3047"},"modified":"2026-04-14T06:43:57","modified_gmt":"2026-04-14T06:43:57","slug":"3047","status":"publish","type":"product","link":"https:\/\/zenavietnam.com\/en\/massage-tai-nha\/3047\/","title":{"rendered":"\u0110\u1ed7 Minh Ch\u00e2u"},"content":{"rendered":"","protected":false},"excerpt":{"rendered":"<p>V\u1edbi h\u01a1n <strong data-start=\"836\" data-end=\"880\">2 n\u0103m kinh nghi\u1ec7m trong massage tr\u1ecb li\u1ec7u<\/strong>, t\u00f4i t\u1eadp trung v\u00e0o c\u00e1c k\u1ef9 thu\u1eadt gi\u00fap gi\u1ea3m \u0111au, th\u01b0 gi\u00e3n s\u00e2u v\u00e0 ph\u1ee5c h\u1ed3i c\u01a1 th\u1ec3.<\/p>","protected":false},"featured_media":3048,"comment_status":"open","ping_status":"closed","template":"","meta":{"_acf_changed":false},"product_brand":[],"product_cat":[574],"product_tag":[],"class_list":{"0":"post-3047","1":"product","2":"type-product","3":"status-publish","4":"has-post-thumbnail","6":"product_cat-massage","8":"first","9":"instock","10":"shipping-taxable","11":"purchasable","12":"product-type-variable"},"acf":[],"_links":{"self":[{"href":"https:\/\/zenavietnam.com\/en\/wp-json\/wp\/v2\/product\/3047","targetHints":{"allow":["GET"]}}],"collection":[{"href":"https:\/\/zenavietnam.com\/en\/wp-json\/wp\/v2\/product"}],"about":[{"href":"https:\/\/zenavietnam.com\/en\/wp-json\/wp\/v2\/types\/product"}],"replies":[{"embeddable":true,"href":"https:\/\/zenavietnam.com\/en\/wp-json\/wp\/v2\/comments?post=3047"}],"wp:featuredmedia":[{"embeddable":true,"href":"https:\/\/zenavietnam.com\/en\/wp-json\/wp\/v2\/media\/3048"}],"wp:attachment":[{"href":"https:\/\/zenavietnam.com\/en\/wp-json\/wp\/v2\/media?parent=3047"}],"wp:term":[{"taxonomy":"product_brand","embeddable":true,"href":"https:\/\/zenavietnam.com\/en\/wp-json\/wp\/v2\/product_brand?post=3047"},{"taxonomy":"product_cat","embeddable":true,"href":"https:\/\/zenavietnam.com\/en\/wp-json\/wp\/v2\/product_cat?post=3047"},{"taxonomy":"product_tag","embeddable":true,"href":"https:\/\/zenavietnam.com\/en\/wp-json\/wp\/v2\/product_tag?post=3047"}],"curies":[{"name":"wp","href":"https:\/\/api.w.org\/{rel}","templated":true}]}}