{"id":3061,"date":"2026-03-27T08:17:44","date_gmt":"2026-03-27T08:17:44","guid":{"rendered":"https:\/\/zenavietnam.com\/?post_type=product&#038;p=3061"},"modified":"2026-05-05T03:57:37","modified_gmt":"2026-05-05T03:57:37","slug":"dang-ngoc-han-2","status":"publish","type":"product","link":"https:\/\/zenavietnam.com\/en\/massage-tai-nha\/dang-ngoc-han-2\/","title":{"rendered":"\u0110\u1eb7ng Ng\u1ecdc H\u00e2n"},"content":{"rendered":"","protected":false},"excerpt":{"rendered":"<p data-start=\"1149\" data-end=\"1370\">Chuy\u00ean vi\u00ean massage tr\u1ecb li\u1ec7u v\u1edbi <strong data-start=\"1182\" data-end=\"1203\">2 n\u0103m kinh nghi\u1ec7m<\/strong>, s\u1edf tr\u01b0\u1eddng x\u1eed l\u00fd c\u00e1c v\u1ea5n \u0111\u1ec1 nh\u01b0 \u0111au vai g\u00e1y, \u0111au l\u01b0ng, c\u0103ng c\u01a1 do l\u00e0m vi\u1ec7c l\u00e2u.<br data-start=\"1283\" data-end=\"1286\" \/>Cam k\u1ebft mang l\u1ea1i <strong data-start=\"1303\" data-end=\"1369\">tr\u1ea3i nghi\u1ec7m th\u01b0 gi\u00e3n s\u00e2u \u2013 gi\u1ea3m \u0111au r\u00f5 r\u1ec7t ngay sau li\u1ec7u tr\u00ecnh<\/strong>.<\/p>","protected":false},"featured_media":6379,"comment_status":"open","ping_status":"closed","template":"","meta":{"_acf_changed":false},"product_brand":[],"product_cat":[574],"product_tag":[],"class_list":{"0":"post-3061","1":"product","2":"type-product","3":"status-publish","4":"has-post-thumbnail","6":"product_cat-massage","8":"first","9":"instock","10":"shipping-taxable","11":"purchasable","12":"product-type-variable"},"acf":[],"_links":{"self":[{"href":"https:\/\/zenavietnam.com\/en\/wp-json\/wp\/v2\/product\/3061","targetHints":{"allow":["GET"]}}],"collection":[{"href":"https:\/\/zenavietnam.com\/en\/wp-json\/wp\/v2\/product"}],"about":[{"href":"https:\/\/zenavietnam.com\/en\/wp-json\/wp\/v2\/types\/product"}],"replies":[{"embeddable":true,"href":"https:\/\/zenavietnam.com\/en\/wp-json\/wp\/v2\/comments?post=3061"}],"wp:featuredmedia":[{"embeddable":true,"href":"https:\/\/zenavietnam.com\/en\/wp-json\/wp\/v2\/media\/6379"}],"wp:attachment":[{"href":"https:\/\/zenavietnam.com\/en\/wp-json\/wp\/v2\/media?parent=3061"}],"wp:term":[{"taxonomy":"product_brand","embeddable":true,"href":"https:\/\/zenavietnam.com\/en\/wp-json\/wp\/v2\/product_brand?post=3061"},{"taxonomy":"product_cat","embeddable":true,"href":"https:\/\/zenavietnam.com\/en\/wp-json\/wp\/v2\/product_cat?post=3061"},{"taxonomy":"product_tag","embeddable":true,"href":"https:\/\/zenavietnam.com\/en\/wp-json\/wp\/v2\/product_tag?post=3061"}],"curies":[{"name":"wp","href":"https:\/\/api.w.org\/{rel}","templated":true}]}}