{"id":3167,"date":"2026-03-28T06:36:19","date_gmt":"2026-03-28T06:36:19","guid":{"rendered":"https:\/\/zenavietnam.com\/?post_type=product&#038;p=3167"},"modified":"2026-05-05T02:20:11","modified_gmt":"2026-05-05T02:20:11","slug":"hoang-minh-chau","status":"publish","type":"product","link":"https:\/\/zenavietnam.com\/en\/massage-tai-nha\/hoang-minh-chau\/","title":{"rendered":"Ho\u00e0ng Minh Ch\u00e2u"},"content":{"rendered":"","protected":false},"excerpt":{"rendered":"<p data-path-to-node=\"3,6,0\">Tr\u1ecb li\u1ec7u l\u00e0nh m\u1ea1nh \u2013 Ph\u1ee5c h\u1ed3i th\u00e2n t\u00e2m, n\u00e2ng t\u1ea7m s\u1ee9c kh\u1ecfe.<\/p>\n<h3 data-path-to-node=\"4\"><\/h3>","protected":false},"featured_media":6332,"comment_status":"open","ping_status":"closed","template":"","meta":{"_acf_changed":false},"product_brand":[],"product_cat":[574],"product_tag":[],"class_list":{"0":"post-3167","1":"product","2":"type-product","3":"status-publish","4":"has-post-thumbnail","6":"product_cat-massage","8":"first","9":"instock","10":"shipping-taxable","11":"purchasable","12":"product-type-variable"},"acf":[],"_links":{"self":[{"href":"https:\/\/zenavietnam.com\/en\/wp-json\/wp\/v2\/product\/3167","targetHints":{"allow":["GET"]}}],"collection":[{"href":"https:\/\/zenavietnam.com\/en\/wp-json\/wp\/v2\/product"}],"about":[{"href":"https:\/\/zenavietnam.com\/en\/wp-json\/wp\/v2\/types\/product"}],"replies":[{"embeddable":true,"href":"https:\/\/zenavietnam.com\/en\/wp-json\/wp\/v2\/comments?post=3167"}],"wp:featuredmedia":[{"embeddable":true,"href":"https:\/\/zenavietnam.com\/en\/wp-json\/wp\/v2\/media\/6332"}],"wp:attachment":[{"href":"https:\/\/zenavietnam.com\/en\/wp-json\/wp\/v2\/media?parent=3167"}],"wp:term":[{"taxonomy":"product_brand","embeddable":true,"href":"https:\/\/zenavietnam.com\/en\/wp-json\/wp\/v2\/product_brand?post=3167"},{"taxonomy":"product_cat","embeddable":true,"href":"https:\/\/zenavietnam.com\/en\/wp-json\/wp\/v2\/product_cat?post=3167"},{"taxonomy":"product_tag","embeddable":true,"href":"https:\/\/zenavietnam.com\/en\/wp-json\/wp\/v2\/product_tag?post=3167"}],"curies":[{"name":"wp","href":"https:\/\/api.w.org\/{rel}","templated":true}]}}