{"id":3323,"date":"2026-03-28T07:32:32","date_gmt":"2026-03-28T07:32:32","guid":{"rendered":"https:\/\/zenavietnam.com\/?post_type=product&#038;p=3323"},"modified":"2026-04-18T03:16:29","modified_gmt":"2026-04-18T03:16:29","slug":"pham-kim-ngan","status":"publish","type":"product","link":"https:\/\/zenavietnam.com\/en\/massage-tai-nha\/pham-kim-ngan\/","title":{"rendered":"Ph\u1ea1m Kim Ng\u00e2n"},"content":{"rendered":"","protected":false},"excerpt":{"rendered":"<p data-path-to-node=\"3,5,0\">Chuy\u00ean nghi\u1ec7p trong t\u1eebng thao t\u00e1c, nghi\u00eam t\u00fac trong t\u1eebng li\u1ec7u tr\u00ecnh.<\/p>","protected":false},"featured_media":3324,"comment_status":"open","ping_status":"closed","template":"","meta":{"_acf_changed":false},"product_brand":[],"product_cat":[574],"product_tag":[],"class_list":{"0":"post-3323","1":"product","2":"type-product","3":"status-publish","4":"has-post-thumbnail","6":"product_cat-massage","8":"first","9":"instock","10":"shipping-taxable","11":"purchasable","12":"product-type-variable"},"acf":[],"_links":{"self":[{"href":"https:\/\/zenavietnam.com\/en\/wp-json\/wp\/v2\/product\/3323","targetHints":{"allow":["GET"]}}],"collection":[{"href":"https:\/\/zenavietnam.com\/en\/wp-json\/wp\/v2\/product"}],"about":[{"href":"https:\/\/zenavietnam.com\/en\/wp-json\/wp\/v2\/types\/product"}],"replies":[{"embeddable":true,"href":"https:\/\/zenavietnam.com\/en\/wp-json\/wp\/v2\/comments?post=3323"}],"wp:featuredmedia":[{"embeddable":true,"href":"https:\/\/zenavietnam.com\/en\/wp-json\/wp\/v2\/media\/3324"}],"wp:attachment":[{"href":"https:\/\/zenavietnam.com\/en\/wp-json\/wp\/v2\/media?parent=3323"}],"wp:term":[{"taxonomy":"product_brand","embeddable":true,"href":"https:\/\/zenavietnam.com\/en\/wp-json\/wp\/v2\/product_brand?post=3323"},{"taxonomy":"product_cat","embeddable":true,"href":"https:\/\/zenavietnam.com\/en\/wp-json\/wp\/v2\/product_cat?post=3323"},{"taxonomy":"product_tag","embeddable":true,"href":"https:\/\/zenavietnam.com\/en\/wp-json\/wp\/v2\/product_tag?post=3323"}],"curies":[{"name":"wp","href":"https:\/\/api.w.org\/{rel}","templated":true}]}}