{"id":3357,"date":"2026-03-28T07:43:40","date_gmt":"2026-03-28T07:43:40","guid":{"rendered":"https:\/\/zenavietnam.com\/?post_type=product&#038;p=3357"},"modified":"2026-04-04T08:23:15","modified_gmt":"2026-04-04T08:23:15","slug":"vu-ngoc-tram","status":"publish","type":"product","link":"https:\/\/zenavietnam.com\/en\/massage-tai-nha\/vu-ngoc-tram\/","title":{"rendered":"V\u0169 Ng\u1ecdc Tr\u00e2m"},"content":{"rendered":"","protected":false},"excerpt":{"rendered":"<p data-path-to-node=\"3,1,0\">Cam k\u1ebft d\u1ecbch v\u1ee5 tr\u1ecb li\u1ec7u chu\u1ea9n y khoa, an to\u00e0n v\u00e0 v\u0103n minh.<\/p>","protected":false},"featured_media":3359,"comment_status":"open","ping_status":"closed","template":"","meta":{"_acf_changed":false},"product_brand":[],"product_cat":[574],"product_tag":[],"class_list":{"0":"post-3357","1":"product","2":"type-product","3":"status-publish","4":"has-post-thumbnail","6":"product_cat-massage","8":"first","9":"instock","10":"shipping-taxable","11":"purchasable","12":"product-type-variable"},"acf":[],"_links":{"self":[{"href":"https:\/\/zenavietnam.com\/en\/wp-json\/wp\/v2\/product\/3357","targetHints":{"allow":["GET"]}}],"collection":[{"href":"https:\/\/zenavietnam.com\/en\/wp-json\/wp\/v2\/product"}],"about":[{"href":"https:\/\/zenavietnam.com\/en\/wp-json\/wp\/v2\/types\/product"}],"replies":[{"embeddable":true,"href":"https:\/\/zenavietnam.com\/en\/wp-json\/wp\/v2\/comments?post=3357"}],"wp:featuredmedia":[{"embeddable":true,"href":"https:\/\/zenavietnam.com\/en\/wp-json\/wp\/v2\/media\/3359"}],"wp:attachment":[{"href":"https:\/\/zenavietnam.com\/en\/wp-json\/wp\/v2\/media?parent=3357"}],"wp:term":[{"taxonomy":"product_brand","embeddable":true,"href":"https:\/\/zenavietnam.com\/en\/wp-json\/wp\/v2\/product_brand?post=3357"},{"taxonomy":"product_cat","embeddable":true,"href":"https:\/\/zenavietnam.com\/en\/wp-json\/wp\/v2\/product_cat?post=3357"},{"taxonomy":"product_tag","embeddable":true,"href":"https:\/\/zenavietnam.com\/en\/wp-json\/wp\/v2\/product_tag?post=3357"}],"curies":[{"name":"wp","href":"https:\/\/api.w.org\/{rel}","templated":true}]}}