{"id":3493,"date":"2026-03-28T08:58:38","date_gmt":"2026-03-28T08:58:38","guid":{"rendered":"https:\/\/zenavietnam.com\/?post_type=product&#038;p=3493"},"modified":"2026-04-04T08:09:04","modified_gmt":"2026-04-04T08:09:04","slug":"nguyen-van-giai-thien-tam-tue-giac","status":"publish","type":"product","link":"https:\/\/zenavietnam.com\/en\/massage-tai-nha\/nguyen-van-giai-thien-tam-tue-giac\/","title":{"rendered":"Nguy\u1ec5n V\u0103n Giai (Thi\u1ec7n T\u00e2m-Tu\u1ec7 Gi\u00e1c)"},"content":{"rendered":"","protected":false},"excerpt":{"rendered":"<p data-path-to-node=\"5,3,0\">L\u1ea5y s\u1ef1 h\u00e0i l\u00f2ng v\u00e0 s\u1ee9c kh\u1ecfe c\u1ee7a kh\u00e1ch h\u00e0ng l\u00e0m th\u01b0\u1edbc \u0111o gi\u00e1 tr\u1ecb.<\/p>","protected":false},"featured_media":3495,"comment_status":"open","ping_status":"closed","template":"","meta":{"_acf_changed":false},"product_brand":[],"product_cat":[574],"product_tag":[],"class_list":{"0":"post-3493","1":"product","2":"type-product","3":"status-publish","4":"has-post-thumbnail","6":"product_cat-massage","8":"first","9":"instock","10":"shipping-taxable","11":"purchasable","12":"product-type-variable"},"acf":[],"_links":{"self":[{"href":"https:\/\/zenavietnam.com\/en\/wp-json\/wp\/v2\/product\/3493","targetHints":{"allow":["GET"]}}],"collection":[{"href":"https:\/\/zenavietnam.com\/en\/wp-json\/wp\/v2\/product"}],"about":[{"href":"https:\/\/zenavietnam.com\/en\/wp-json\/wp\/v2\/types\/product"}],"replies":[{"embeddable":true,"href":"https:\/\/zenavietnam.com\/en\/wp-json\/wp\/v2\/comments?post=3493"}],"wp:featuredmedia":[{"embeddable":true,"href":"https:\/\/zenavietnam.com\/en\/wp-json\/wp\/v2\/media\/3495"}],"wp:attachment":[{"href":"https:\/\/zenavietnam.com\/en\/wp-json\/wp\/v2\/media?parent=3493"}],"wp:term":[{"taxonomy":"product_brand","embeddable":true,"href":"https:\/\/zenavietnam.com\/en\/wp-json\/wp\/v2\/product_brand?post=3493"},{"taxonomy":"product_cat","embeddable":true,"href":"https:\/\/zenavietnam.com\/en\/wp-json\/wp\/v2\/product_cat?post=3493"},{"taxonomy":"product_tag","embeddable":true,"href":"https:\/\/zenavietnam.com\/en\/wp-json\/wp\/v2\/product_tag?post=3493"}],"curies":[{"name":"wp","href":"https:\/\/api.w.org\/{rel}","templated":true}]}}