{"id":3583,"date":"2026-03-28T09:38:57","date_gmt":"2026-03-28T09:38:57","guid":{"rendered":"https:\/\/zenavietnam.com\/?post_type=product&#038;p=3583"},"modified":"2026-05-05T03:54:06","modified_gmt":"2026-05-05T03:54:06","slug":"do-minh-thu","status":"publish","type":"product","link":"https:\/\/zenavietnam.com\/en\/massage-tai-nha\/do-minh-thu\/","title":{"rendered":"\u0110\u1ed7 Minh Th\u01b0"},"content":{"rendered":"","protected":false},"excerpt":{"rendered":"<p data-path-to-node=\"7,1,0\">Tr\u1ecb li\u1ec7u chuy\u00ean nghi\u1ec7p \u2013 S\u1ee9c kh\u1ecfe l\u00e0 v\u00e0ng, t\u00e2m s\u00e1ng l\u00e0 g\u1ed1c.<\/p>","protected":false},"featured_media":6376,"comment_status":"open","ping_status":"closed","template":"","meta":{"_acf_changed":false},"product_brand":[],"product_cat":[574],"product_tag":[],"class_list":{"0":"post-3583","1":"product","2":"type-product","3":"status-publish","4":"has-post-thumbnail","6":"product_cat-massage","8":"first","9":"instock","10":"shipping-taxable","11":"purchasable","12":"product-type-variable"},"acf":[],"_links":{"self":[{"href":"https:\/\/zenavietnam.com\/en\/wp-json\/wp\/v2\/product\/3583","targetHints":{"allow":["GET"]}}],"collection":[{"href":"https:\/\/zenavietnam.com\/en\/wp-json\/wp\/v2\/product"}],"about":[{"href":"https:\/\/zenavietnam.com\/en\/wp-json\/wp\/v2\/types\/product"}],"replies":[{"embeddable":true,"href":"https:\/\/zenavietnam.com\/en\/wp-json\/wp\/v2\/comments?post=3583"}],"wp:featuredmedia":[{"embeddable":true,"href":"https:\/\/zenavietnam.com\/en\/wp-json\/wp\/v2\/media\/6376"}],"wp:attachment":[{"href":"https:\/\/zenavietnam.com\/en\/wp-json\/wp\/v2\/media?parent=3583"}],"wp:term":[{"taxonomy":"product_brand","embeddable":true,"href":"https:\/\/zenavietnam.com\/en\/wp-json\/wp\/v2\/product_brand?post=3583"},{"taxonomy":"product_cat","embeddable":true,"href":"https:\/\/zenavietnam.com\/en\/wp-json\/wp\/v2\/product_cat?post=3583"},{"taxonomy":"product_tag","embeddable":true,"href":"https:\/\/zenavietnam.com\/en\/wp-json\/wp\/v2\/product_tag?post=3583"}],"curies":[{"name":"wp","href":"https:\/\/api.w.org\/{rel}","templated":true}]}}