{"id":3613,"date":"2026-03-30T07:10:16","date_gmt":"2026-03-30T07:10:16","guid":{"rendered":"https:\/\/zenavietnam.com\/?post_type=product&#038;p=3613"},"modified":"2026-04-04T08:17:25","modified_gmt":"2026-04-04T08:17:25","slug":"tran-anh-duong-2","status":"publish","type":"product","link":"https:\/\/zenavietnam.com\/en\/massage-tai-nha\/tran-anh-duong-2\/","title":{"rendered":"Tr\u1ea7n \u00c1nh"},"content":{"rendered":"","protected":false},"excerpt":{"rendered":"<p>\u0110\u1ed9i ng\u0169 k\u1ef9 thu\u1eadt vi\u00ean t\u1ea1i gian h\u00e0ng \u0111\u1ec1u \u0111\u01b0\u1ee3c \u0111\u00e0o t\u1ea1o b\u00e0i b\u1ea3n, c\u00f3 kinh nghi\u1ec7m th\u1ef1c t\u1ebf trong vi\u1ec7c x\u1eed l\u00fd c\u00e1c t\u00ecnh tr\u1ea1ng nh\u01b0 \u0111au m\u1ecfi vai g\u00e1y, c\u0103ng c\u01a1, stress v\u00e0 m\u1ea5t ng\u1ee7.<br data-start=\"357\" data-end=\"360\" \/>T\u1eebng thao t\u00e1c massage \u0111\u01b0\u1ee3c th\u1ef1c hi\u1ec7n ch\u00ednh x\u00e1c, l\u1ef1c tay \u1ed5n \u0111\u1ecbnh, bi\u1ebft \u0111i\u1ec1u ch\u1ec9nh \u0111\u1ed9 m\u1ea1nh \u2013 nh\u1eb9 theo t\u1eebng kh\u00e1ch h\u00e0ng, kh\u00f4ng g\u00e2y \u0111au r\u00e1t hay kh\u00f3 ch\u1ecbu.<\/p>","protected":false},"featured_media":3765,"comment_status":"open","ping_status":"closed","template":"","meta":{"_acf_changed":false},"product_brand":[],"product_cat":[574],"product_tag":[],"class_list":{"0":"post-3613","1":"product","2":"type-product","3":"status-publish","4":"has-post-thumbnail","6":"product_cat-massage","8":"first","9":"instock","10":"shipping-taxable","11":"purchasable","12":"product-type-variable"},"acf":[],"_links":{"self":[{"href":"https:\/\/zenavietnam.com\/en\/wp-json\/wp\/v2\/product\/3613","targetHints":{"allow":["GET"]}}],"collection":[{"href":"https:\/\/zenavietnam.com\/en\/wp-json\/wp\/v2\/product"}],"about":[{"href":"https:\/\/zenavietnam.com\/en\/wp-json\/wp\/v2\/types\/product"}],"replies":[{"embeddable":true,"href":"https:\/\/zenavietnam.com\/en\/wp-json\/wp\/v2\/comments?post=3613"}],"wp:featuredmedia":[{"embeddable":true,"href":"https:\/\/zenavietnam.com\/en\/wp-json\/wp\/v2\/media\/3765"}],"wp:attachment":[{"href":"https:\/\/zenavietnam.com\/en\/wp-json\/wp\/v2\/media?parent=3613"}],"wp:term":[{"taxonomy":"product_brand","embeddable":true,"href":"https:\/\/zenavietnam.com\/en\/wp-json\/wp\/v2\/product_brand?post=3613"},{"taxonomy":"product_cat","embeddable":true,"href":"https:\/\/zenavietnam.com\/en\/wp-json\/wp\/v2\/product_cat?post=3613"},{"taxonomy":"product_tag","embeddable":true,"href":"https:\/\/zenavietnam.com\/en\/wp-json\/wp\/v2\/product_tag?post=3613"}],"curies":[{"name":"wp","href":"https:\/\/api.w.org\/{rel}","templated":true}]}}