{"id":3630,"date":"2026-03-30T07:14:38","date_gmt":"2026-03-30T07:14:38","guid":{"rendered":"https:\/\/zenavietnam.com\/?post_type=product&#038;p=3630"},"modified":"2026-03-30T07:14:38","modified_gmt":"2026-03-30T07:14:38","slug":"be-tho-iu","status":"publish","type":"product","link":"https:\/\/zenavietnam.com\/en\/massage-tai-nha\/be-tho-iu\/","title":{"rendered":"B\u00e9 Th\u1ecf iu"},"content":{"rendered":"","protected":false},"excerpt":{"rendered":"<p>Mu\u1ed1n ph\u1ee5c v\u1ee5 v\u00e0 l\u00e0m cho kh\u00e1ch b\u1eb1ng c\u00e1ch t\u1ed1t nh\u1ea5t. S\u1ee9c kh\u1ecfe c\u1ee7a m\u1ecdi ng\u01b0\u1eddi l\u00e0 ni\u1ec1m vui c\u1ee7a em \ud83e\udd70 Vui l\u00f2ng kh\u00e1ch \u0111\u1ebfn v\u1eeba l\u00f2ng kh\u00e1ch \u0111i \u1ea1 n\u1ebfu kh\u00e1ch book em \u1edf xa vui l\u00f2ng h\u1ed7 tr\u1ee3 em th\u00eam ti\u1ec1n xe \u1ea1 \ud83c\udf40\ud83d\udc95<\/p>","protected":false},"featured_media":3634,"comment_status":"open","ping_status":"closed","template":"","meta":{"_acf_changed":false},"product_brand":[],"product_cat":[15],"product_tag":[],"class_list":{"0":"post-3630","1":"product","2":"type-product","3":"status-publish","4":"has-post-thumbnail","6":"product_cat-dat-lich","8":"first","9":"instock","10":"shipping-taxable","11":"purchasable","12":"product-type-variable"},"acf":[],"_links":{"self":[{"href":"https:\/\/zenavietnam.com\/en\/wp-json\/wp\/v2\/product\/3630","targetHints":{"allow":["GET"]}}],"collection":[{"href":"https:\/\/zenavietnam.com\/en\/wp-json\/wp\/v2\/product"}],"about":[{"href":"https:\/\/zenavietnam.com\/en\/wp-json\/wp\/v2\/types\/product"}],"replies":[{"embeddable":true,"href":"https:\/\/zenavietnam.com\/en\/wp-json\/wp\/v2\/comments?post=3630"}],"wp:featuredmedia":[{"embeddable":true,"href":"https:\/\/zenavietnam.com\/en\/wp-json\/wp\/v2\/media\/3634"}],"wp:attachment":[{"href":"https:\/\/zenavietnam.com\/en\/wp-json\/wp\/v2\/media?parent=3630"}],"wp:term":[{"taxonomy":"product_brand","embeddable":true,"href":"https:\/\/zenavietnam.com\/en\/wp-json\/wp\/v2\/product_brand?post=3630"},{"taxonomy":"product_cat","embeddable":true,"href":"https:\/\/zenavietnam.com\/en\/wp-json\/wp\/v2\/product_cat?post=3630"},{"taxonomy":"product_tag","embeddable":true,"href":"https:\/\/zenavietnam.com\/en\/wp-json\/wp\/v2\/product_tag?post=3630"}],"curies":[{"name":"wp","href":"https:\/\/api.w.org\/{rel}","templated":true}]}}