{"id":3650,"date":"2026-03-30T07:17:49","date_gmt":"2026-03-30T07:17:49","guid":{"rendered":"https:\/\/zenavietnam.com\/?post_type=product&#038;p=3650"},"modified":"2026-04-18T01:32:14","modified_gmt":"2026-04-18T01:32:14","slug":"em-be","status":"publish","type":"product","link":"https:\/\/zenavietnam.com\/en\/massage-tai-nha\/em-be\/","title":{"rendered":"Em b\u00e9"},"content":{"rendered":"","protected":false},"excerpt":{"rendered":"<p>C\u1ea3m \u01a1n kh\u00e1ch h\u00e0ng \u0111\u00e3 y\u00eau qu\u00fd &amp; ch\u1ecdn em Em bi\u1ebft massa xoa b\u00f3p b\u1ea5m huy\u1ec7t b\u00e0i b\u1ea3n. C\u00f3 c\u1ea1o gi\u00f3 gi\u00e1c h\u01a1i, ch\u01b0\u1eddm \u0111\u00e1 n\u00f3ng, skin care massa m\u1eb7t + vai c\u1ed5 g\u00e1y. Gi\u1ea3m b\u00e9o b\u1ee5ng \ud83d\udc4c\ud83d\udc4c H\u1ee9a s\u1ebd mang l\u1ea1i cho kh\u00e1ch h\u00e0ng tr\u1ea3i nghi\u1ec7m massa t\u1ed1t \u1ea1<\/p>","protected":false},"featured_media":3653,"comment_status":"open","ping_status":"closed","template":"","meta":{"_acf_changed":false},"product_brand":[],"product_cat":[574],"product_tag":[],"class_list":{"0":"post-3650","1":"product","2":"type-product","3":"status-publish","4":"has-post-thumbnail","6":"product_cat-massage","8":"first","9":"instock","10":"shipping-taxable","11":"purchasable","12":"product-type-variable"},"acf":[],"_links":{"self":[{"href":"https:\/\/zenavietnam.com\/en\/wp-json\/wp\/v2\/product\/3650","targetHints":{"allow":["GET"]}}],"collection":[{"href":"https:\/\/zenavietnam.com\/en\/wp-json\/wp\/v2\/product"}],"about":[{"href":"https:\/\/zenavietnam.com\/en\/wp-json\/wp\/v2\/types\/product"}],"replies":[{"embeddable":true,"href":"https:\/\/zenavietnam.com\/en\/wp-json\/wp\/v2\/comments?post=3650"}],"wp:featuredmedia":[{"embeddable":true,"href":"https:\/\/zenavietnam.com\/en\/wp-json\/wp\/v2\/media\/3653"}],"wp:attachment":[{"href":"https:\/\/zenavietnam.com\/en\/wp-json\/wp\/v2\/media?parent=3650"}],"wp:term":[{"taxonomy":"product_brand","embeddable":true,"href":"https:\/\/zenavietnam.com\/en\/wp-json\/wp\/v2\/product_brand?post=3650"},{"taxonomy":"product_cat","embeddable":true,"href":"https:\/\/zenavietnam.com\/en\/wp-json\/wp\/v2\/product_cat?post=3650"},{"taxonomy":"product_tag","embeddable":true,"href":"https:\/\/zenavietnam.com\/en\/wp-json\/wp\/v2\/product_tag?post=3650"}],"curies":[{"name":"wp","href":"https:\/\/api.w.org\/{rel}","templated":true}]}}