{"id":3867,"date":"2026-04-01T03:21:54","date_gmt":"2026-04-01T03:21:54","guid":{"rendered":"https:\/\/zenavietnam.com\/?post_type=product&#038;p=3867"},"modified":"2026-04-04T08:22:25","modified_gmt":"2026-04-04T08:22:25","slug":"vu-minh-lan","status":"publish","type":"product","link":"https:\/\/zenavietnam.com\/en\/massage-tai-nha\/vu-minh-lan\/","title":{"rendered":"V\u0169 Minh Lan"},"content":{"rendered":"","protected":false},"excerpt":{"rendered":"<p>Massagebody Massage aroma Massage ch\u00e2n Massage th\u00e1i Kinh nghi\u1ec7m 3 n\u0103m R\u1ea5t vui \u0111\u01b0\u1ee3c ph\u1ee5c v\u1ee5 kh\u00e1ch h\u00e0ng \u1ea1 Kh\u00e1ch book em h\u1ed9 tr\u1ee3 gi\u00fap em ph\u00ed di chuy\u1ec3n \u1ea1<\/p>","protected":false},"featured_media":3870,"comment_status":"open","ping_status":"closed","template":"","meta":{"_acf_changed":false},"product_brand":[],"product_cat":[574],"product_tag":[],"class_list":{"0":"post-3867","1":"product","2":"type-product","3":"status-publish","4":"has-post-thumbnail","6":"product_cat-massage","8":"first","9":"instock","10":"shipping-taxable","11":"purchasable","12":"product-type-variable"},"acf":[],"_links":{"self":[{"href":"https:\/\/zenavietnam.com\/en\/wp-json\/wp\/v2\/product\/3867","targetHints":{"allow":["GET"]}}],"collection":[{"href":"https:\/\/zenavietnam.com\/en\/wp-json\/wp\/v2\/product"}],"about":[{"href":"https:\/\/zenavietnam.com\/en\/wp-json\/wp\/v2\/types\/product"}],"replies":[{"embeddable":true,"href":"https:\/\/zenavietnam.com\/en\/wp-json\/wp\/v2\/comments?post=3867"}],"wp:featuredmedia":[{"embeddable":true,"href":"https:\/\/zenavietnam.com\/en\/wp-json\/wp\/v2\/media\/3870"}],"wp:attachment":[{"href":"https:\/\/zenavietnam.com\/en\/wp-json\/wp\/v2\/media?parent=3867"}],"wp:term":[{"taxonomy":"product_brand","embeddable":true,"href":"https:\/\/zenavietnam.com\/en\/wp-json\/wp\/v2\/product_brand?post=3867"},{"taxonomy":"product_cat","embeddable":true,"href":"https:\/\/zenavietnam.com\/en\/wp-json\/wp\/v2\/product_cat?post=3867"},{"taxonomy":"product_tag","embeddable":true,"href":"https:\/\/zenavietnam.com\/en\/wp-json\/wp\/v2\/product_tag?post=3867"}],"curies":[{"name":"wp","href":"https:\/\/api.w.org\/{rel}","templated":true}]}}