{"id":3921,"date":"2026-04-01T03:43:43","date_gmt":"2026-04-01T03:43:43","guid":{"rendered":"https:\/\/zenavietnam.com\/?post_type=product&#038;p=3921"},"modified":"2026-04-14T06:45:32","modified_gmt":"2026-04-14T06:45:32","slug":"cao-thi-mai-hoa","status":"publish","type":"product","link":"https:\/\/zenavietnam.com\/en\/massage-tai-nha\/cao-thi-mai-hoa\/","title":{"rendered":"Cao Th\u1ecb Mai Hoa"},"content":{"rendered":"","protected":false},"excerpt":{"rendered":"<div class=\"sc-cZYOMl dKgeCN\">nhi\u1ec7t t\u00ecnh, ho\u00e0 \u0111\u1ed3ng,kinh nghi\u1ec7m massa l\u00e2u n\u0103m<\/div>","protected":false},"featured_media":3931,"comment_status":"open","ping_status":"closed","template":"","meta":{"_acf_changed":false},"product_brand":[],"product_cat":[574],"product_tag":[],"class_list":{"0":"post-3921","1":"product","2":"type-product","3":"status-publish","4":"has-post-thumbnail","6":"product_cat-massage","8":"first","9":"instock","10":"shipping-taxable","11":"purchasable","12":"product-type-variable"},"acf":[],"_links":{"self":[{"href":"https:\/\/zenavietnam.com\/en\/wp-json\/wp\/v2\/product\/3921","targetHints":{"allow":["GET"]}}],"collection":[{"href":"https:\/\/zenavietnam.com\/en\/wp-json\/wp\/v2\/product"}],"about":[{"href":"https:\/\/zenavietnam.com\/en\/wp-json\/wp\/v2\/types\/product"}],"replies":[{"embeddable":true,"href":"https:\/\/zenavietnam.com\/en\/wp-json\/wp\/v2\/comments?post=3921"}],"wp:featuredmedia":[{"embeddable":true,"href":"https:\/\/zenavietnam.com\/en\/wp-json\/wp\/v2\/media\/3931"}],"wp:attachment":[{"href":"https:\/\/zenavietnam.com\/en\/wp-json\/wp\/v2\/media?parent=3921"}],"wp:term":[{"taxonomy":"product_brand","embeddable":true,"href":"https:\/\/zenavietnam.com\/en\/wp-json\/wp\/v2\/product_brand?post=3921"},{"taxonomy":"product_cat","embeddable":true,"href":"https:\/\/zenavietnam.com\/en\/wp-json\/wp\/v2\/product_cat?post=3921"},{"taxonomy":"product_tag","embeddable":true,"href":"https:\/\/zenavietnam.com\/en\/wp-json\/wp\/v2\/product_tag?post=3921"}],"curies":[{"name":"wp","href":"https:\/\/api.w.org\/{rel}","templated":true}]}}