{"id":3986,"date":"2026-04-01T04:12:54","date_gmt":"2026-04-01T04:12:54","guid":{"rendered":"https:\/\/zenavietnam.com\/?post_type=product&#038;p=3986"},"modified":"2026-04-04T08:01:22","modified_gmt":"2026-04-04T08:01:22","slug":"minh-nhi","status":"publish","type":"product","link":"https:\/\/zenavietnam.com\/en\/massage-tai-nha\/minh-nhi\/","title":{"rendered":"Minh Nhi"},"content":{"rendered":"","protected":false},"excerpt":{"rendered":"<p>T\u00f4i c\u00f3 2 n\u0103m kinh nghi\u1ec7m trong l\u0129nh v\u1ef1c massage tr\u1ecb li\u1ec7u, chuy\u00ean v\u1ec1 Massage Th\u00e1i, Massage Aroma , Massage kh\u00f4ng d\u1ea7u, Massage d\u1ea7u v\u00e0 Massage c\u1ed5 vai g\u00e1y. T\u00f4i th\u00e0nh th\u1ea1o c\u00e1c k\u1ef9 thu\u1eadt gi\u00fap kh\u00e1ch h\u00e0ng gi\u1ea3m \u0111au nh\u1ee9c, th\u01b0 gi\u00e3n c\u01a1 th\u1ec3 v\u00e0 c\u1ea3i thi\u1ec7n s\u1ee9c kh\u1ecfe. T\u00f4i lu\u00f4n t\u1eadp trung v\u00e0o vi\u1ec7c t\u1ea1o tr\u1ea3i nghi\u1ec7m tho\u1ea3i m\u00e1i v\u00e0 hi\u1ec7u qu\u1ea3, \u0111\u00e1p \u1ee9ng nhu c\u1ea7u th\u01b0 gi\u00e3n v\u00e0 tr\u1ecb li\u1ec7u c\u1ee7a t\u1eebng kh\u00e1ch h\u00e0ng.<\/p>","protected":false},"featured_media":3988,"comment_status":"open","ping_status":"closed","template":"","meta":{"_acf_changed":false},"product_brand":[],"product_cat":[574],"product_tag":[],"class_list":{"0":"post-3986","1":"product","2":"type-product","3":"status-publish","4":"has-post-thumbnail","6":"product_cat-massage","8":"first","9":"instock","10":"shipping-taxable","11":"purchasable","12":"product-type-variable"},"acf":[],"_links":{"self":[{"href":"https:\/\/zenavietnam.com\/en\/wp-json\/wp\/v2\/product\/3986","targetHints":{"allow":["GET"]}}],"collection":[{"href":"https:\/\/zenavietnam.com\/en\/wp-json\/wp\/v2\/product"}],"about":[{"href":"https:\/\/zenavietnam.com\/en\/wp-json\/wp\/v2\/types\/product"}],"replies":[{"embeddable":true,"href":"https:\/\/zenavietnam.com\/en\/wp-json\/wp\/v2\/comments?post=3986"}],"wp:featuredmedia":[{"embeddable":true,"href":"https:\/\/zenavietnam.com\/en\/wp-json\/wp\/v2\/media\/3988"}],"wp:attachment":[{"href":"https:\/\/zenavietnam.com\/en\/wp-json\/wp\/v2\/media?parent=3986"}],"wp:term":[{"taxonomy":"product_brand","embeddable":true,"href":"https:\/\/zenavietnam.com\/en\/wp-json\/wp\/v2\/product_brand?post=3986"},{"taxonomy":"product_cat","embeddable":true,"href":"https:\/\/zenavietnam.com\/en\/wp-json\/wp\/v2\/product_cat?post=3986"},{"taxonomy":"product_tag","embeddable":true,"href":"https:\/\/zenavietnam.com\/en\/wp-json\/wp\/v2\/product_tag?post=3986"}],"curies":[{"name":"wp","href":"https:\/\/api.w.org\/{rel}","templated":true}]}}