{"id":4037,"date":"2026-04-01T04:32:44","date_gmt":"2026-04-01T04:32:44","guid":{"rendered":"https:\/\/zenavietnam.com\/?post_type=product&#038;p=4037"},"modified":"2026-05-05T03:36:55","modified_gmt":"2026-05-05T03:36:55","slug":"an-sami","status":"publish","type":"product","link":"https:\/\/zenavietnam.com\/en\/massage-tai-nha\/an-sami\/","title":{"rendered":"An Sami"},"content":{"rendered":"","protected":false},"excerpt":{"rendered":"<p>3 n\u0103m kinh nghi\u1ec7m massage. c\u1ed5 vai g\u00e1y. foot, body\u2764\ufe0f. th\u00e1i \u0111\u1ed9 vui v\u1ebb nhi\u1ec7t t\u00ecnh v\u00e0 th\u00e2n thi\u1ec7n v\u1edbi kh\u00e1ch h\u00e0ng<\/p>","protected":false},"featured_media":6363,"comment_status":"open","ping_status":"closed","template":"","meta":{"_acf_changed":false},"product_brand":[],"product_cat":[574],"product_tag":[],"class_list":{"0":"post-4037","1":"product","2":"type-product","3":"status-publish","4":"has-post-thumbnail","6":"product_cat-massage","8":"first","9":"instock","10":"shipping-taxable","11":"purchasable","12":"product-type-variable"},"acf":[],"_links":{"self":[{"href":"https:\/\/zenavietnam.com\/en\/wp-json\/wp\/v2\/product\/4037","targetHints":{"allow":["GET"]}}],"collection":[{"href":"https:\/\/zenavietnam.com\/en\/wp-json\/wp\/v2\/product"}],"about":[{"href":"https:\/\/zenavietnam.com\/en\/wp-json\/wp\/v2\/types\/product"}],"replies":[{"embeddable":true,"href":"https:\/\/zenavietnam.com\/en\/wp-json\/wp\/v2\/comments?post=4037"}],"wp:featuredmedia":[{"embeddable":true,"href":"https:\/\/zenavietnam.com\/en\/wp-json\/wp\/v2\/media\/6363"}],"wp:attachment":[{"href":"https:\/\/zenavietnam.com\/en\/wp-json\/wp\/v2\/media?parent=4037"}],"wp:term":[{"taxonomy":"product_brand","embeddable":true,"href":"https:\/\/zenavietnam.com\/en\/wp-json\/wp\/v2\/product_brand?post=4037"},{"taxonomy":"product_cat","embeddable":true,"href":"https:\/\/zenavietnam.com\/en\/wp-json\/wp\/v2\/product_cat?post=4037"},{"taxonomy":"product_tag","embeddable":true,"href":"https:\/\/zenavietnam.com\/en\/wp-json\/wp\/v2\/product_tag?post=4037"}],"curies":[{"name":"wp","href":"https:\/\/api.w.org\/{rel}","templated":true}]}}