{"id":4055,"date":"2026-04-01T04:34:55","date_gmt":"2026-04-01T04:34:55","guid":{"rendered":"https:\/\/zenavietnam.com\/?post_type=product&#038;p=4055"},"modified":"2026-04-18T02:16:33","modified_gmt":"2026-04-18T02:16:33","slug":"4055","status":"publish","type":"product","link":"https:\/\/zenavietnam.com\/en\/massage-tai-nha\/4055\/","title":{"rendered":"Mai Linh Lung"},"content":{"rendered":"","protected":false},"excerpt":{"rendered":"<div class=\"sc-cZYOMl dKgeCN\">Kinh nghi\u1ec7m L\u00e0m vi\u1ec7c nhi\u1ec1u n\u0103m, t\u00ednh c\u00e1ch vui v\u1ebb<\/div>","protected":false},"featured_media":4058,"comment_status":"open","ping_status":"closed","template":"","meta":{"_acf_changed":false},"product_brand":[],"product_cat":[574],"product_tag":[],"class_list":{"0":"post-4055","1":"product","2":"type-product","3":"status-publish","4":"has-post-thumbnail","6":"product_cat-massage","8":"first","9":"instock","10":"shipping-taxable","11":"purchasable","12":"product-type-variable"},"acf":[],"_links":{"self":[{"href":"https:\/\/zenavietnam.com\/en\/wp-json\/wp\/v2\/product\/4055","targetHints":{"allow":["GET"]}}],"collection":[{"href":"https:\/\/zenavietnam.com\/en\/wp-json\/wp\/v2\/product"}],"about":[{"href":"https:\/\/zenavietnam.com\/en\/wp-json\/wp\/v2\/types\/product"}],"replies":[{"embeddable":true,"href":"https:\/\/zenavietnam.com\/en\/wp-json\/wp\/v2\/comments?post=4055"}],"wp:featuredmedia":[{"embeddable":true,"href":"https:\/\/zenavietnam.com\/en\/wp-json\/wp\/v2\/media\/4058"}],"wp:attachment":[{"href":"https:\/\/zenavietnam.com\/en\/wp-json\/wp\/v2\/media?parent=4055"}],"wp:term":[{"taxonomy":"product_brand","embeddable":true,"href":"https:\/\/zenavietnam.com\/en\/wp-json\/wp\/v2\/product_brand?post=4055"},{"taxonomy":"product_cat","embeddable":true,"href":"https:\/\/zenavietnam.com\/en\/wp-json\/wp\/v2\/product_cat?post=4055"},{"taxonomy":"product_tag","embeddable":true,"href":"https:\/\/zenavietnam.com\/en\/wp-json\/wp\/v2\/product_tag?post=4055"}],"curies":[{"name":"wp","href":"https:\/\/api.w.org\/{rel}","templated":true}]}}