{"id":4408,"date":"2026-04-06T02:22:43","date_gmt":"2026-04-06T02:22:43","guid":{"rendered":"https:\/\/zenavietnam.com\/?post_type=product&#038;p=4408"},"modified":"2026-04-15T03:31:44","modified_gmt":"2026-04-15T03:31:44","slug":"minh-anh-bui","status":"publish","type":"product","link":"https:\/\/zenavietnam.com\/en\/massage-tai-nha\/minh-anh-bui\/","title":{"rendered":"Minh Anh B\u00f9i"},"content":{"rendered":"","protected":false},"excerpt":{"rendered":"<p>L\u00e0m \u0111c t\u1ea5t c\u1ea3 c\u00e1c b\u00e0i body th\u01b0 gi\u00e3n Bi\u1ebft g\u1ed9i v\u00e0 l\u00e0m m\u1eb7t c\u01a1 b\u1ea3n<\/p>","protected":false},"featured_media":4417,"comment_status":"open","ping_status":"closed","template":"","meta":{"_acf_changed":false},"product_brand":[],"product_cat":[574],"product_tag":[],"class_list":{"0":"post-4408","1":"product","2":"type-product","3":"status-publish","4":"has-post-thumbnail","6":"product_cat-massage","8":"first","9":"instock","10":"shipping-taxable","11":"purchasable","12":"product-type-variable"},"acf":[],"_links":{"self":[{"href":"https:\/\/zenavietnam.com\/en\/wp-json\/wp\/v2\/product\/4408","targetHints":{"allow":["GET"]}}],"collection":[{"href":"https:\/\/zenavietnam.com\/en\/wp-json\/wp\/v2\/product"}],"about":[{"href":"https:\/\/zenavietnam.com\/en\/wp-json\/wp\/v2\/types\/product"}],"replies":[{"embeddable":true,"href":"https:\/\/zenavietnam.com\/en\/wp-json\/wp\/v2\/comments?post=4408"}],"wp:featuredmedia":[{"embeddable":true,"href":"https:\/\/zenavietnam.com\/en\/wp-json\/wp\/v2\/media\/4417"}],"wp:attachment":[{"href":"https:\/\/zenavietnam.com\/en\/wp-json\/wp\/v2\/media?parent=4408"}],"wp:term":[{"taxonomy":"product_brand","embeddable":true,"href":"https:\/\/zenavietnam.com\/en\/wp-json\/wp\/v2\/product_brand?post=4408"},{"taxonomy":"product_cat","embeddable":true,"href":"https:\/\/zenavietnam.com\/en\/wp-json\/wp\/v2\/product_cat?post=4408"},{"taxonomy":"product_tag","embeddable":true,"href":"https:\/\/zenavietnam.com\/en\/wp-json\/wp\/v2\/product_tag?post=4408"}],"curies":[{"name":"wp","href":"https:\/\/api.w.org\/{rel}","templated":true}]}}