{"id":4445,"date":"2026-04-06T02:35:31","date_gmt":"2026-04-06T02:35:31","guid":{"rendered":"https:\/\/zenavietnam.com\/?post_type=product&#038;p=4445"},"modified":"2026-04-15T03:33:06","modified_gmt":"2026-04-15T03:33:06","slug":"min-baby","status":"publish","type":"product","link":"https:\/\/zenavietnam.com\/en\/massage-tai-nha\/min-baby\/","title":{"rendered":"Min Baby"},"content":{"rendered":"","protected":false},"excerpt":{"rendered":"<p>M\u1ed7i kh\u00e1ch h\u00e0ng \u0111\u1ec1u c\u00f3 nhu c\u1ea7u kh\u00e1c nhau, v\u00ec v\u1eady t\u00f4i lu\u00f4n l\u1eafng nghe v\u00e0 \u0111i\u1ec1u ch\u1ec9nh li\u1ec7u tr\u00ecnh massage sao cho ph\u00f9 h\u1ee3p v\u1edbi t\u1eebng kh\u00e1ch h\u00e0ng. Gi\u00fap kh\u00e1ch h\u00e0ng th\u01b0 gi\u00e3n v\u00e0 tho\u1ea3i m\u00e1i nh\u1ea5t sau m\u1ed7i li\u1ec7u tr\u00ecnh. R\u1ea5t mong \u0111\u01b0\u1ee3c ph\u1ee5c ph\u1ee5 t\u1ea5t c\u1ea3 c\u00e1c kh\u00e1ch h\u00e0ng tr\u00ean h\u00e0nh tr\u00ecnh th\u01b0 gi\u00e3n v\u00e0 ch\u0103m s\u00f3c s\u1ee9c kh\u1ecfe!<\/p>","protected":false},"featured_media":4447,"comment_status":"open","ping_status":"closed","template":"","meta":{"_acf_changed":false},"product_brand":[],"product_cat":[574],"product_tag":[],"class_list":{"0":"post-4445","1":"product","2":"type-product","3":"status-publish","4":"has-post-thumbnail","6":"product_cat-massage","8":"first","9":"instock","10":"shipping-taxable","11":"purchasable","12":"product-type-variable"},"acf":[],"_links":{"self":[{"href":"https:\/\/zenavietnam.com\/en\/wp-json\/wp\/v2\/product\/4445","targetHints":{"allow":["GET"]}}],"collection":[{"href":"https:\/\/zenavietnam.com\/en\/wp-json\/wp\/v2\/product"}],"about":[{"href":"https:\/\/zenavietnam.com\/en\/wp-json\/wp\/v2\/types\/product"}],"replies":[{"embeddable":true,"href":"https:\/\/zenavietnam.com\/en\/wp-json\/wp\/v2\/comments?post=4445"}],"wp:featuredmedia":[{"embeddable":true,"href":"https:\/\/zenavietnam.com\/en\/wp-json\/wp\/v2\/media\/4447"}],"wp:attachment":[{"href":"https:\/\/zenavietnam.com\/en\/wp-json\/wp\/v2\/media?parent=4445"}],"wp:term":[{"taxonomy":"product_brand","embeddable":true,"href":"https:\/\/zenavietnam.com\/en\/wp-json\/wp\/v2\/product_brand?post=4445"},{"taxonomy":"product_cat","embeddable":true,"href":"https:\/\/zenavietnam.com\/en\/wp-json\/wp\/v2\/product_cat?post=4445"},{"taxonomy":"product_tag","embeddable":true,"href":"https:\/\/zenavietnam.com\/en\/wp-json\/wp\/v2\/product_tag?post=4445"}],"curies":[{"name":"wp","href":"https:\/\/api.w.org\/{rel}","templated":true}]}}