{"id":4467,"date":"2026-04-06T03:20:28","date_gmt":"2026-04-06T03:20:28","guid":{"rendered":"https:\/\/zenavietnam.com\/?post_type=product&#038;p=4467"},"modified":"2026-05-05T02:39:41","modified_gmt":"2026-05-05T02:39:41","slug":"jenny-tran","status":"publish","type":"product","link":"https:\/\/zenavietnam.com\/en\/massage-tai-nha\/jenny-tran\/","title":{"rendered":"Jenny Tr\u1ea7n"},"content":{"rendered":"","protected":false},"excerpt":{"rendered":"<div class=\"sc-cZYOMl dKgeCN\">E chuy\u00ean body th\u00e1i tr\u1ecb li\u1ec7u , vai, c\u1ed5, g\u00e1y, l\u01b0ng, kinh nghi\u1ec7m 3 n\u0103m nhi\u1ec7t t\u00ecnh v\u1edbi kh\u00e1ch n\u00ean kh\u00e1ch y\u00ean t\u00e2m \u1ea1, kh\u00e1ch \u0111\u1ee3i \u0111\u01b0\u1ee3c th\u00ec em v\u1eabn s\u1ebd t\u1edbi<\/div>","protected":false},"featured_media":6341,"comment_status":"open","ping_status":"closed","template":"","meta":{"_acf_changed":false},"product_brand":[],"product_cat":[574],"product_tag":[],"class_list":{"0":"post-4467","1":"product","2":"type-product","3":"status-publish","4":"has-post-thumbnail","6":"product_cat-massage","8":"first","9":"instock","10":"shipping-taxable","11":"purchasable","12":"product-type-variable"},"acf":[],"_links":{"self":[{"href":"https:\/\/zenavietnam.com\/en\/wp-json\/wp\/v2\/product\/4467","targetHints":{"allow":["GET"]}}],"collection":[{"href":"https:\/\/zenavietnam.com\/en\/wp-json\/wp\/v2\/product"}],"about":[{"href":"https:\/\/zenavietnam.com\/en\/wp-json\/wp\/v2\/types\/product"}],"replies":[{"embeddable":true,"href":"https:\/\/zenavietnam.com\/en\/wp-json\/wp\/v2\/comments?post=4467"}],"wp:featuredmedia":[{"embeddable":true,"href":"https:\/\/zenavietnam.com\/en\/wp-json\/wp\/v2\/media\/6341"}],"wp:attachment":[{"href":"https:\/\/zenavietnam.com\/en\/wp-json\/wp\/v2\/media?parent=4467"}],"wp:term":[{"taxonomy":"product_brand","embeddable":true,"href":"https:\/\/zenavietnam.com\/en\/wp-json\/wp\/v2\/product_brand?post=4467"},{"taxonomy":"product_cat","embeddable":true,"href":"https:\/\/zenavietnam.com\/en\/wp-json\/wp\/v2\/product_cat?post=4467"},{"taxonomy":"product_tag","embeddable":true,"href":"https:\/\/zenavietnam.com\/en\/wp-json\/wp\/v2\/product_tag?post=4467"}],"curies":[{"name":"wp","href":"https:\/\/api.w.org\/{rel}","templated":true}]}}