{"id":4475,"date":"2026-04-06T03:36:36","date_gmt":"2026-04-06T03:36:36","guid":{"rendered":"https:\/\/zenavietnam.com\/?post_type=product&#038;p=4475"},"modified":"2026-04-14T06:33:49","modified_gmt":"2026-04-14T06:33:49","slug":"be-thao","status":"publish","type":"product","link":"https:\/\/zenavietnam.com\/en\/massage-tai-nha\/be-thao\/","title":{"rendered":"B\u00e9 Th\u1ea3o"},"content":{"rendered":"","protected":false},"excerpt":{"rendered":"<p>T\u00ednh c\u00e1ch vui v\u1ebb ho\u00e0 \u0111\u1ed3ng , l\u00e0nh m\u1ea1nh 3 n\u0103m kinh nghi\u1ec7m massa Trong qu\u00e1 tr\u00ecnh massa s\u1ebd k\u00e8m d\u1ea7u n\u00f3ng l\u00e0m \u1ea5m , gi\u1ea3m m\u1ec7t m\u1ecfi trong c\u01a1 th\u1ec3 , l\u1ef1c kh\u00e1 m\u1ea1nh tu\u1ef3 theo c\u1ea3m nh\u1eadn c\u1ee7a kh\u00e1ch h\u00e0ng Trong qu\u00e1 tr\u00ecnh massa cho kh\u00e1ch v\u1eabn s\u1ebd l\u00e0m v\u00e0i \u0111\u1ed9ng t\u00e1c massa th\u00e1i \u0111\u1ec3 kh\u00e1ch h\u00e0ng tr\u1ea3i nghi\u1ec7m th\u00eam.<\/p>","protected":false},"featured_media":4478,"comment_status":"open","ping_status":"closed","template":"","meta":{"_acf_changed":false},"product_brand":[],"product_cat":[574],"product_tag":[],"class_list":{"0":"post-4475","1":"product","2":"type-product","3":"status-publish","4":"has-post-thumbnail","6":"product_cat-massage","8":"first","9":"instock","10":"shipping-taxable","11":"purchasable","12":"product-type-variable"},"acf":[],"_links":{"self":[{"href":"https:\/\/zenavietnam.com\/en\/wp-json\/wp\/v2\/product\/4475","targetHints":{"allow":["GET"]}}],"collection":[{"href":"https:\/\/zenavietnam.com\/en\/wp-json\/wp\/v2\/product"}],"about":[{"href":"https:\/\/zenavietnam.com\/en\/wp-json\/wp\/v2\/types\/product"}],"replies":[{"embeddable":true,"href":"https:\/\/zenavietnam.com\/en\/wp-json\/wp\/v2\/comments?post=4475"}],"wp:featuredmedia":[{"embeddable":true,"href":"https:\/\/zenavietnam.com\/en\/wp-json\/wp\/v2\/media\/4478"}],"wp:attachment":[{"href":"https:\/\/zenavietnam.com\/en\/wp-json\/wp\/v2\/media?parent=4475"}],"wp:term":[{"taxonomy":"product_brand","embeddable":true,"href":"https:\/\/zenavietnam.com\/en\/wp-json\/wp\/v2\/product_brand?post=4475"},{"taxonomy":"product_cat","embeddable":true,"href":"https:\/\/zenavietnam.com\/en\/wp-json\/wp\/v2\/product_cat?post=4475"},{"taxonomy":"product_tag","embeddable":true,"href":"https:\/\/zenavietnam.com\/en\/wp-json\/wp\/v2\/product_tag?post=4475"}],"curies":[{"name":"wp","href":"https:\/\/api.w.org\/{rel}","templated":true}]}}