{"id":4560,"date":"2026-04-06T05:07:42","date_gmt":"2026-04-06T05:07:42","guid":{"rendered":"https:\/\/zenavietnam.com\/?post_type=product&#038;p=4560"},"modified":"2026-04-15T04:53:40","modified_gmt":"2026-04-15T04:53:40","slug":"doan-thuy-trang","status":"publish","type":"product","link":"https:\/\/zenavietnam.com\/en\/massage-tai-nha\/doan-thuy-trang\/","title":{"rendered":"\u0110o\u00e0n Thu\u1ef3 Trang"},"content":{"rendered":"","protected":false},"excerpt":{"rendered":"<div class=\"sc-cZYOMl dKgeCN\">\u0110\u00e3 c\u00f3 kinh nghi\u1ec7m 8 n\u0103m v\u1ec1 l\u0129nh v\u1ef1c massge body v\u00e0 foot,g\u1ed9i \u0111\u1ea7u d\u01b0\u1ee1ng sinh<\/div>","protected":false},"featured_media":4561,"comment_status":"open","ping_status":"closed","template":"","meta":{"_acf_changed":false},"product_brand":[],"product_cat":[574],"product_tag":[],"class_list":{"0":"post-4560","1":"product","2":"type-product","3":"status-publish","4":"has-post-thumbnail","6":"product_cat-massage","8":"first","9":"instock","10":"shipping-taxable","11":"purchasable","12":"product-type-variable"},"acf":[],"_links":{"self":[{"href":"https:\/\/zenavietnam.com\/en\/wp-json\/wp\/v2\/product\/4560","targetHints":{"allow":["GET"]}}],"collection":[{"href":"https:\/\/zenavietnam.com\/en\/wp-json\/wp\/v2\/product"}],"about":[{"href":"https:\/\/zenavietnam.com\/en\/wp-json\/wp\/v2\/types\/product"}],"replies":[{"embeddable":true,"href":"https:\/\/zenavietnam.com\/en\/wp-json\/wp\/v2\/comments?post=4560"}],"wp:featuredmedia":[{"embeddable":true,"href":"https:\/\/zenavietnam.com\/en\/wp-json\/wp\/v2\/media\/4561"}],"wp:attachment":[{"href":"https:\/\/zenavietnam.com\/en\/wp-json\/wp\/v2\/media?parent=4560"}],"wp:term":[{"taxonomy":"product_brand","embeddable":true,"href":"https:\/\/zenavietnam.com\/en\/wp-json\/wp\/v2\/product_brand?post=4560"},{"taxonomy":"product_cat","embeddable":true,"href":"https:\/\/zenavietnam.com\/en\/wp-json\/wp\/v2\/product_cat?post=4560"},{"taxonomy":"product_tag","embeddable":true,"href":"https:\/\/zenavietnam.com\/en\/wp-json\/wp\/v2\/product_tag?post=4560"}],"curies":[{"name":"wp","href":"https:\/\/api.w.org\/{rel}","templated":true}]}}