{"id":4621,"date":"2026-04-06T06:42:58","date_gmt":"2026-04-06T06:42:58","guid":{"rendered":"https:\/\/zenavietnam.com\/?post_type=product&#038;p=4621"},"modified":"2026-04-14T07:01:23","modified_gmt":"2026-04-14T07:01:23","slug":"hari-linh","status":"publish","type":"product","link":"https:\/\/zenavietnam.com\/en\/massage-tai-nha\/hari-linh\/","title":{"rendered":"Hari Linh"},"content":{"rendered":"","protected":false},"excerpt":{"rendered":"<p>L\u00e0m vi\u1ec7c nghi\u00eam t\u00fac , kinh nghi\u1ec7m 3 n\u0103m kinh nghi\u1ec7m massage d\u1ea7u v\u00e0 massage Aroma . Ch\u0103m s\u00f3c t\u1ed1t cho s\u1ee9c kho\u1ebb c\u1ee7a b\u1ea1n .<\/p>","protected":false},"featured_media":4625,"comment_status":"open","ping_status":"closed","template":"","meta":{"_acf_changed":false},"product_brand":[],"product_cat":[574],"product_tag":[],"class_list":{"0":"post-4621","1":"product","2":"type-product","3":"status-publish","4":"has-post-thumbnail","6":"product_cat-massage","8":"first","9":"instock","10":"shipping-taxable","11":"purchasable","12":"product-type-variable"},"acf":[],"_links":{"self":[{"href":"https:\/\/zenavietnam.com\/en\/wp-json\/wp\/v2\/product\/4621","targetHints":{"allow":["GET"]}}],"collection":[{"href":"https:\/\/zenavietnam.com\/en\/wp-json\/wp\/v2\/product"}],"about":[{"href":"https:\/\/zenavietnam.com\/en\/wp-json\/wp\/v2\/types\/product"}],"replies":[{"embeddable":true,"href":"https:\/\/zenavietnam.com\/en\/wp-json\/wp\/v2\/comments?post=4621"}],"wp:featuredmedia":[{"embeddable":true,"href":"https:\/\/zenavietnam.com\/en\/wp-json\/wp\/v2\/media\/4625"}],"wp:attachment":[{"href":"https:\/\/zenavietnam.com\/en\/wp-json\/wp\/v2\/media?parent=4621"}],"wp:term":[{"taxonomy":"product_brand","embeddable":true,"href":"https:\/\/zenavietnam.com\/en\/wp-json\/wp\/v2\/product_brand?post=4621"},{"taxonomy":"product_cat","embeddable":true,"href":"https:\/\/zenavietnam.com\/en\/wp-json\/wp\/v2\/product_cat?post=4621"},{"taxonomy":"product_tag","embeddable":true,"href":"https:\/\/zenavietnam.com\/en\/wp-json\/wp\/v2\/product_tag?post=4621"}],"curies":[{"name":"wp","href":"https:\/\/api.w.org\/{rel}","templated":true}]}}