{"id":4651,"date":"2026-04-06T06:57:00","date_gmt":"2026-04-06T06:57:00","guid":{"rendered":"https:\/\/zenavietnam.com\/?post_type=product&#038;p=4651"},"modified":"2026-04-18T03:11:01","modified_gmt":"2026-04-18T03:11:01","slug":"phuong-anh","status":"publish","type":"product","link":"https:\/\/zenavietnam.com\/en\/massage-tai-nha\/phuong-anh\/","title":{"rendered":"Ph\u01b0\u01a1ng Anh"},"content":{"rendered":"","protected":false},"excerpt":{"rendered":"<p>V\u1edbi tay ngh\u1ec1 4 n\u0103m v\u1ec1 massage cho m\u1eb9 v\u00e0 b\u00e9, massage tr\u1ecb li\u1ec7u to\u00e0n th\u00e2n, th\u01b0 gi\u00e3n c\u01a1 b\u1eafp v\u00e0 l\u1ea5y r\u00e1y tai, t\u00f4i hy v\u1ecdng b\u1ea1n c\u00f3 tr\u1ea3i nghi\u1ec7m h\u00e0i l\u00f2ng. C\u00e1m \u01a1n kh\u00e1ch nhi\u1ec1u \u2764\ufe0f<\/p>","protected":false},"featured_media":4653,"comment_status":"open","ping_status":"closed","template":"","meta":{"_acf_changed":false},"product_brand":[],"product_cat":[574],"product_tag":[],"class_list":{"0":"post-4651","1":"product","2":"type-product","3":"status-publish","4":"has-post-thumbnail","6":"product_cat-massage","8":"first","9":"instock","10":"shipping-taxable","11":"purchasable","12":"product-type-variable"},"acf":[],"_links":{"self":[{"href":"https:\/\/zenavietnam.com\/en\/wp-json\/wp\/v2\/product\/4651","targetHints":{"allow":["GET"]}}],"collection":[{"href":"https:\/\/zenavietnam.com\/en\/wp-json\/wp\/v2\/product"}],"about":[{"href":"https:\/\/zenavietnam.com\/en\/wp-json\/wp\/v2\/types\/product"}],"replies":[{"embeddable":true,"href":"https:\/\/zenavietnam.com\/en\/wp-json\/wp\/v2\/comments?post=4651"}],"wp:featuredmedia":[{"embeddable":true,"href":"https:\/\/zenavietnam.com\/en\/wp-json\/wp\/v2\/media\/4653"}],"wp:attachment":[{"href":"https:\/\/zenavietnam.com\/en\/wp-json\/wp\/v2\/media?parent=4651"}],"wp:term":[{"taxonomy":"product_brand","embeddable":true,"href":"https:\/\/zenavietnam.com\/en\/wp-json\/wp\/v2\/product_brand?post=4651"},{"taxonomy":"product_cat","embeddable":true,"href":"https:\/\/zenavietnam.com\/en\/wp-json\/wp\/v2\/product_cat?post=4651"},{"taxonomy":"product_tag","embeddable":true,"href":"https:\/\/zenavietnam.com\/en\/wp-json\/wp\/v2\/product_tag?post=4651"}],"curies":[{"name":"wp","href":"https:\/\/api.w.org\/{rel}","templated":true}]}}