{"id":4806,"date":"2026-04-07T05:38:39","date_gmt":"2026-04-07T05:38:39","guid":{"rendered":"https:\/\/zenavietnam.com\/?post_type=product&#038;p=4806"},"modified":"2026-04-07T05:38:39","modified_gmt":"2026-04-07T05:38:39","slug":"nguyen-thu-thuy","status":"publish","type":"product","link":"https:\/\/zenavietnam.com\/en\/massage-tai-nha\/nguyen-thu-thuy\/","title":{"rendered":"Nguy\u1ec5n Thu Thu\u1ef7"},"content":{"rendered":"","protected":false},"excerpt":{"rendered":"<div class=\"sc-cZYOMl dKgeCN\">M\u00ecnh c\u00f3 7 n\u0103m kinh nghi\u1ec7m trong ng\u00e0nh spa<\/div>","protected":false},"featured_media":4809,"comment_status":"open","ping_status":"closed","template":"","meta":{"_acf_changed":false},"product_brand":[],"product_cat":[574],"product_tag":[],"class_list":{"0":"post-4806","1":"product","2":"type-product","3":"status-publish","4":"has-post-thumbnail","6":"product_cat-massage","8":"first","9":"instock","10":"shipping-taxable","11":"purchasable","12":"product-type-variable"},"acf":[],"_links":{"self":[{"href":"https:\/\/zenavietnam.com\/en\/wp-json\/wp\/v2\/product\/4806","targetHints":{"allow":["GET"]}}],"collection":[{"href":"https:\/\/zenavietnam.com\/en\/wp-json\/wp\/v2\/product"}],"about":[{"href":"https:\/\/zenavietnam.com\/en\/wp-json\/wp\/v2\/types\/product"}],"replies":[{"embeddable":true,"href":"https:\/\/zenavietnam.com\/en\/wp-json\/wp\/v2\/comments?post=4806"}],"wp:featuredmedia":[{"embeddable":true,"href":"https:\/\/zenavietnam.com\/en\/wp-json\/wp\/v2\/media\/4809"}],"wp:attachment":[{"href":"https:\/\/zenavietnam.com\/en\/wp-json\/wp\/v2\/media?parent=4806"}],"wp:term":[{"taxonomy":"product_brand","embeddable":true,"href":"https:\/\/zenavietnam.com\/en\/wp-json\/wp\/v2\/product_brand?post=4806"},{"taxonomy":"product_cat","embeddable":true,"href":"https:\/\/zenavietnam.com\/en\/wp-json\/wp\/v2\/product_cat?post=4806"},{"taxonomy":"product_tag","embeddable":true,"href":"https:\/\/zenavietnam.com\/en\/wp-json\/wp\/v2\/product_tag?post=4806"}],"curies":[{"name":"wp","href":"https:\/\/api.w.org\/{rel}","templated":true}]}}