{"id":4821,"date":"2026-04-07T05:47:41","date_gmt":"2026-04-07T05:47:41","guid":{"rendered":"https:\/\/zenavietnam.com\/?post_type=product&#038;p=4821"},"modified":"2026-04-14T06:54:08","modified_gmt":"2026-04-14T06:54:08","slug":"anna-trang","status":"publish","type":"product","link":"https:\/\/zenavietnam.com\/en\/massage-tai-nha\/anna-trang\/","title":{"rendered":"Anna Trang"},"content":{"rendered":"","protected":false},"excerpt":{"rendered":"<p>Ch\u00e0o b\u1ea1n \ud83c\udf38 T\u00f4i l\u00e0 k\u1ef9 thu\u1eadt vi\u00ean massage body \u2013 foot \u2013 aroma. T\u00f4i nh\u1eadn ch\u0103m s\u00f3c s\u1ee9c kh\u1ecfe t\u1ea1i nh\u00e0 v\u1edbi tinh th\u1ea7n t\u1eadn t\u00e2m, gi\u00fap b\u1ea1n gi\u1ea3m \u0111au m\u1ecfi, ph\u1ee5c h\u1ed3i n\u0103ng l\u01b0\u1ee3ng v\u00e0 t\u1eadn h\u01b0\u1edfng s\u1ef1 th\u01b0 th\u00e1i ngay trong kh\u00f4ng gian ri\u00eang t\u01b0 c\u1ee7a m\u00ecnh.<\/p>","protected":false},"featured_media":4830,"comment_status":"open","ping_status":"closed","template":"","meta":{"_acf_changed":false},"product_brand":[],"product_cat":[574],"product_tag":[],"class_list":{"0":"post-4821","1":"product","2":"type-product","3":"status-publish","4":"has-post-thumbnail","6":"product_cat-massage","8":"first","9":"instock","10":"shipping-taxable","11":"purchasable","12":"product-type-variable"},"acf":[],"_links":{"self":[{"href":"https:\/\/zenavietnam.com\/en\/wp-json\/wp\/v2\/product\/4821","targetHints":{"allow":["GET"]}}],"collection":[{"href":"https:\/\/zenavietnam.com\/en\/wp-json\/wp\/v2\/product"}],"about":[{"href":"https:\/\/zenavietnam.com\/en\/wp-json\/wp\/v2\/types\/product"}],"replies":[{"embeddable":true,"href":"https:\/\/zenavietnam.com\/en\/wp-json\/wp\/v2\/comments?post=4821"}],"wp:featuredmedia":[{"embeddable":true,"href":"https:\/\/zenavietnam.com\/en\/wp-json\/wp\/v2\/media\/4830"}],"wp:attachment":[{"href":"https:\/\/zenavietnam.com\/en\/wp-json\/wp\/v2\/media?parent=4821"}],"wp:term":[{"taxonomy":"product_brand","embeddable":true,"href":"https:\/\/zenavietnam.com\/en\/wp-json\/wp\/v2\/product_brand?post=4821"},{"taxonomy":"product_cat","embeddable":true,"href":"https:\/\/zenavietnam.com\/en\/wp-json\/wp\/v2\/product_cat?post=4821"},{"taxonomy":"product_tag","embeddable":true,"href":"https:\/\/zenavietnam.com\/en\/wp-json\/wp\/v2\/product_tag?post=4821"}],"curies":[{"name":"wp","href":"https:\/\/api.w.org\/{rel}","templated":true}]}}