{"id":4870,"date":"2026-04-07T06:48:53","date_gmt":"2026-04-07T06:48:53","guid":{"rendered":"https:\/\/zenavietnam.com\/?post_type=product&#038;p=4870"},"modified":"2026-04-07T06:48:53","modified_gmt":"2026-04-07T06:48:53","slug":"lan-nami","status":"publish","type":"product","link":"https:\/\/zenavietnam.com\/en\/massage-tai-nha\/lan-nami\/","title":{"rendered":"Lan Nami"},"content":{"rendered":"","protected":false},"excerpt":{"rendered":"<p>C\u00f3 kinh nghi\u1ec7m l\u00e0m k\u1ef9 thu\u1eadt vi\u00ean massage th\u01b0 gi\u00e3n to\u00e0n th\u00e2n, th\u00e0nh th\u1ea1o c\u00e1c k\u1ef9 thu\u1eadt c\u01a1 b\u1ea3n v\u00e0 n\u00e2ng cao, thao t\u00e1c chu\u1ea9n, th\u00e1i \u0111\u1ed9 ph\u1ee5c v\u1ee5 t\u1eadn t\u00e2m \ud83c\udf38<\/p>","protected":false},"featured_media":4874,"comment_status":"open","ping_status":"closed","template":"","meta":{"_acf_changed":false},"product_brand":[],"product_cat":[574],"product_tag":[],"class_list":{"0":"post-4870","1":"product","2":"type-product","3":"status-publish","4":"has-post-thumbnail","6":"product_cat-massage","8":"first","9":"instock","10":"shipping-taxable","11":"purchasable","12":"product-type-variable"},"acf":[],"_links":{"self":[{"href":"https:\/\/zenavietnam.com\/en\/wp-json\/wp\/v2\/product\/4870","targetHints":{"allow":["GET"]}}],"collection":[{"href":"https:\/\/zenavietnam.com\/en\/wp-json\/wp\/v2\/product"}],"about":[{"href":"https:\/\/zenavietnam.com\/en\/wp-json\/wp\/v2\/types\/product"}],"replies":[{"embeddable":true,"href":"https:\/\/zenavietnam.com\/en\/wp-json\/wp\/v2\/comments?post=4870"}],"wp:featuredmedia":[{"embeddable":true,"href":"https:\/\/zenavietnam.com\/en\/wp-json\/wp\/v2\/media\/4874"}],"wp:attachment":[{"href":"https:\/\/zenavietnam.com\/en\/wp-json\/wp\/v2\/media?parent=4870"}],"wp:term":[{"taxonomy":"product_brand","embeddable":true,"href":"https:\/\/zenavietnam.com\/en\/wp-json\/wp\/v2\/product_brand?post=4870"},{"taxonomy":"product_cat","embeddable":true,"href":"https:\/\/zenavietnam.com\/en\/wp-json\/wp\/v2\/product_cat?post=4870"},{"taxonomy":"product_tag","embeddable":true,"href":"https:\/\/zenavietnam.com\/en\/wp-json\/wp\/v2\/product_tag?post=4870"}],"curies":[{"name":"wp","href":"https:\/\/api.w.org\/{rel}","templated":true}]}}