{"id":4908,"date":"2026-04-07T07:49:11","date_gmt":"2026-04-07T07:49:11","guid":{"rendered":"https:\/\/zenavietnam.com\/?post_type=product&#038;p=4908"},"modified":"2026-04-15T03:57:03","modified_gmt":"2026-04-15T03:57:03","slug":"kim-kim","status":"publish","type":"product","link":"https:\/\/zenavietnam.com\/en\/massage-tai-nha\/kim-kim\/","title":{"rendered":"Kim Kim"},"content":{"rendered":"","protected":false},"excerpt":{"rendered":"<p>C\u1ea3m \u01a1n anh\/ch\u1ecb \u0111\u00e3 quan t\u00e2m v\u00e0 tr\u1ea3i nghi\u1ec7m d\u1ecbch v\u1ee5 \u1ea1. Ch\u00fac anh\/ch\u1ecb c\u00f3 kho\u1ea3ng th\u1eddi gian th\u1eadt tho\u1ea3i m\u00e1i v\u00e0 d\u1ec5 ch\u1ecbu khi s\u1eed d\u1ee5ng d\u1ecbch v\u1ee5.<\/p>","protected":false},"featured_media":4912,"comment_status":"open","ping_status":"closed","template":"","meta":{"_acf_changed":false},"product_brand":[],"product_cat":[574],"product_tag":[],"class_list":{"0":"post-4908","1":"product","2":"type-product","3":"status-publish","4":"has-post-thumbnail","6":"product_cat-massage","8":"first","9":"instock","10":"shipping-taxable","11":"purchasable","12":"product-type-variable"},"acf":[],"_links":{"self":[{"href":"https:\/\/zenavietnam.com\/en\/wp-json\/wp\/v2\/product\/4908","targetHints":{"allow":["GET"]}}],"collection":[{"href":"https:\/\/zenavietnam.com\/en\/wp-json\/wp\/v2\/product"}],"about":[{"href":"https:\/\/zenavietnam.com\/en\/wp-json\/wp\/v2\/types\/product"}],"replies":[{"embeddable":true,"href":"https:\/\/zenavietnam.com\/en\/wp-json\/wp\/v2\/comments?post=4908"}],"wp:featuredmedia":[{"embeddable":true,"href":"https:\/\/zenavietnam.com\/en\/wp-json\/wp\/v2\/media\/4912"}],"wp:attachment":[{"href":"https:\/\/zenavietnam.com\/en\/wp-json\/wp\/v2\/media?parent=4908"}],"wp:term":[{"taxonomy":"product_brand","embeddable":true,"href":"https:\/\/zenavietnam.com\/en\/wp-json\/wp\/v2\/product_brand?post=4908"},{"taxonomy":"product_cat","embeddable":true,"href":"https:\/\/zenavietnam.com\/en\/wp-json\/wp\/v2\/product_cat?post=4908"},{"taxonomy":"product_tag","embeddable":true,"href":"https:\/\/zenavietnam.com\/en\/wp-json\/wp\/v2\/product_tag?post=4908"}],"curies":[{"name":"wp","href":"https:\/\/api.w.org\/{rel}","templated":true}]}}