{"id":4916,"date":"2026-04-07T08:02:38","date_gmt":"2026-04-07T08:02:38","guid":{"rendered":"https:\/\/zenavietnam.com\/?post_type=product&#038;p=4916"},"modified":"2026-04-18T02:42:51","modified_gmt":"2026-04-18T02:42:51","slug":"nguyen-thi-no","status":"publish","type":"product","link":"https:\/\/zenavietnam.com\/en\/massage-tai-nha\/nguyen-thi-no\/","title":{"rendered":"Nguy\u1ec5n Th\u1ecb N\u1edf"},"content":{"rendered":"","protected":false},"excerpt":{"rendered":"<div class=\"sc-cZYOMl dKgeCN\">Kinh nghi\u1ec7m m\u00e1t xa 8 n\u0103m. H\u00f2a \u0111\u1ed3ng th\u00e2n thi\u1ec7n ,l\u00e0m vi\u1ec7c ch\u0103m ch\u1ec9 nhi\u1ec7t t\u00ecnh. Mong m\u1ecdi ng\u01b0\u1eddi \u1ee7ng h\u1ed9<\/div>","protected":false},"featured_media":4919,"comment_status":"open","ping_status":"closed","template":"","meta":{"_acf_changed":false},"product_brand":[],"product_cat":[574],"product_tag":[],"class_list":{"0":"post-4916","1":"product","2":"type-product","3":"status-publish","4":"has-post-thumbnail","6":"product_cat-massage","8":"first","9":"instock","10":"shipping-taxable","11":"purchasable","12":"product-type-variable"},"acf":[],"_links":{"self":[{"href":"https:\/\/zenavietnam.com\/en\/wp-json\/wp\/v2\/product\/4916","targetHints":{"allow":["GET"]}}],"collection":[{"href":"https:\/\/zenavietnam.com\/en\/wp-json\/wp\/v2\/product"}],"about":[{"href":"https:\/\/zenavietnam.com\/en\/wp-json\/wp\/v2\/types\/product"}],"replies":[{"embeddable":true,"href":"https:\/\/zenavietnam.com\/en\/wp-json\/wp\/v2\/comments?post=4916"}],"wp:featuredmedia":[{"embeddable":true,"href":"https:\/\/zenavietnam.com\/en\/wp-json\/wp\/v2\/media\/4919"}],"wp:attachment":[{"href":"https:\/\/zenavietnam.com\/en\/wp-json\/wp\/v2\/media?parent=4916"}],"wp:term":[{"taxonomy":"product_brand","embeddable":true,"href":"https:\/\/zenavietnam.com\/en\/wp-json\/wp\/v2\/product_brand?post=4916"},{"taxonomy":"product_cat","embeddable":true,"href":"https:\/\/zenavietnam.com\/en\/wp-json\/wp\/v2\/product_cat?post=4916"},{"taxonomy":"product_tag","embeddable":true,"href":"https:\/\/zenavietnam.com\/en\/wp-json\/wp\/v2\/product_tag?post=4916"}],"curies":[{"name":"wp","href":"https:\/\/api.w.org\/{rel}","templated":true}]}}