{"id":5013,"date":"2026-04-09T07:47:26","date_gmt":"2026-04-09T07:47:26","guid":{"rendered":"https:\/\/zenavietnam.com\/?post_type=product&#038;p=5013"},"modified":"2026-04-09T07:47:26","modified_gmt":"2026-04-09T07:47:26","slug":"thuc","status":"publish","type":"product","link":"https:\/\/zenavietnam.com\/en\/massage-tai-nha\/thuc\/","title":{"rendered":"Th\u00fac"},"content":{"rendered":"","protected":false},"excerpt":{"rendered":"<p>Em l\u00e0m massage food and body , \u1ea5n huy\u1ec7t l\u00f2ng b\u00e0n ch\u00e2n \u1ea1 . Em c\u00f3 nh\u1eadn v\u1ec1 nh\u00e0 l\u00e0m + Chung c\u01b0 + Kh\u00e1ch s\u1ea1n \u1ea1 . Vui v\u1ebb v\u1edbi kh\u00e1ch h\u00e0ng v\u00e0 nhi\u1ec7t t\u00ecnh trong c\u00f4ng vi\u1ec7c \u0111\u1ec3 kh\u00e1ch h\u00e0ng c\u00f3 s\u1ef1 th\u01b0 gi\u00e3n v\u00e0 tho\u1ea3i m\u00e1i khi \u0111\u1ed3ng h\u00e0nh c\u00f9ng em \u1ea1 . Xin m\u1ecdi ng\u01b0\u1eddi \u1ee7ng h\u1ed9 em \u1ea1 \ud83e\udd17\ud83e\udd17<\/p>","protected":false},"featured_media":5017,"comment_status":"open","ping_status":"closed","template":"","meta":{"_acf_changed":false},"product_brand":[],"product_cat":[574],"product_tag":[],"class_list":{"0":"post-5013","1":"product","2":"type-product","3":"status-publish","4":"has-post-thumbnail","6":"product_cat-massage","8":"first","9":"instock","10":"shipping-taxable","11":"purchasable","12":"product-type-variable"},"acf":[],"_links":{"self":[{"href":"https:\/\/zenavietnam.com\/en\/wp-json\/wp\/v2\/product\/5013","targetHints":{"allow":["GET"]}}],"collection":[{"href":"https:\/\/zenavietnam.com\/en\/wp-json\/wp\/v2\/product"}],"about":[{"href":"https:\/\/zenavietnam.com\/en\/wp-json\/wp\/v2\/types\/product"}],"replies":[{"embeddable":true,"href":"https:\/\/zenavietnam.com\/en\/wp-json\/wp\/v2\/comments?post=5013"}],"wp:featuredmedia":[{"embeddable":true,"href":"https:\/\/zenavietnam.com\/en\/wp-json\/wp\/v2\/media\/5017"}],"wp:attachment":[{"href":"https:\/\/zenavietnam.com\/en\/wp-json\/wp\/v2\/media?parent=5013"}],"wp:term":[{"taxonomy":"product_brand","embeddable":true,"href":"https:\/\/zenavietnam.com\/en\/wp-json\/wp\/v2\/product_brand?post=5013"},{"taxonomy":"product_cat","embeddable":true,"href":"https:\/\/zenavietnam.com\/en\/wp-json\/wp\/v2\/product_cat?post=5013"},{"taxonomy":"product_tag","embeddable":true,"href":"https:\/\/zenavietnam.com\/en\/wp-json\/wp\/v2\/product_tag?post=5013"}],"curies":[{"name":"wp","href":"https:\/\/api.w.org\/{rel}","templated":true}]}}