{"id":5067,"date":"2026-04-09T09:23:07","date_gmt":"2026-04-09T09:23:07","guid":{"rendered":"https:\/\/zenavietnam.com\/?post_type=product&#038;p=5067"},"modified":"2026-04-14T07:20:06","modified_gmt":"2026-04-14T07:20:06","slug":"ho-nhan-my","status":"publish","type":"product","link":"https:\/\/zenavietnam.com\/en\/massage-tai-nha\/ho-nhan-my\/","title":{"rendered":"H\u1ed3 Nh\u00e2n My"},"content":{"rendered":"","protected":false},"excerpt":{"rendered":"<p>L\u00e0m c\u00f4ng vi\u1ec7c massage 4 n\u0103m, t\u1ef1 tin c\u00f3 tay ngh\u1ec1 r\u1ea5t t\u1ed1t, bi\u1ebft b\u1ea5m huy\u1ec7t, b\u1ebb th\u00e1i, l\u00e0m d\u1ea7u.<\/p>","protected":false},"featured_media":5070,"comment_status":"open","ping_status":"closed","template":"","meta":{"_acf_changed":false},"product_brand":[],"product_cat":[574],"product_tag":[],"class_list":{"0":"post-5067","1":"product","2":"type-product","3":"status-publish","4":"has-post-thumbnail","6":"product_cat-massage","8":"first","9":"instock","10":"shipping-taxable","11":"purchasable","12":"product-type-variable"},"acf":[],"_links":{"self":[{"href":"https:\/\/zenavietnam.com\/en\/wp-json\/wp\/v2\/product\/5067","targetHints":{"allow":["GET"]}}],"collection":[{"href":"https:\/\/zenavietnam.com\/en\/wp-json\/wp\/v2\/product"}],"about":[{"href":"https:\/\/zenavietnam.com\/en\/wp-json\/wp\/v2\/types\/product"}],"replies":[{"embeddable":true,"href":"https:\/\/zenavietnam.com\/en\/wp-json\/wp\/v2\/comments?post=5067"}],"wp:featuredmedia":[{"embeddable":true,"href":"https:\/\/zenavietnam.com\/en\/wp-json\/wp\/v2\/media\/5070"}],"wp:attachment":[{"href":"https:\/\/zenavietnam.com\/en\/wp-json\/wp\/v2\/media?parent=5067"}],"wp:term":[{"taxonomy":"product_brand","embeddable":true,"href":"https:\/\/zenavietnam.com\/en\/wp-json\/wp\/v2\/product_brand?post=5067"},{"taxonomy":"product_cat","embeddable":true,"href":"https:\/\/zenavietnam.com\/en\/wp-json\/wp\/v2\/product_cat?post=5067"},{"taxonomy":"product_tag","embeddable":true,"href":"https:\/\/zenavietnam.com\/en\/wp-json\/wp\/v2\/product_tag?post=5067"}],"curies":[{"name":"wp","href":"https:\/\/api.w.org\/{rel}","templated":true}]}}