{"id":5074,"date":"2026-04-09T09:42:20","date_gmt":"2026-04-09T09:42:20","guid":{"rendered":"https:\/\/zenavietnam.com\/?post_type=product&#038;p=5074"},"modified":"2026-04-09T09:42:20","modified_gmt":"2026-04-09T09:42:20","slug":"quynh-quynh","status":"publish","type":"product","link":"https:\/\/zenavietnam.com\/en\/massage-tai-nha\/quynh-quynh\/","title":{"rendered":"Qu\u1ef3nh Qu\u1ef3nh"},"content":{"rendered":"","protected":false},"excerpt":{"rendered":"<p>Kinh Nghi\u1ec7m 3 N\u0103m<\/p>\n<p>&#8211; Massage Body d\u1ea7u<\/p>\n<p>-Massa \u0111\u00f9i<\/p>\n<p>&#8211; Tr\u1ecb Li\u1ec7u<\/p>\n<p>&#8211; B\u1ea5m Huy\u1ec7t<\/p>\n<p>&#8211; Gi\u00e1c H\u01a1i<\/p>\n<p>-Th\u1ea3i \u0111\u1ed9c n\u00e3o b\u1ed9<\/p>\n<p>-em l\u00e0m l\u1ea1nh m\u1ea1nh v\u00e0 kh\u00f4ng nh\u1eadn d\u1ecbch v\u1ee5 kh\u00e1c. C\u1ea3m \u01a1n kh\u00e1ch h\u00e0ng \u0111\u00e3 tin t\u01b0\u1edfng v\u00e0 ch\u1ecdn d\u1ecbch v\u1ee5 c\u1ee7a em !<\/p>","protected":false},"featured_media":5077,"comment_status":"open","ping_status":"closed","template":"","meta":{"_acf_changed":false},"product_brand":[],"product_cat":[574],"product_tag":[],"class_list":{"0":"post-5074","1":"product","2":"type-product","3":"status-publish","4":"has-post-thumbnail","6":"product_cat-massage","8":"first","9":"instock","10":"shipping-taxable","11":"purchasable","12":"product-type-variable"},"acf":[],"_links":{"self":[{"href":"https:\/\/zenavietnam.com\/en\/wp-json\/wp\/v2\/product\/5074","targetHints":{"allow":["GET"]}}],"collection":[{"href":"https:\/\/zenavietnam.com\/en\/wp-json\/wp\/v2\/product"}],"about":[{"href":"https:\/\/zenavietnam.com\/en\/wp-json\/wp\/v2\/types\/product"}],"replies":[{"embeddable":true,"href":"https:\/\/zenavietnam.com\/en\/wp-json\/wp\/v2\/comments?post=5074"}],"wp:featuredmedia":[{"embeddable":true,"href":"https:\/\/zenavietnam.com\/en\/wp-json\/wp\/v2\/media\/5077"}],"wp:attachment":[{"href":"https:\/\/zenavietnam.com\/en\/wp-json\/wp\/v2\/media?parent=5074"}],"wp:term":[{"taxonomy":"product_brand","embeddable":true,"href":"https:\/\/zenavietnam.com\/en\/wp-json\/wp\/v2\/product_brand?post=5074"},{"taxonomy":"product_cat","embeddable":true,"href":"https:\/\/zenavietnam.com\/en\/wp-json\/wp\/v2\/product_cat?post=5074"},{"taxonomy":"product_tag","embeddable":true,"href":"https:\/\/zenavietnam.com\/en\/wp-json\/wp\/v2\/product_tag?post=5074"}],"curies":[{"name":"wp","href":"https:\/\/api.w.org\/{rel}","templated":true}]}}