{"id":5092,"date":"2026-04-11T05:38:07","date_gmt":"2026-04-11T05:38:07","guid":{"rendered":"https:\/\/zenavietnam.com\/?post_type=product&#038;p=5092"},"modified":"2026-04-15T03:32:40","modified_gmt":"2026-04-15T03:32:40","slug":"minh-hanh","status":"publish","type":"product","link":"https:\/\/zenavietnam.com\/en\/massage-tai-nha\/minh-hanh\/","title":{"rendered":"Minh H\u1ea1nh"},"content":{"rendered":"","protected":false},"excerpt":{"rendered":"<p>\u0110\u00e3 c\u00f3 kinh nghi\u1ec7m 5 n\u0103m trong ngh\u1ec1 Spa. Massager body, c\u1ed5 vai g\u00e1y chuy\u00ean s\u00e2u , vui v\u1ebb,chuy\u00ean nghi\u1ec7p, k\u1ef9 thu\u1eadt chuy\u00ean m\u00f4n cao. L\u00e0nh m\u1ea1nh<\/p>","protected":false},"featured_media":5099,"comment_status":"open","ping_status":"closed","template":"","meta":{"_acf_changed":false},"product_brand":[],"product_cat":[574],"product_tag":[],"class_list":{"0":"post-5092","1":"product","2":"type-product","3":"status-publish","4":"has-post-thumbnail","6":"product_cat-massage","8":"first","9":"instock","10":"shipping-taxable","11":"purchasable","12":"product-type-variable"},"acf":[],"_links":{"self":[{"href":"https:\/\/zenavietnam.com\/en\/wp-json\/wp\/v2\/product\/5092","targetHints":{"allow":["GET"]}}],"collection":[{"href":"https:\/\/zenavietnam.com\/en\/wp-json\/wp\/v2\/product"}],"about":[{"href":"https:\/\/zenavietnam.com\/en\/wp-json\/wp\/v2\/types\/product"}],"replies":[{"embeddable":true,"href":"https:\/\/zenavietnam.com\/en\/wp-json\/wp\/v2\/comments?post=5092"}],"wp:featuredmedia":[{"embeddable":true,"href":"https:\/\/zenavietnam.com\/en\/wp-json\/wp\/v2\/media\/5099"}],"wp:attachment":[{"href":"https:\/\/zenavietnam.com\/en\/wp-json\/wp\/v2\/media?parent=5092"}],"wp:term":[{"taxonomy":"product_brand","embeddable":true,"href":"https:\/\/zenavietnam.com\/en\/wp-json\/wp\/v2\/product_brand?post=5092"},{"taxonomy":"product_cat","embeddable":true,"href":"https:\/\/zenavietnam.com\/en\/wp-json\/wp\/v2\/product_cat?post=5092"},{"taxonomy":"product_tag","embeddable":true,"href":"https:\/\/zenavietnam.com\/en\/wp-json\/wp\/v2\/product_tag?post=5092"}],"curies":[{"name":"wp","href":"https:\/\/api.w.org\/{rel}","templated":true}]}}