{"id":5125,"date":"2026-04-11T06:23:02","date_gmt":"2026-04-11T06:23:02","guid":{"rendered":"https:\/\/zenavietnam.com\/?post_type=product&#038;p=5125"},"modified":"2026-04-11T06:23:02","modified_gmt":"2026-04-11T06:23:02","slug":"tina-thao-chi","status":"publish","type":"product","link":"https:\/\/zenavietnam.com\/en\/massage-tai-nha\/tina-thao-chi\/","title":{"rendered":"Tina Th\u1ea3o Chi"},"content":{"rendered":"","protected":false},"excerpt":{"rendered":"<div class=\"sc-cZYOMl dKgeCN\">Ch\u00e0o m\u1ecdi ng\u01b0\u1eddi , t\u00f4i l\u00e0 Tin , t\u00f4i \u0111\u00e3 c\u00f3 kinh nghi\u1ec7m 13 n\u0103m l\u00e0m vi\u1ec7c v\u00e0 t\u1ea5t c\u1ea3 c\u00e1c d\u1ecbch v\u1ee5 , t\u00f4i r\u1ea5t vui khi \u0111\u01b0\u1ee3c l\u00e0m vi\u1ec7c cho t\u1ea5t c\u00e0 m\u1ecdi ng\u01b0\u1eddi , c\u1ea3m \u01a1n m\u1ecdi ng\u01b0\u1eddi \u0111\u00e3 ch\u1ecdn d\u1ecbch v\u1ee5 b\u00ean t\u00f4i . Love all . \ud83d\ude0d\ud83d\ude0d\ud83d\ude0d<\/div>","protected":false},"featured_media":5129,"comment_status":"open","ping_status":"closed","template":"","meta":{"_acf_changed":false},"product_brand":[],"product_cat":[574],"product_tag":[],"class_list":{"0":"post-5125","1":"product","2":"type-product","3":"status-publish","4":"has-post-thumbnail","6":"product_cat-massage","8":"first","9":"instock","10":"shipping-taxable","11":"purchasable","12":"product-type-variable"},"acf":[],"_links":{"self":[{"href":"https:\/\/zenavietnam.com\/en\/wp-json\/wp\/v2\/product\/5125","targetHints":{"allow":["GET"]}}],"collection":[{"href":"https:\/\/zenavietnam.com\/en\/wp-json\/wp\/v2\/product"}],"about":[{"href":"https:\/\/zenavietnam.com\/en\/wp-json\/wp\/v2\/types\/product"}],"replies":[{"embeddable":true,"href":"https:\/\/zenavietnam.com\/en\/wp-json\/wp\/v2\/comments?post=5125"}],"wp:featuredmedia":[{"embeddable":true,"href":"https:\/\/zenavietnam.com\/en\/wp-json\/wp\/v2\/media\/5129"}],"wp:attachment":[{"href":"https:\/\/zenavietnam.com\/en\/wp-json\/wp\/v2\/media?parent=5125"}],"wp:term":[{"taxonomy":"product_brand","embeddable":true,"href":"https:\/\/zenavietnam.com\/en\/wp-json\/wp\/v2\/product_brand?post=5125"},{"taxonomy":"product_cat","embeddable":true,"href":"https:\/\/zenavietnam.com\/en\/wp-json\/wp\/v2\/product_cat?post=5125"},{"taxonomy":"product_tag","embeddable":true,"href":"https:\/\/zenavietnam.com\/en\/wp-json\/wp\/v2\/product_tag?post=5125"}],"curies":[{"name":"wp","href":"https:\/\/api.w.org\/{rel}","templated":true}]}}