{"id":5133,"date":"2026-04-11T06:28:11","date_gmt":"2026-04-11T06:28:11","guid":{"rendered":"https:\/\/zenavietnam.com\/?post_type=product&#038;p=5133"},"modified":"2026-04-11T06:28:11","modified_gmt":"2026-04-11T06:28:11","slug":"chipi-hanh","status":"publish","type":"product","link":"https:\/\/zenavietnam.com\/en\/massage-tai-nha\/chipi-hanh\/","title":{"rendered":"Chipi H\u1ea1nh"},"content":{"rendered":"","protected":false},"excerpt":{"rendered":"<p>massage b\u1ea5m huy\u1ec7t body, ch\u00e2n (foot) massage b\u00e0 b\u1ea7u, massage tinh d\u1ea7u, gi\u00e1c h\u01a1i h\u01a1i ng\u00e3i \u0111\u00e1 n\u00f3ng, \u0111\u1eafp thu\u1ed1c<\/p>","protected":false},"featured_media":5137,"comment_status":"open","ping_status":"closed","template":"","meta":{"_acf_changed":false},"product_brand":[],"product_cat":[574],"product_tag":[],"class_list":{"0":"post-5133","1":"product","2":"type-product","3":"status-publish","4":"has-post-thumbnail","6":"product_cat-massage","8":"first","9":"instock","10":"shipping-taxable","11":"purchasable","12":"product-type-variable"},"acf":[],"_links":{"self":[{"href":"https:\/\/zenavietnam.com\/en\/wp-json\/wp\/v2\/product\/5133","targetHints":{"allow":["GET"]}}],"collection":[{"href":"https:\/\/zenavietnam.com\/en\/wp-json\/wp\/v2\/product"}],"about":[{"href":"https:\/\/zenavietnam.com\/en\/wp-json\/wp\/v2\/types\/product"}],"replies":[{"embeddable":true,"href":"https:\/\/zenavietnam.com\/en\/wp-json\/wp\/v2\/comments?post=5133"}],"wp:featuredmedia":[{"embeddable":true,"href":"https:\/\/zenavietnam.com\/en\/wp-json\/wp\/v2\/media\/5137"}],"wp:attachment":[{"href":"https:\/\/zenavietnam.com\/en\/wp-json\/wp\/v2\/media?parent=5133"}],"wp:term":[{"taxonomy":"product_brand","embeddable":true,"href":"https:\/\/zenavietnam.com\/en\/wp-json\/wp\/v2\/product_brand?post=5133"},{"taxonomy":"product_cat","embeddable":true,"href":"https:\/\/zenavietnam.com\/en\/wp-json\/wp\/v2\/product_cat?post=5133"},{"taxonomy":"product_tag","embeddable":true,"href":"https:\/\/zenavietnam.com\/en\/wp-json\/wp\/v2\/product_tag?post=5133"}],"curies":[{"name":"wp","href":"https:\/\/api.w.org\/{rel}","templated":true}]}}