{"id":5181,"date":"2026-04-11T08:29:48","date_gmt":"2026-04-11T08:29:48","guid":{"rendered":"https:\/\/zenavietnam.com\/?post_type=product&#038;p=5181"},"modified":"2026-04-11T08:29:56","modified_gmt":"2026-04-11T08:29:56","slug":"bich-lam","status":"publish","type":"product","link":"https:\/\/zenavietnam.com\/en\/massage-tai-nha\/bich-lam\/","title":{"rendered":"B\u00edch Lam"},"content":{"rendered":"","protected":false},"excerpt":{"rendered":"<p>Kinh nghi\u1ec7m 5 n\u0103m ngh\u1ec1 massage body, aroma, food.vui v\u1ebb, s\u1ef1 h\u00e0i l\u00f2ng c\u1ee7a kh\u00e1ch h\u00e0ng l\u00e0 h\u1ea1nh ph\u00fac c\u1ee7a t\u00f4i. T\u00f4i r\u1ea5t vui khi \u0111\u01b0\u1ee3c l\u00e0m vi\u1ec7c v\u1edbi qu\u00fd kh\u00e1ch!<\/p>","protected":false},"featured_media":5185,"comment_status":"open","ping_status":"closed","template":"","meta":{"_acf_changed":false},"product_brand":[],"product_cat":[574],"product_tag":[],"class_list":{"0":"post-5181","1":"product","2":"type-product","3":"status-publish","4":"has-post-thumbnail","6":"product_cat-massage","8":"first","9":"instock","10":"shipping-taxable","11":"purchasable","12":"product-type-variable"},"acf":[],"_links":{"self":[{"href":"https:\/\/zenavietnam.com\/en\/wp-json\/wp\/v2\/product\/5181","targetHints":{"allow":["GET"]}}],"collection":[{"href":"https:\/\/zenavietnam.com\/en\/wp-json\/wp\/v2\/product"}],"about":[{"href":"https:\/\/zenavietnam.com\/en\/wp-json\/wp\/v2\/types\/product"}],"replies":[{"embeddable":true,"href":"https:\/\/zenavietnam.com\/en\/wp-json\/wp\/v2\/comments?post=5181"}],"wp:featuredmedia":[{"embeddable":true,"href":"https:\/\/zenavietnam.com\/en\/wp-json\/wp\/v2\/media\/5185"}],"wp:attachment":[{"href":"https:\/\/zenavietnam.com\/en\/wp-json\/wp\/v2\/media?parent=5181"}],"wp:term":[{"taxonomy":"product_brand","embeddable":true,"href":"https:\/\/zenavietnam.com\/en\/wp-json\/wp\/v2\/product_brand?post=5181"},{"taxonomy":"product_cat","embeddable":true,"href":"https:\/\/zenavietnam.com\/en\/wp-json\/wp\/v2\/product_cat?post=5181"},{"taxonomy":"product_tag","embeddable":true,"href":"https:\/\/zenavietnam.com\/en\/wp-json\/wp\/v2\/product_tag?post=5181"}],"curies":[{"name":"wp","href":"https:\/\/api.w.org\/{rel}","templated":true}]}}