{"id":5205,"date":"2026-04-13T01:39:24","date_gmt":"2026-04-13T01:39:24","guid":{"rendered":"https:\/\/zenavietnam.com\/?post_type=product&#038;p=5205"},"modified":"2026-04-18T02:40:41","modified_gmt":"2026-04-18T02:40:41","slug":"ngoc-tram","status":"publish","type":"product","link":"https:\/\/zenavietnam.com\/en\/massage-tai-nha\/ngoc-tram\/","title":{"rendered":"Ng\u1ecdc Tr\u00e2m"},"content":{"rendered":"","protected":false},"excerpt":{"rendered":"<p>Massge c\u1ed5 vai g\u00e1y<\/p>\n<p>Massge Ch\u00e2n<\/p>\n<p>Masage Amora<\/p>\n<p>Massge d\u1ea7u C\u1ea1o gi\u00f3<\/p>\n<p>Gi\u00e1c h\u01a1i<\/p>\n<p>Chuy\u00ean tr\u1ecb li\u1ec7u cho c\u00e1c b\u1ea1n c\u1ea7n ph\u1ee5c h\u1ed3i s\u1ee9c kh\u1ecfe sau tai n\u1ea1n v\u00e0 ch\u1ea5n th\u01b0\u01a1ng do v\u1eadn \u0111\u1ed9ng th\u1ec3 thao. Ch\u0103m s\u00f3c tr\u1ecb li\u1ec7u cho c\u00e1c \u00d4ng c\u00e1c B\u00e0 l\u1edbn tu\u1ed5i \u0111au nh\u1ee9c c\u01a1 xuong kh\u1edbp Ph\u01b0\u01a1ng ch\u0103m l\u00e0m vi\u1ec7c t\u1eadn t\u00ecnh h\u1ebft l\u00f2ng v\u00ec c\u00f4ng vi\u1ec7c<\/p>","protected":false},"featured_media":5208,"comment_status":"open","ping_status":"closed","template":"","meta":{"_acf_changed":false},"product_brand":[],"product_cat":[574],"product_tag":[],"class_list":{"0":"post-5205","1":"product","2":"type-product","3":"status-publish","4":"has-post-thumbnail","6":"product_cat-massage","8":"first","9":"instock","10":"shipping-taxable","11":"purchasable","12":"product-type-variable"},"acf":[],"_links":{"self":[{"href":"https:\/\/zenavietnam.com\/en\/wp-json\/wp\/v2\/product\/5205","targetHints":{"allow":["GET"]}}],"collection":[{"href":"https:\/\/zenavietnam.com\/en\/wp-json\/wp\/v2\/product"}],"about":[{"href":"https:\/\/zenavietnam.com\/en\/wp-json\/wp\/v2\/types\/product"}],"replies":[{"embeddable":true,"href":"https:\/\/zenavietnam.com\/en\/wp-json\/wp\/v2\/comments?post=5205"}],"wp:featuredmedia":[{"embeddable":true,"href":"https:\/\/zenavietnam.com\/en\/wp-json\/wp\/v2\/media\/5208"}],"wp:attachment":[{"href":"https:\/\/zenavietnam.com\/en\/wp-json\/wp\/v2\/media?parent=5205"}],"wp:term":[{"taxonomy":"product_brand","embeddable":true,"href":"https:\/\/zenavietnam.com\/en\/wp-json\/wp\/v2\/product_brand?post=5205"},{"taxonomy":"product_cat","embeddable":true,"href":"https:\/\/zenavietnam.com\/en\/wp-json\/wp\/v2\/product_cat?post=5205"},{"taxonomy":"product_tag","embeddable":true,"href":"https:\/\/zenavietnam.com\/en\/wp-json\/wp\/v2\/product_tag?post=5205"}],"curies":[{"name":"wp","href":"https:\/\/api.w.org\/{rel}","templated":true}]}}