{"id":5214,"date":"2026-04-13T01:43:20","date_gmt":"2026-04-13T01:43:20","guid":{"rendered":"https:\/\/zenavietnam.com\/?post_type=product&#038;p=5214"},"modified":"2026-04-14T03:37:57","modified_gmt":"2026-04-14T03:37:57","slug":"tra-thanh","status":"publish","type":"product","link":"https:\/\/zenavietnam.com\/en\/massage-tai-nha\/tra-thanh\/","title":{"rendered":"Tr\u00e0 Thanh"},"content":{"rendered":"","protected":false},"excerpt":{"rendered":"<p>e \u0111\u00e3 c\u00f3 kinh nghi\u1ec7m massge 2 n\u0103m e ph\u1ee5c v\u1ee5 nhi\u1ec7t t\u00ecnh th\u00e2n thi\u1ec7n tay ngh\u1ec1 cao \u0111\u01b0\u1ee3c \u0111\u00e0o t\u1ea1o b\u00e0i b\u1ea3n \u0111\u1ea3m b\u1ea3o h\u00e0i l\u00f2ng c\u00e1c anh ch\u1ecb<\/p>","protected":false},"featured_media":5216,"comment_status":"open","ping_status":"closed","template":"","meta":{"_acf_changed":false},"product_brand":[],"product_cat":[574],"product_tag":[],"class_list":{"0":"post-5214","1":"product","2":"type-product","3":"status-publish","4":"has-post-thumbnail","6":"product_cat-massage","8":"first","9":"instock","10":"shipping-taxable","11":"purchasable","12":"product-type-variable"},"acf":[],"_links":{"self":[{"href":"https:\/\/zenavietnam.com\/en\/wp-json\/wp\/v2\/product\/5214","targetHints":{"allow":["GET"]}}],"collection":[{"href":"https:\/\/zenavietnam.com\/en\/wp-json\/wp\/v2\/product"}],"about":[{"href":"https:\/\/zenavietnam.com\/en\/wp-json\/wp\/v2\/types\/product"}],"replies":[{"embeddable":true,"href":"https:\/\/zenavietnam.com\/en\/wp-json\/wp\/v2\/comments?post=5214"}],"wp:featuredmedia":[{"embeddable":true,"href":"https:\/\/zenavietnam.com\/en\/wp-json\/wp\/v2\/media\/5216"}],"wp:attachment":[{"href":"https:\/\/zenavietnam.com\/en\/wp-json\/wp\/v2\/media?parent=5214"}],"wp:term":[{"taxonomy":"product_brand","embeddable":true,"href":"https:\/\/zenavietnam.com\/en\/wp-json\/wp\/v2\/product_brand?post=5214"},{"taxonomy":"product_cat","embeddable":true,"href":"https:\/\/zenavietnam.com\/en\/wp-json\/wp\/v2\/product_cat?post=5214"},{"taxonomy":"product_tag","embeddable":true,"href":"https:\/\/zenavietnam.com\/en\/wp-json\/wp\/v2\/product_tag?post=5214"}],"curies":[{"name":"wp","href":"https:\/\/api.w.org\/{rel}","templated":true}]}}