{"id":5276,"date":"2026-04-13T07:02:35","date_gmt":"2026-04-13T07:02:35","guid":{"rendered":"https:\/\/zenavietnam.com\/?post_type=product&#038;p=5276"},"modified":"2026-04-18T04:32:46","modified_gmt":"2026-04-18T04:32:46","slug":"tay","status":"publish","type":"product","link":"https:\/\/zenavietnam.com\/en\/massage-tai-nha\/tay\/","title":{"rendered":"T\u00e2y Thi"},"content":{"rendered":"","protected":false},"excerpt":{"rendered":"<p>10n\u0103m kinh nghi\u1ec7m l\u00e0m trong l\u1eefnh v\u1ef1c spa,vui v\u1ebb nhi\u1ec7t t\u00ecnh,ch\u1ec9 nh\u1eadn l\u00e0m kho\u1ebb kh\u00f4ng k\u00e8m th\u00eam d\u1ecbch v\u1ee5 mong qu\u00fd kh\u00e1ch th\u00f4ng c\u1ea3m em c\u1ea3m \u01a1n.\ud83d\ude0a<\/p>","protected":false},"featured_media":5281,"comment_status":"open","ping_status":"closed","template":"","meta":{"_acf_changed":false},"product_brand":[],"product_cat":[574],"product_tag":[],"class_list":{"0":"post-5276","1":"product","2":"type-product","3":"status-publish","4":"has-post-thumbnail","6":"product_cat-massage","8":"first","9":"instock","10":"shipping-taxable","11":"purchasable","12":"product-type-variable"},"acf":[],"_links":{"self":[{"href":"https:\/\/zenavietnam.com\/en\/wp-json\/wp\/v2\/product\/5276","targetHints":{"allow":["GET"]}}],"collection":[{"href":"https:\/\/zenavietnam.com\/en\/wp-json\/wp\/v2\/product"}],"about":[{"href":"https:\/\/zenavietnam.com\/en\/wp-json\/wp\/v2\/types\/product"}],"replies":[{"embeddable":true,"href":"https:\/\/zenavietnam.com\/en\/wp-json\/wp\/v2\/comments?post=5276"}],"wp:featuredmedia":[{"embeddable":true,"href":"https:\/\/zenavietnam.com\/en\/wp-json\/wp\/v2\/media\/5281"}],"wp:attachment":[{"href":"https:\/\/zenavietnam.com\/en\/wp-json\/wp\/v2\/media?parent=5276"}],"wp:term":[{"taxonomy":"product_brand","embeddable":true,"href":"https:\/\/zenavietnam.com\/en\/wp-json\/wp\/v2\/product_brand?post=5276"},{"taxonomy":"product_cat","embeddable":true,"href":"https:\/\/zenavietnam.com\/en\/wp-json\/wp\/v2\/product_cat?post=5276"},{"taxonomy":"product_tag","embeddable":true,"href":"https:\/\/zenavietnam.com\/en\/wp-json\/wp\/v2\/product_tag?post=5276"}],"curies":[{"name":"wp","href":"https:\/\/api.w.org\/{rel}","templated":true}]}}