{"id":5389,"date":"2026-04-15T06:10:57","date_gmt":"2026-04-15T06:10:57","guid":{"rendered":"https:\/\/zenavietnam.com\/?post_type=product&#038;p=5389"},"modified":"2026-04-18T01:41:42","modified_gmt":"2026-04-18T01:41:42","slug":"linh-han","status":"publish","type":"product","link":"https:\/\/zenavietnam.com\/en\/massage-tai-nha\/linh-han\/","title":{"rendered":"Linh Han"},"content":{"rendered":"","protected":false},"excerpt":{"rendered":"<p>\uc548\ub155\ud558\uc138\uc694 \uace0\uac1d\ub2d8!!! \uc800\ub294 \ub9c8\uc0ac\uc9c0, \uc774\uc644 \uc694\ubc95(\ubab8, \ubaa9, \uc5b4\uae68 \ubc0f \uc5bc\uad74 \uad00\ub9ac, \uc18d\ub208\uc379 \uc5f0\uc7a5, \ubbf8\uc6a9 \ubb38\uc2e0 \ubd84\uc57c\uc5d0\uc11c \uacbd\ud5d8\uc744 \uac00\uc9c0\uace0 \uc788\uc2b5\ub2c8\ub2e4..! \uc800\ub294 \ub9e4\uc6b0 \uc5f4\uc815\uc801\uc73c\ub85c, \uc0ac\uad50\uc801\uc73c\ub85c, \ud589\ubcf5\ud558\uac8c \uc77c\ud569\ub2c8\ub2e4. \u263a\ufe0f. \uc0ac\ub791\ud558\ub294 \uc0ac\ub78c\uc5d0\uac8c \ubd09\uc0ac\ud558\uae30\ub97c \uae30\ub300\ud569\ub2c8\ub2e4. \uace0\uac1d\ub2d8\ub4e4 \uac74\uac15\uc744 \ucc59\uae30\uc138\uc694\ud83e\udd70\ud83e\udd70\ud83e\udd70 Xa Hello dear customers..! I have of experience in the field of relaxing massage therapy (body, neck, shoulder) facial care, eyelash extensions.. I work very enthusiastically, sociably and happily. I am very pleased to serve you. Customers take good care of their health Xin ch\u00e0o qu\u00fd kh\u00e1ch h\u00e0ng c\u1ee7a em \u1ea1 Em \u1edf c\u1ea7u gi\u1ea5y h\u00e0 n\u1ed9i Em l\u00e0m vi\u1ec7c r\u1ea5t Nhi\u1ec7t t\u00ecnh &#8211; ho\u00e0 \u0111\u1ed3ng &#8211; vui v\u1ebb Em r\u1ea5t hay c\u01b0\u1eddi n\u1eefa \ud83d\ude06<\/p>","protected":false},"featured_media":5393,"comment_status":"open","ping_status":"closed","template":"","meta":{"_acf_changed":false},"product_brand":[],"product_cat":[574],"product_tag":[],"class_list":{"0":"post-5389","1":"product","2":"type-product","3":"status-publish","4":"has-post-thumbnail","6":"product_cat-massage","8":"first","9":"instock","10":"shipping-taxable","11":"purchasable","12":"product-type-variable"},"acf":[],"_links":{"self":[{"href":"https:\/\/zenavietnam.com\/en\/wp-json\/wp\/v2\/product\/5389","targetHints":{"allow":["GET"]}}],"collection":[{"href":"https:\/\/zenavietnam.com\/en\/wp-json\/wp\/v2\/product"}],"about":[{"href":"https:\/\/zenavietnam.com\/en\/wp-json\/wp\/v2\/types\/product"}],"replies":[{"embeddable":true,"href":"https:\/\/zenavietnam.com\/en\/wp-json\/wp\/v2\/comments?post=5389"}],"wp:featuredmedia":[{"embeddable":true,"href":"https:\/\/zenavietnam.com\/en\/wp-json\/wp\/v2\/media\/5393"}],"wp:attachment":[{"href":"https:\/\/zenavietnam.com\/en\/wp-json\/wp\/v2\/media?parent=5389"}],"wp:term":[{"taxonomy":"product_brand","embeddable":true,"href":"https:\/\/zenavietnam.com\/en\/wp-json\/wp\/v2\/product_brand?post=5389"},{"taxonomy":"product_cat","embeddable":true,"href":"https:\/\/zenavietnam.com\/en\/wp-json\/wp\/v2\/product_cat?post=5389"},{"taxonomy":"product_tag","embeddable":true,"href":"https:\/\/zenavietnam.com\/en\/wp-json\/wp\/v2\/product_tag?post=5389"}],"curies":[{"name":"wp","href":"https:\/\/api.w.org\/{rel}","templated":true}]}}