{"id":5443,"date":"2026-04-15T07:43:16","date_gmt":"2026-04-15T07:43:16","guid":{"rendered":"https:\/\/zenavietnam.com\/?post_type=product&#038;p=5443"},"modified":"2026-04-18T03:32:27","modified_gmt":"2026-04-18T03:32:27","slug":"nguyet-mai","status":"publish","type":"product","link":"https:\/\/zenavietnam.com\/en\/massage-tai-nha\/nguyet-mai\/","title":{"rendered":"Nguy\u1ec7t Mai"},"content":{"rendered":"","protected":false},"excerpt":{"rendered":"<div class=\"sc-cZYOMl dKgeCN\">Ch\u00e0o anh\/ch\u1ecb, em \u0111\u00e3 c\u00f3 3 n\u0103m kinh nghi\u1ec7m l\u00e0m vi\u1ec7c, lu\u00f4n gi\u1eef tinh th\u1ea7n nhi\u1ec7t t\u00ecnh, vui v\u1ebb, h\u00f2a \u0111\u1ed3ng v\u00e0 tr\u00e1ch nhi\u1ec7m trong c\u00f4ng vi\u1ec7c.<\/div>","protected":false},"featured_media":5444,"comment_status":"open","ping_status":"closed","template":"","meta":{"_acf_changed":false},"product_brand":[],"product_cat":[574],"product_tag":[],"class_list":{"0":"post-5443","1":"product","2":"type-product","3":"status-publish","4":"has-post-thumbnail","6":"product_cat-massage","8":"first","9":"instock","10":"shipping-taxable","11":"purchasable","12":"product-type-variable"},"acf":[],"_links":{"self":[{"href":"https:\/\/zenavietnam.com\/en\/wp-json\/wp\/v2\/product\/5443","targetHints":{"allow":["GET"]}}],"collection":[{"href":"https:\/\/zenavietnam.com\/en\/wp-json\/wp\/v2\/product"}],"about":[{"href":"https:\/\/zenavietnam.com\/en\/wp-json\/wp\/v2\/types\/product"}],"replies":[{"embeddable":true,"href":"https:\/\/zenavietnam.com\/en\/wp-json\/wp\/v2\/comments?post=5443"}],"wp:featuredmedia":[{"embeddable":true,"href":"https:\/\/zenavietnam.com\/en\/wp-json\/wp\/v2\/media\/5444"}],"wp:attachment":[{"href":"https:\/\/zenavietnam.com\/en\/wp-json\/wp\/v2\/media?parent=5443"}],"wp:term":[{"taxonomy":"product_brand","embeddable":true,"href":"https:\/\/zenavietnam.com\/en\/wp-json\/wp\/v2\/product_brand?post=5443"},{"taxonomy":"product_cat","embeddable":true,"href":"https:\/\/zenavietnam.com\/en\/wp-json\/wp\/v2\/product_cat?post=5443"},{"taxonomy":"product_tag","embeddable":true,"href":"https:\/\/zenavietnam.com\/en\/wp-json\/wp\/v2\/product_tag?post=5443"}],"curies":[{"name":"wp","href":"https:\/\/api.w.org\/{rel}","templated":true}]}}