{"id":5952,"date":"2026-04-25T01:31:54","date_gmt":"2026-04-25T01:31:54","guid":{"rendered":"https:\/\/zenavietnam.com\/?post_type=product&#038;p=5952"},"modified":"2026-05-05T03:52:06","modified_gmt":"2026-05-05T03:52:06","slug":"%e2%98%98%ef%b8%8fmina-%f0%9f%92%95","status":"publish","type":"product","link":"https:\/\/zenavietnam.com\/en\/massage-tai-nha\/%e2%98%98%ef%b8%8fmina-%f0%9f%92%95\/","title":{"rendered":"\u2618\ufe0fMina \ud83d\udc95"},"content":{"rendered":"","protected":false},"excerpt":{"rendered":"<p>Mu\u1ed1n ph\u1ee5c v\u1ee5 v\u00e0 l\u00e0m cho kh\u00e1ch b\u1eb1ng c\u00e1ch t\u1ed1t nh\u1ea5t. S\u1ee9c kh\u1ecfe c\u1ee7a m\u1ecdi ng\u01b0\u1eddi l\u00e0 ni\u1ec1m vui c\u1ee7a em \ud83e\udd70 Vui l\u00f2ng kh\u00e1ch \u0111\u1ebfn v\u1eeba l\u00f2ng kh\u00e1ch \u0111i \u1ea1 n\u1ebfu kh\u00e1ch book em \u1edf xa vui l\u00f2ng h\u1ed7 tr\u1ee3 em th\u00eam ti\u1ec1n xe \u1ea1 \ud83c\udf40\ud83d\udc95<\/p>\n<p>\uc548\ub155\ud558\uc138\uc694 \ub2f9\uc2e0\uc758 \uac74\uac15\uc740 \ub098\uc758 \uae30\uc068\uc785\ub2c8\ub2e4 \uac74\uac15\uc744 \uc704\ud574 \ub098\uc5d0\uac8c \uc624\uc138\uc694\ud83d\udc96<\/p>\n<p>My name is Linh, I have two years of working experience. Come to me for good health. After tiring working days, your health is my joy \ud83e\udd70 If the guest is from a distant location, please kindly help cover the travel expenses.\u2665\ufe0f<\/p>","protected":false},"featured_media":6375,"comment_status":"closed","ping_status":"closed","template":"","meta":{"_acf_changed":false},"product_brand":[],"product_cat":[574],"product_tag":[],"class_list":{"0":"post-5952","1":"product","2":"type-product","3":"status-publish","4":"has-post-thumbnail","6":"product_cat-massage","8":"first","9":"instock","10":"shipping-taxable","11":"purchasable","12":"product-type-variable"},"acf":[],"_links":{"self":[{"href":"https:\/\/zenavietnam.com\/en\/wp-json\/wp\/v2\/product\/5952","targetHints":{"allow":["GET"]}}],"collection":[{"href":"https:\/\/zenavietnam.com\/en\/wp-json\/wp\/v2\/product"}],"about":[{"href":"https:\/\/zenavietnam.com\/en\/wp-json\/wp\/v2\/types\/product"}],"replies":[{"embeddable":true,"href":"https:\/\/zenavietnam.com\/en\/wp-json\/wp\/v2\/comments?post=5952"}],"wp:featuredmedia":[{"embeddable":true,"href":"https:\/\/zenavietnam.com\/en\/wp-json\/wp\/v2\/media\/6375"}],"wp:attachment":[{"href":"https:\/\/zenavietnam.com\/en\/wp-json\/wp\/v2\/media?parent=5952"}],"wp:term":[{"taxonomy":"product_brand","embeddable":true,"href":"https:\/\/zenavietnam.com\/en\/wp-json\/wp\/v2\/product_brand?post=5952"},{"taxonomy":"product_cat","embeddable":true,"href":"https:\/\/zenavietnam.com\/en\/wp-json\/wp\/v2\/product_cat?post=5952"},{"taxonomy":"product_tag","embeddable":true,"href":"https:\/\/zenavietnam.com\/en\/wp-json\/wp\/v2\/product_tag?post=5952"}],"curies":[{"name":"wp","href":"https:\/\/api.w.org\/{rel}","templated":true}]}}