{"id":5958,"date":"2026-04-25T02:16:06","date_gmt":"2026-04-25T02:16:06","guid":{"rendered":"https:\/\/zenavietnam.com\/?post_type=product&#038;p=5958"},"modified":"2026-05-05T02:44:04","modified_gmt":"2026-05-05T02:44:04","slug":"jessie","status":"publish","type":"product","link":"https:\/\/zenavietnam.com\/en\/massage-tai-nha\/jessie\/","title":{"rendered":"Jessie"},"content":{"rendered":"","protected":false},"excerpt":{"rendered":"<p>C\u00f3 b\u1eb1ng ch\u1ee9ng nh\u1eadn gi\u1ea3i v\u00f4 \u0111\u1ecbch massage Thai champions ship Thai professional stretching massage Thai aroma oil essentials massage Pa kaw ma ( k\u1ef9 thu\u1eadt c\u0103ng c\u01a1 b\u1eb1ng v\u1ea3i) cho n\u1eef TL b\u1ea5m huy\u1ec7t YHCT chuy\u00ean c\u1ed5 vai g\u00e1y Kinh nghi\u1ec7m tr\u00ean 4 n\u0103m leader \/ founder spa Ch\u1ec9 nh\u1eadn kh\u00e1ch c\u00f3 nhu c\u1ea7u tr\u1ecb li\u1ec7u l\u00e0nh m\u1ea1nh, ktv c\u00f3 quy\u1ec1n t\u1eeb ch\u1ed1i khi kh\u00e1ch c\u00f3 h\u00e0nh vi khi\u1ebfm nh\u00e3 v\u00e0 say r\u01b0\u1ee3u \ud83d\udc99<\/p>","protected":false},"featured_media":6342,"comment_status":"closed","ping_status":"closed","template":"","meta":{"_acf_changed":false},"product_brand":[],"product_cat":[574],"product_tag":[],"class_list":{"0":"post-5958","1":"product","2":"type-product","3":"status-publish","4":"has-post-thumbnail","6":"product_cat-massage","8":"first","9":"instock","10":"shipping-taxable","11":"purchasable","12":"product-type-variable"},"acf":[],"_links":{"self":[{"href":"https:\/\/zenavietnam.com\/en\/wp-json\/wp\/v2\/product\/5958","targetHints":{"allow":["GET"]}}],"collection":[{"href":"https:\/\/zenavietnam.com\/en\/wp-json\/wp\/v2\/product"}],"about":[{"href":"https:\/\/zenavietnam.com\/en\/wp-json\/wp\/v2\/types\/product"}],"replies":[{"embeddable":true,"href":"https:\/\/zenavietnam.com\/en\/wp-json\/wp\/v2\/comments?post=5958"}],"wp:featuredmedia":[{"embeddable":true,"href":"https:\/\/zenavietnam.com\/en\/wp-json\/wp\/v2\/media\/6342"}],"wp:attachment":[{"href":"https:\/\/zenavietnam.com\/en\/wp-json\/wp\/v2\/media?parent=5958"}],"wp:term":[{"taxonomy":"product_brand","embeddable":true,"href":"https:\/\/zenavietnam.com\/en\/wp-json\/wp\/v2\/product_brand?post=5958"},{"taxonomy":"product_cat","embeddable":true,"href":"https:\/\/zenavietnam.com\/en\/wp-json\/wp\/v2\/product_cat?post=5958"},{"taxonomy":"product_tag","embeddable":true,"href":"https:\/\/zenavietnam.com\/en\/wp-json\/wp\/v2\/product_tag?post=5958"}],"curies":[{"name":"wp","href":"https:\/\/api.w.org\/{rel}","templated":true}]}}